{"id":2697,"date":"2025-11-21T09:20:53","date_gmt":"2025-11-21T08:20:53","guid":{"rendered":"http:\/\/presentes.imaisd.es\/login\/"},"modified":"2026-04-08T08:38:09","modified_gmt":"2026-04-08T06:38:09","slug":"login","status":"publish","type":"page","link":"http:\/\/presentes.imaisd.es\/es\/login\/","title":{"rendered":"Login"},"content":{"rendered":"\t\t<div data-elementor-type=\"wp-page\" data-elementor-id=\"2697\" class=\"elementor elementor-2697 elementor-18\" data-elementor-post-type=\"page\">\n\t\t\t\t<div class=\"elementor-element elementor-element-72f8821 e-con-full body-azul e-flex e-con e-parent\" data-id=\"72f8821\" data-element_type=\"container\" data-e-type=\"container\" data-settings=\"{&quot;background_background&quot;:&quot;classic&quot;}\">\n\t\t\t\t<div class=\"elementor-element elementor-element-a57c300 elementor-widget__width-initial elementor-widget elementor-widget-heading\" data-id=\"a57c300\" data-element_type=\"widget\" data-e-type=\"widget\" data-widget_type=\"heading.default\">\n\t\t\t\t\t<h1 class=\"elementor-heading-title elementor-size-default\">Benvid\u00edsima a Presentes!<\/h1>\t\t\t\t<\/div>\n\t\t\t\t<div class=\"elementor-element elementor-element-61703b6 elementor-widget__width-initial elementor-widget elementor-widget-text-editor\" data-id=\"61703b6\" data-element_type=\"widget\" data-e-type=\"widget\" data-widget_type=\"text-editor.default\">\n\t\t\t\t\t\t\t\t\t<p>Qu\u00e9 suerte poder contar contigo para hacer m\u00e1s grande esta causa y aportar juntas a la igualdad. Aqu\u00ed encontrar\u00e1s un formulario para comenzar el proceso de alta.<\/p>\t\t\t\t\t\t\t\t<\/div>\n\t\t\t\t<\/div>\n\t\t<div class=\"elementor-element elementor-element-8024305 e-con-full e-flex e-con e-parent\" data-id=\"8024305\" data-element_type=\"container\" data-e-type=\"container\" data-settings=\"{&quot;background_background&quot;:&quot;classic&quot;}\">\n\t\t<div class=\"elementor-element elementor-element-00962de e-con-full e-flex e-con e-child\" data-id=\"00962de\" data-element_type=\"container\" data-e-type=\"container\">\n\t\t\t\t<div class=\"elementor-element elementor-element-6d4a2fd elementor-widget__width-initial elementor-widget elementor-widget-heading\" data-id=\"6d4a2fd\" data-element_type=\"widget\" data-e-type=\"widget\" data-widget_type=\"heading.default\">\n\t\t\t\t\t<h2 class=\"elementor-heading-title elementor-size-default\">Accede a tu \u00e1rea personal<\/h2>\t\t\t\t<\/div>\n\t\t\t\t<\/div>\n\t\t<div class=\"elementor-element elementor-element-0c81c8c e-con-full e-flex e-con e-child\" data-id=\"0c81c8c\" data-element_type=\"container\" data-e-type=\"container\">\n\t\t\t\t<div class=\"elementor-element elementor-element-5f7d1305 elementor-widget elementor-widget-shortcode\" data-id=\"5f7d1305\" data-element_type=\"widget\" data-e-type=\"widget\" data-widget_type=\"shortcode.default\">\n\t\t\t\t\t\t\t<div class=\"elementor-shortcode\">\n<div class=\"um um-login um-2699\">\n\t<div class=\"um-form\">\n\t\t<form method=\"post\" action=\"\" autocomplete=\"off\">\n\t\t\t<div class=\"um-row _um_row_1 \" style=\"margin: 0 0 30px 0;\"><div class=\"um-col-1\"><div  id=\"um_field_2699_username\" class=\"um-field um-field-text  um-field-username um-field-text um-field-type_text\" data-key=\"username\"><div class=\"um-field-area\"><input  autocomplete=\"off\" class=\"um-form-field valid \" type=\"text\" name=\"username-2699\" id=\"username-2699\" value=\"\" placeholder=\"Correo electr\u00f3nico*\" data-validate=\"\" data-key=\"username\"  aria-invalid=\"false\" \/>\n\n\t\t\t\t\t\t<\/div><\/div><div  id=\"um_field_2699_user_password\" class=\"um-field um-field-password  um-field-user_password um-field-password um-field-type_password\" data-key=\"user_password\"><div class=\"um-field-area\"><input class=\"um-form-field valid \" type=\"password\" name=\"user_password-2699\" id=\"user_password-2699\" value=\"\" placeholder=\"Contrase\u00f1a*\" data-validate=\"\" data-key=\"user_password\"  aria-invalid=\"false\" \/>\n\n\t\t\t\t\t\t\t<\/div><\/div><\/div><\/div>\t<input type=\"hidden\" name=\"form_id\" id=\"form_id_2699\" value=\"2699\" \/>\n\t\t<p class=\"um_request_name\">\n\t\t<label for=\"um_request_2699\">Only fill in if you are not human<\/label>\n\t\t<input type=\"hidden\" name=\"um_request\" id=\"um_request_2699\" class=\"input\" value=\"\" size=\"25\" autocomplete=\"off\" \/>\n\t<\/p>\n\t    <div class=\"um-login-extra-links\">\n\n                    <div class=\"um-login-register-link\">\n                <p> \u00bfA\u00fan no tienes una cuenta?                    <a class=\"um-register-link\" href=\"http:\/\/presentes.imaisd.es\/es\/alta-profesional\/\">\n                        Reg\u00edstrate                    <\/a>\n                <\/p>\n            <\/div>\n        \n                    <div class=\"um-login-password-link\">\n                <p><a class=\"um-password-link\" href=\"http:\/\/presentes.imaisd.es\/es\/password-reset\/\">\n                    \u00bfHas olvidado tu contrase\u00f1a?                <\/a><\/p>\n            <\/div>\n        \n    <\/div>\n    <input type=\"hidden\" id=\"_wpnonce\" name=\"_wpnonce\" value=\"4cc26bd0d5\" \/><input type=\"hidden\" name=\"_wp_http_referer\" value=\"\/es\/wp-json\/wp\/v2\/pages\/2697\" \/>\n\t<div class=\"um-col-alt\">\n\n\t\t\n\t\t\t<div class=\"um-center\">\n\t\t\t\t<input type=\"submit\" value=\"Acceder\" class=\"um-button\" id=\"um-submit-btn\" \/>\n\t\t\t<\/div>\n\n\t\t\n\t\t<div class=\"um-clear\"><\/div>\n\n\t<\/div>\n\n\t\t\t<\/form>\n\t<\/div>\n<\/div>\n<style>\n\t\t\t.um-2699.um {\n\t\t\tmax-width: 100%;\n\t\t}\n\t\t\t\t.um-2699.um {\n\t\t\tmargin-left: 0px !important;\n\t\t}\n\t<\/style>\n<\/div>\n\t\t\t\t\t\t<\/div>\n\t\t\t\t<\/div>\n\t\t\t\t<\/div>\n\t\t\t\t<\/div>\n\t\t","protected":false},"excerpt":{"rendered":"<p>Benvid\u00edsima a Presentes! Qu\u00e9 suerte poder contar contigo para hacer m\u00e1s grande esta causa y aportar juntas a la igualdad. Aqu\u00ed encontrar\u00e1s un formulario para comenzar el proceso de alta. Accede a tu \u00e1rea personal<\/p>\n","protected":false},"author":1,"featured_media":2551,"parent":0,"menu_order":0,"comment_status":"closed","ping_status":"closed","template":"","meta":{"footnotes":""},"class_list":["post-2697","page","type-page","status-publish","has-post-thumbnail","hentry"],"_links":{"self":[{"href":"http:\/\/presentes.imaisd.es\/es\/wp-json\/wp\/v2\/pages\/2697","targetHints":{"allow":["GET"]}}],"collection":[{"href":"http:\/\/presentes.imaisd.es\/es\/wp-json\/wp\/v2\/pages"}],"about":[{"href":"http:\/\/presentes.imaisd.es\/es\/wp-json\/wp\/v2\/types\/page"}],"author":[{"embeddable":true,"href":"http:\/\/presentes.imaisd.es\/es\/wp-json\/wp\/v2\/users\/1"}],"replies":[{"embeddable":true,"href":"http:\/\/presentes.imaisd.es\/es\/wp-json\/wp\/v2\/comments?post=2697"}],"version-history":[{"count":9,"href":"http:\/\/presentes.imaisd.es\/es\/wp-json\/wp\/v2\/pages\/2697\/revisions"}],"predecessor-version":[{"id":2787,"href":"http:\/\/presentes.imaisd.es\/es\/wp-json\/wp\/v2\/pages\/2697\/revisions\/2787"}],"wp:featuredmedia":[{"embeddable":true,"href":"http:\/\/presentes.imaisd.es\/es\/wp-json\/wp\/v2\/media\/2551"}],"wp:attachment":[{"href":"http:\/\/presentes.imaisd.es\/es\/wp-json\/wp\/v2\/media?parent=2697"}],"curies":[{"name":"wp","href":"https:\/\/api.w.org\/{rel}","templated":true}]}}