{"id":2689,"date":"2026-02-12T12:32:40","date_gmt":"2026-02-12T11:32:40","guid":{"rendered":"http:\/\/presentes.imaisd.es\/canle-de-denuncias\/"},"modified":"2026-04-08T08:57:42","modified_gmt":"2026-04-08T06:57:42","slug":"canle-de-denuncias","status":"publish","type":"page","link":"http:\/\/presentes.imaisd.es\/es\/canle-de-denuncias\/","title":{"rendered":"Canal de denuncias"},"content":{"rendered":"\t\t<div data-elementor-type=\"wp-page\" data-elementor-id=\"2689\" class=\"elementor elementor-2689 elementor-891\" data-elementor-post-type=\"page\">\n\t\t\t\t<div class=\"elementor-element elementor-element-953ed5f e-con-full body-azul e-flex e-con e-parent\" data-id=\"953ed5f\" data-element_type=\"container\" data-e-type=\"container\" data-settings=\"{&quot;background_background&quot;:&quot;classic&quot;}\">\n\t\t\t\t<div class=\"elementor-element elementor-element-280b47d elementor-widget__width-inherit elementor-widget elementor-widget-heading\" data-id=\"280b47d\" data-element_type=\"widget\" data-e-type=\"widget\" data-widget_type=\"heading.default\">\n\t\t\t\t\t<h1 class=\"elementor-heading-title elementor-size-default\">Canal de<\/br>denuncias<\/h1>\t\t\t\t<\/div>\n\t\t\t\t<div class=\"elementor-element elementor-element-1df70fc elementor-widget__width-initial elementor-widget elementor-widget-text-editor\" data-id=\"1df70fc\" data-element_type=\"widget\" data-e-type=\"widget\" data-widget_type=\"text-editor.default\">\n\t\t\t\t\t\t\t\t\t<p>Disponemos de un canal de denuncias a disposici\u00f3n de todas las partes interesadas para informar sobre comportamientos irregulares dentro de nuestra organizaci\u00f3n.<\/p><p>Este formulario se enviar\u00e1 al equipo t\u00e9cnico de PRESENTES, que tratar\u00e1 tus comentarios con la m\u00e1xima atenci\u00f3n y tus datos con total confidencialidad.<\/p>\t\t\t\t\t\t\t\t<\/div>\n\t\t\t\t<\/div>\n\t\t<div class=\"elementor-element elementor-element-673dee3 e-con-full e-grid e-con e-parent\" data-id=\"673dee3\" data-element_type=\"container\" data-e-type=\"container\" data-settings=\"{&quot;background_background&quot;:&quot;classic&quot;}\">\n\t\t\t\t<div class=\"elementor-element elementor-element-6bc4234 elementor-widget__width-initial elementor-widget elementor-widget-heading\" data-id=\"6bc4234\" data-element_type=\"widget\" data-e-type=\"widget\" data-widget_type=\"heading.default\">\n\t\t\t\t\t<h2 class=\"elementor-heading-title elementor-size-default\">Formulario de denuncia<\/h2>\t\t\t\t<\/div>\n\t\t<div class=\"elementor-element elementor-element-40f3038 e-con-full e-flex e-con e-child\" data-id=\"40f3038\" data-element_type=\"container\" data-e-type=\"container\">\n\t\t\t\t<div class=\"elementor-element elementor-element-71d5dbd elementor-widget__width-inherit elementor-widget elementor-widget-shortcode\" data-id=\"71d5dbd\" data-element_type=\"widget\" data-e-type=\"widget\" id=\"canal-denuncia\" data-widget_type=\"shortcode.default\">\n\t\t\t\t\t\t\t<div class=\"elementor-shortcode\">\n<div class=\"wpcf7 no-js\" id=\"wpcf7-f2781-o1\" lang=\"es-ES\" dir=\"ltr\" data-wpcf7-id=\"2781\">\n<div class=\"screen-reader-response\"><p role=\"status\" aria-live=\"polite\" aria-atomic=\"true\"><\/p> <ul><\/ul><\/div>\n<form action=\"\/es\/wp-json\/wp\/v2\/pages\/2689#wpcf7-f2781-o1\" method=\"post\" class=\"wpcf7-form init\" aria-label=\"Formulario de contacto\" novalidate=\"novalidate\" data-status=\"init\">\n<fieldset class=\"hidden-fields-container\"><input type=\"hidden\" name=\"_wpcf7\" value=\"2781\" \/><input type=\"hidden\" name=\"_wpcf7_version\" value=\"6.1.5\" \/><input type=\"hidden\" name=\"_wpcf7_locale\" value=\"es_ES\" \/><input type=\"hidden\" name=\"_wpcf7_unit_tag\" value=\"wpcf7-f2781-o1\" \/><input type=\"hidden\" name=\"_wpcf7_container_post\" value=\"0\" \/><input type=\"hidden\" name=\"_wpcf7_posted_data_hash\" value=\"\" \/><input type=\"hidden\" name=\"_wpcf7_recaptcha_response\" value=\"\" \/>\n<\/fieldset>\n<p><label class=\"input-form nome\"><br \/>\n<span class=\"wpcf7-form-control-wrap\" data-name=\"nome\"><input size=\"40\" maxlength=\"400\" class=\"wpcf7-form-control wpcf7-text wpcf7-validates-as-required\" aria-required=\"true\" aria-invalid=\"false\" placeholder=\"*Nombre\" value=\"\" type=\"text\" name=\"nome\" \/><\/span><br \/>\n<\/label>\n<\/p>\n<p><label class=\"input-form apelidos\"><br \/>\n<span class=\"wpcf7-form-control-wrap\" data-name=\"apelidos\"><input size=\"40\" maxlength=\"400\" class=\"wpcf7-form-control wpcf7-text wpcf7-validates-as-required\" aria-required=\"true\" aria-invalid=\"false\" placeholder=\"*Apellidos\" value=\"\" type=\"text\" name=\"apelidos\" \/><\/span><br \/>\n<\/label>\n<\/p>\n<p><label class=\"input-form correo\"><br \/>\n<span class=\"wpcf7-form-control-wrap\" data-name=\"correo\"><input size=\"40\" maxlength=\"400\" class=\"wpcf7-form-control wpcf7-email wpcf7-validates-as-required wpcf7-text wpcf7-validates-as-email\" aria-required=\"true\" aria-invalid=\"false\" placeholder=\"*Correo electr\u00f3nico\" value=\"\" type=\"email\" name=\"correo\" \/><\/span><br \/>\n<\/label>\n<\/p>\n<p><label class=\"input-form mensaxe\"><br \/>\n<span class=\"wpcf7-form-control-wrap\" data-name=\"mensaxe\"><textarea cols=\"40\" rows=\"10\" maxlength=\"2000\" class=\"wpcf7-form-control wpcf7-textarea\" aria-invalid=\"false\" placeholder=\"Mensaje\" name=\"mensaxe\"><\/textarea><\/span><br \/>\n<\/label>\n<\/p>\n<p><span class=\"wpcf7-form-control-wrap\" data-name=\"acceptance-legal\"><span class=\"wpcf7-form-control wpcf7-acceptance\"><span class=\"wpcf7-list-item\"><label><input type=\"checkbox\" name=\"acceptance-legal\" value=\"1\" aria-invalid=\"false\" \/><span class=\"wpcf7-list-item-label\">He le\u00eddo y aceptado la <a href=\"\/politica-privacidade\/\" target=\"_blank\" >pol\u00edtica de privacidad<\/a>.<\/span><\/label><\/span><\/span><\/span>\n<\/p>\n<p><input class=\"wpcf7-form-control wpcf7-submit has-spinner\" type=\"submit\" value=\"Enviar\" \/>\n<\/p><div class=\"wpcf7-response-output\" aria-hidden=\"true\"><\/div>\n<\/form>\n<\/div>\n<\/div>\n\t\t\t\t\t\t<\/div>\n\t\t\t\t<\/div>\n\t\t\t\t<\/div>\n\t\t\t\t<\/div>\n\t\t","protected":false},"excerpt":{"rendered":"<p>Canal dedenuncias Disponemos de un canal de denuncias a disposici\u00f3n de todas las partes interesadas para informar sobre comportamientos irregulares dentro de nuestra organizaci\u00f3n. Este formulario se enviar\u00e1 al equipo t\u00e9cnico de PRESENTES, que tratar\u00e1 tus comentarios con la m\u00e1xima atenci\u00f3n y tus datos con total confidencialidad. Formulario de denuncia<\/p>\n","protected":false},"author":3,"featured_media":2551,"parent":0,"menu_order":0,"comment_status":"closed","ping_status":"closed","template":"","meta":{"footnotes":""},"class_list":["post-2689","page","type-page","status-publish","has-post-thumbnail","hentry"],"_links":{"self":[{"href":"http:\/\/presentes.imaisd.es\/es\/wp-json\/wp\/v2\/pages\/2689","targetHints":{"allow":["GET"]}}],"collection":[{"href":"http:\/\/presentes.imaisd.es\/es\/wp-json\/wp\/v2\/pages"}],"about":[{"href":"http:\/\/presentes.imaisd.es\/es\/wp-json\/wp\/v2\/types\/page"}],"author":[{"embeddable":true,"href":"http:\/\/presentes.imaisd.es\/es\/wp-json\/wp\/v2\/users\/3"}],"replies":[{"embeddable":true,"href":"http:\/\/presentes.imaisd.es\/es\/wp-json\/wp\/v2\/comments?post=2689"}],"version-history":[{"count":7,"href":"http:\/\/presentes.imaisd.es\/es\/wp-json\/wp\/v2\/pages\/2689\/revisions"}],"predecessor-version":[{"id":2796,"href":"http:\/\/presentes.imaisd.es\/es\/wp-json\/wp\/v2\/pages\/2689\/revisions\/2796"}],"wp:featuredmedia":[{"embeddable":true,"href":"http:\/\/presentes.imaisd.es\/es\/wp-json\/wp\/v2\/media\/2551"}],"wp:attachment":[{"href":"http:\/\/presentes.imaisd.es\/es\/wp-json\/wp\/v2\/media?parent=2689"}],"curies":[{"name":"wp","href":"https:\/\/api.w.org\/{rel}","templated":true}]}}