{"id":2685,"date":"2025-11-21T08:21:35","date_gmt":"2025-11-21T07:21:35","guid":{"rendered":"http:\/\/presentes.imaisd.es\/politica-privacidade\/"},"modified":"2026-04-07T09:12:52","modified_gmt":"2026-04-07T07:12:52","slug":"politica-privacidade","status":"publish","type":"page","link":"http:\/\/presentes.imaisd.es\/es\/politica-privacidade\/","title":{"rendered":"Pol\u00edtica de privacidad"},"content":{"rendered":"\t\t<div data-elementor-type=\"wp-page\" data-elementor-id=\"2685\" class=\"elementor elementor-2685 elementor-3\" data-elementor-post-type=\"page\">\n\t\t\t\t<div class=\"elementor-element elementor-element-d5b7243 e-con-full body-azul e-flex e-con e-parent\" data-id=\"d5b7243\" data-element_type=\"container\" data-e-type=\"container\" data-settings=\"{&quot;background_background&quot;:&quot;classic&quot;}\">\n\t\t\t\t<div class=\"elementor-element elementor-element-9fe0de7 elementor-widget__width-inherit elementor-widget elementor-widget-heading\" data-id=\"9fe0de7\" data-element_type=\"widget\" data-e-type=\"widget\" data-widget_type=\"heading.default\">\n\t\t\t\t\t<h1 class=\"elementor-heading-title elementor-size-default\">Pol\u00edtica de privacidad<\/h1>\t\t\t\t<\/div>\n\t\t\t\t<\/div>\n\t\t<div class=\"elementor-element elementor-element-f99c22a e-con-full e-flex e-con e-parent\" data-id=\"f99c22a\" data-element_type=\"container\" data-e-type=\"container\" data-settings=\"{&quot;background_background&quot;:&quot;classic&quot;}\">\n\t\t<div class=\"elementor-element elementor-element-806e2f9 e-con-full e-flex e-con e-child\" data-id=\"806e2f9\" data-element_type=\"container\" data-e-type=\"container\" id=\"newsletter\">\n\t\t\t\t<div class=\"elementor-element elementor-element-cf8bf57 elementor-widget elementor-widget-heading\" data-id=\"cf8bf57\" data-element_type=\"widget\" data-e-type=\"widget\" data-widget_type=\"heading.default\">\n\t\t\t\t\t<h2 class=\"elementor-heading-title elementor-size-default\">Informaci\u00f3n de protecci\u00f3n de datos al suscribirse al newsletter<\/h2>\t\t\t\t<\/div>\n\t\t\t\t<div class=\"elementor-element elementor-element-82e9a45 elementor-widget__width-inherit elementor-widget elementor-widget-text-editor\" data-id=\"82e9a45\" data-element_type=\"widget\" data-e-type=\"widget\" data-widget_type=\"text-editor.default\">\n\t\t\t\t\t\t\t\t\t<table><tbody><tr><td><p><b>Campo<\/b><\/p><\/td><td><p><b>Informaci\u00f3n<\/b><\/p><\/td><\/tr><tr><td><p>Responsable del tratamiento<\/p><\/td><td><p>Xunta de Galicia \u2013 Conseller\u00eda de Pol\u00edtica Social e Igualdade.<\/p><\/td><\/tr><tr><td><p>Finalidades del tratamiento<\/p><\/td><td><p>Gestionar tu suscripci\u00f3n al bolet\u00edn de noticias de la plataforma de mujeres profesionales y expertas.<\/p><\/td><\/tr><tr><td><p>Legitimaci\u00f3n para el tratamiento<\/p><\/td><td><p>Cumplimiento de una misi\u00f3n realizada en inter\u00e9s p\u00fablico (Ley 1\/2015, de 1 de abril, de garant\u00eda de la calidad de los servicios p\u00fablicos y de la buena administraci\u00f3n).<\/p><\/td><\/tr><tr><td><p>Destinatarios de los datos<\/p><\/td><td><p>No se prev\u00e9n comunicaciones de datos a terceros.<\/p><\/td><\/tr><tr><td><p>Ejercicio de derechos<\/p><\/td><td><p>Las personas interesadas podr\u00e1n solicitar ante el responsable del tratamiento el acceso, rectificaci\u00f3n, limitaci\u00f3n y supresi\u00f3n de sus datos, as\u00ed como oponerse a su tratamiento, a trav\u00e9s de la sede electr\u00f3nica de la Xunta de Galicia o en los lugares y registros establecidos en la normativa reguladora del procedimiento administrativo com\u00fan, seg\u00fan se recoge en<a href=\"https:\/\/www.xunta.gal\/exercicio-de-dereitos\" target=\"_blank\" rel=\"noopener\"> https:\/\/www.xunta.gal\/exercicio-de-dereitos<\/a>. Para darte de baja como persona suscriptora del bolet\u00edn puedes remitir tu solicitud a trav\u00e9s de: &lt;incluir correo electr\u00f3nico&gt;.<\/p><\/td><\/tr><tr><td><p>Contacto delegado\/a de protecci\u00f3n de datos y m\u00e1s informaci\u00f3n<\/p><\/td><td><p><a href=\"https:\/\/www.xunta.gal\/proteccion-datos-persoais\" target=\"_blank\" rel=\"noopener\">https:\/\/www.xunta.gal\/proteccion-datos-persoais<\/a><\/p><\/td><\/tr><\/tbody><\/table>\t\t\t\t\t\t\t\t<\/div>\n\t\t\t\t<\/div>\n\t\t<div class=\"elementor-element elementor-element-3e8a167 e-con-full e-flex e-con e-child\" data-id=\"3e8a167\" data-element_type=\"container\" data-e-type=\"container\" id=\"alta\">\n\t\t\t\t<div class=\"elementor-element elementor-element-5e24283 elementor-widget elementor-widget-heading\" data-id=\"5e24283\" data-element_type=\"widget\" data-e-type=\"widget\" data-widget_type=\"heading.default\">\n\t\t\t\t\t<h2 class=\"elementor-heading-title elementor-size-default\">Informaci\u00f3n de protecci\u00f3n de datos al darse de alta como profesional\n<\/h2>\t\t\t\t<\/div>\n\t\t\t\t<div class=\"elementor-element elementor-element-40753a4 elementor-widget__width-inherit elementor-widget elementor-widget-text-editor\" data-id=\"40753a4\" data-element_type=\"widget\" data-e-type=\"widget\" data-widget_type=\"text-editor.default\">\n\t\t\t\t\t\t\t\t\t<table><tbody><tr><td><p><b>Campo<\/b><\/p><\/td><td><p><b>Informaci\u00f3n<\/b><\/p><\/td><\/tr><tr><td><p>Responsable del tratamiento<\/p><\/td><td><p>Xunta de Galicia \u2013 Conseller\u00eda de Pol\u00edtica Social e Igualdade.<\/p><\/td><\/tr><tr><td><p>Finalidades del tratamiento<\/p><\/td><td><p>Crear tu cuenta en la plataforma de mujeres profesionales y expertas como primer paso para darte de alta como profesional en la plataforma web de b\u00fasqueda de mujeres profesionales y expertas y facilitar tu participaci\u00f3n en mesas redondas, jornadas, medios de comunicaci\u00f3n y otros espacios p\u00fablicos.<\/p><\/td><\/tr><tr><td><p>Legitimaci\u00f3n para el tratamiento<\/p><\/td><td><p>Cumplimiento de una misi\u00f3n realizada en inter\u00e9s p\u00fablico (Ley 7\/2023, de 30 de noviembre, para la igualdad efectiva de mujeres y hombres de Galicia).<\/p><\/td><\/tr><tr><td><p>Destinatarios de los datos<\/p><\/td><td><p>No se prev\u00e9n comunicaciones de datos a terceros.<\/p><\/td><\/tr><tr><td><p>Ejercicio de derechos<\/p><\/td><td><p>Las personas interesadas podr\u00e1n solicitar ante el responsable del tratamiento el acceso, rectificaci\u00f3n, limitaci\u00f3n y supresi\u00f3n de sus datos, as\u00ed como oponerse a su tratamiento, a trav\u00e9s de la sede electr\u00f3nica de la Xunta de Galicia o en los lugares y registros establecidos en la normativa reguladora del procedimiento administrativo com\u00fan seg\u00fan se recoge en<a href=\"https:\/\/www.xunta.gal\/exercicio-de-dereitos\" target=\"_blank\" rel=\"noopener\"> https:\/\/www.xunta.gal\/exercicio-de-dereitos<\/a>.<\/p><\/td><\/tr><tr><td><p>Contacto delegado\/a de protecci\u00f3n de datos y m\u00e1s informaci\u00f3n<\/p><\/td><td><p><a href=\"https:\/\/www.xunta.gal\/proteccion-datos-persoais\" target=\"_blank\" rel=\"noopener\">https:\/\/www.xunta.gal\/proteccion-datos-persoais<\/a><\/p><\/td><\/tr><\/tbody><\/table><p>\u00a0<\/p>\t\t\t\t\t\t\t\t<\/div>\n\t\t\t\t<\/div>\n\t\t<div class=\"elementor-element elementor-element-aac22f2 e-con-full e-flex e-con e-child\" data-id=\"aac22f2\" data-element_type=\"container\" data-e-type=\"container\" id=\"cambio-perfil\">\n\t\t\t\t<div class=\"elementor-element elementor-element-89577d6 elementor-widget elementor-widget-heading\" data-id=\"89577d6\" data-element_type=\"widget\" data-e-type=\"widget\" data-widget_type=\"heading.default\">\n\t\t\t\t\t<h2 class=\"elementor-heading-title elementor-size-default\">Informaci\u00f3n de protecci\u00f3n de datos al modificar perfil<\/h2>\t\t\t\t<\/div>\n\t\t\t\t<div class=\"elementor-element elementor-element-0c6641c elementor-widget__width-inherit elementor-widget elementor-widget-text-editor\" data-id=\"0c6641c\" data-element_type=\"widget\" data-e-type=\"widget\" data-widget_type=\"text-editor.default\">\n\t\t\t\t\t\t\t\t\t<table><tbody><tr><td><p><b>Campo<\/b><\/p><\/td><td><p><b>Informaci\u00f3n<\/b><\/p><\/td><\/tr><tr><td><p>Responsable del tratamiento<\/p><\/td><td><p>Xunta de Galicia \u2013 Conseller\u00eda de Pol\u00edtica Social e Igualdade.<\/p><\/td><\/tr><tr><td><p>Finalidades del tratamiento<\/p><\/td><td><p>Gestionar tu alta en la plataforma de mujeres profesionales y expertas para facilitar su participaci\u00f3n en mesas redondas, jornadas, medios de comunicaci\u00f3n y otros espacios p\u00fablicos.<\/p><\/td><\/tr><tr><td><p>Legitimaci\u00f3n para el tratamiento<\/p><\/td><td><p>Cumplimiento de una misi\u00f3n realizada en inter\u00e9s p\u00fablico (Ley 7\/2023, de 30 de noviembre, para la igualdad efectiva de mujeres y hombres de Galicia). Consentimiento expl\u00edcito de la persona interesada en caso de que, voluntariamente, proporcione datos de categor\u00edas especiales como los relativos a la orientaci\u00f3n sexual o a la salud, con el fin de hacerlos p\u00fablicos.<\/p><\/td><\/tr><tr><td><p>Destinatarios de los datos<\/p><\/td><td><p>Los datos personales facilitados, salvo los datos de contacto (tel\u00e9fono, correo electr\u00f3nico), ser\u00e1n publicados a trav\u00e9s de la plataforma web de b\u00fasqueda de mujeres profesionales y expertas. Para posibilitar el contacto directo entre las organizaciones interesadas y las profesionales de la plataforma, se les remitir\u00e1 la informaci\u00f3n necesaria para contactar con las empresas u otras entidades que lo soliciten. Tambi\u00e9n podr\u00e1n acceder a los datos personales las entidades que, como encargadas del tratamiento, colaboren con el responsable en la gesti\u00f3n y mantenimiento de la plataforma.<\/p><\/td><\/tr><tr><td><p>Ejercicio de derechos<\/p><\/td><td><p>Las personas interesadas podr\u00e1n solicitar ante el responsable del tratamiento el acceso, rectificaci\u00f3n, limitaci\u00f3n y supresi\u00f3n de sus datos, as\u00ed como oponerse a su tratamiento, a trav\u00e9s de la sede electr\u00f3nica de la Xunta de Galicia o en los lugares y registros establecidos en la normativa reguladora del procedimiento administrativo com\u00fan seg\u00fan se recoge en<a href=\"https:\/\/www.xunta.gal\/exercicio-de-dereitos\" target=\"_blank\" rel=\"noopener\"> https:\/\/www.xunta.gal\/exercicio-de-dereitos<\/a>. Asimismo, en su caso, podr\u00e1n retirar el consentimiento previamente otorgado para la publicaci\u00f3n de sus datos de categor\u00eda especial dirigiendo su solicitud a &lt;incluir correo electr\u00f3nico&gt;.<\/p><\/td><\/tr><tr><td><p>Contacto delegado\/a de protecci\u00f3n de datos y m\u00e1s informaci\u00f3n<\/p><\/td><td><p><a href=\"https:\/\/www.xunta.gal\/proteccion-datos-persoais\" target=\"_blank\" rel=\"noopener\">https:\/\/www.xunta.gal\/proteccion-datos-persoais<\/a><\/p><\/td><\/tr><\/tbody><\/table><p>\u00a0<\/p>\t\t\t\t\t\t\t\t<\/div>\n\t\t\t\t<\/div>\n\t\t<div class=\"elementor-element elementor-element-24bcc23 e-con-full e-flex e-con e-child\" data-id=\"24bcc23\" data-element_type=\"container\" data-e-type=\"container\" id=\"denuncias\">\n\t\t\t\t<div class=\"elementor-element elementor-element-4d0e7a6 elementor-widget elementor-widget-heading\" data-id=\"4d0e7a6\" data-element_type=\"widget\" data-e-type=\"widget\" data-widget_type=\"heading.default\">\n\t\t\t\t\t<h2 class=\"elementor-heading-title elementor-size-default\">Informaci\u00f3n de protecci\u00f3n de datos al eliminar perfil<\/h2>\t\t\t\t<\/div>\n\t\t\t\t<div class=\"elementor-element elementor-element-34388e1 elementor-widget__width-inherit elementor-widget elementor-widget-text-editor\" data-id=\"34388e1\" data-element_type=\"widget\" data-e-type=\"widget\" data-widget_type=\"text-editor.default\">\n\t\t\t\t\t\t\t\t\t<table><tbody><tr><td><p><b>Campo<\/b><\/p><\/td><td><p><b>Informaci\u00f3n<\/b><\/p><\/td><\/tr><tr><td><p>Responsable del tratamiento<\/p><\/td><td><p>Xunta de Galicia \u2013 Conseller\u00eda de Pol\u00edtica Social e Igualdade.<\/p><\/td><\/tr><tr><td><p>Finalidades del tratamiento<\/p><\/td><td><p>Gestionar tu alta en la plataforma de mujeres profesionales y expertas para facilitar su participaci\u00f3n en mesas redondas, jornadas, medios de comunicaci\u00f3n y otros espacios p\u00fablicos.<\/p><\/td><\/tr><tr><td><p>Legitimaci\u00f3n para el tratamiento<\/p><\/td><td><p>Cumplimiento de una misi\u00f3n realizada en inter\u00e9s p\u00fablico (Ley 7\/2023, de 30 de noviembre, para la igualdad efectiva de mujeres y hombres de Galicia). Consentimiento expl\u00edcito de la persona interesada en caso de que, voluntariamente, proporcione datos de categor\u00edas especiales como los relativos a la orientaci\u00f3n sexual o a la salud, con el fin de hacerlos p\u00fablicos.<\/p><\/td><\/tr><tr><td><p>Destinatarios de los datos<\/p><\/td><td><p>Los datos personales facilitados, salvo los datos de contacto (tel\u00e9fono, correo electr\u00f3nico), ser\u00e1n publicados a trav\u00e9s de la plataforma web de b\u00fasqueda de mujeres profesionales y expertas. Para posibilitar el contacto directo entre las organizaciones interesadas y las profesionales de la plataforma, se les remitir\u00e1 la informaci\u00f3n necesaria para contactar con las empresas u otras entidades que lo soliciten. Tambi\u00e9n podr\u00e1n acceder a los datos personales las entidades que, como encargadas del tratamiento, colaboren con el responsable en la gesti\u00f3n y mantenimiento de la plataforma.<\/p><\/td><\/tr><tr><td><p>Ejercicio de derechos<\/p><\/td><td><p>Las personas interesadas podr\u00e1n solicitar ante el responsable del tratamiento el acceso, rectificaci\u00f3n, limitaci\u00f3n y supresi\u00f3n de sus datos, as\u00ed como oponerse a su tratamiento, a trav\u00e9s de la sede electr\u00f3nica de la Xunta de Galicia o en los lugares y registros establecidos en la normativa reguladora del procedimiento administrativo com\u00fan seg\u00fan se recoge en<a href=\"https:\/\/www.xunta.gal\/exercicio-de-dereitos\" target=\"_blank\" rel=\"noopener\"> https:\/\/www.xunta.gal\/exercicio-de-dereitos<\/a>. Asimismo, en su caso, podr\u00e1n retirar el consentimiento previamente otorgado para la publicaci\u00f3n de sus datos de categor\u00eda especial dirigiendo su solicitud a &lt;incluir correo electr\u00f3nico&gt;.<\/p><\/td><\/tr><tr><td><p>Contacto delegado\/a de protecci\u00f3n de datos y m\u00e1s informaci\u00f3n<\/p><\/td><td><p><a href=\"https:\/\/www.xunta.gal\/proteccion-datos-persoais\" target=\"_blank\" rel=\"noopener\">https:\/\/www.xunta.gal\/proteccion-datos-persoais<\/a><\/p><\/td><\/tr><\/tbody><\/table><p>\u00a0<\/p>\t\t\t\t\t\t\t\t<\/div>\n\t\t\t\t<\/div>\n\t\t<div class=\"elementor-element elementor-element-f61fc00 e-con-full e-flex e-con e-child\" data-id=\"f61fc00\" data-element_type=\"container\" data-e-type=\"container\" id=\"denuncias\">\n\t\t\t\t<div class=\"elementor-element elementor-element-5d026b8 elementor-widget elementor-widget-heading\" data-id=\"5d026b8\" data-element_type=\"widget\" data-e-type=\"widget\" data-widget_type=\"heading.default\">\n\t\t\t\t\t<h2 class=\"elementor-heading-title elementor-size-default\">Informaci\u00f3n de protecci\u00f3n de datos al utilizar el canal de denuncias<\/h2>\t\t\t\t<\/div>\n\t\t\t\t<div class=\"elementor-element elementor-element-3c6bb3b elementor-widget__width-inherit elementor-widget elementor-widget-text-editor\" data-id=\"3c6bb3b\" data-element_type=\"widget\" data-e-type=\"widget\" data-widget_type=\"text-editor.default\">\n\t\t\t\t\t\t\t\t\t<table><tbody><tr><td><p><b>Campo<\/b><\/p><\/td><td><p><b>Informaci\u00f3n<\/b><\/p><\/td><\/tr><tr><td><p>Responsable del tratamiento<\/p><\/td><td><p>Xunta de Galicia \u2013 Conseller\u00eda de Pol\u00edtica Social e Igualdade.<\/p><\/td><\/tr><tr><td><p>Finalidades del tratamiento<\/p><\/td><td><p>Gestionar las incidencias t\u00e9cnicas o consultas de las profesionales usuarias de esta plataforma.<\/p><\/td><\/tr><tr><td><p>Legitimaci\u00f3n para el tratamiento<\/p><\/td><td><p>Cumplimiento de una misi\u00f3n realizada en inter\u00e9s p\u00fablico (Ley 1\/2015, de 1 de abril, de garant\u00eda de la calidad de los servicios p\u00fablicos y de la buena administraci\u00f3n).<\/p><\/td><\/tr><tr><td><p>Destinatarios de los datos<\/p><\/td><td><p>No se prev\u00e9n comunicaciones de datos a terceros.<\/p><\/td><\/tr><tr><td><p>Ejercicio de derechos<\/p><\/td><td><p>Las personas interesadas podr\u00e1n solicitar ante el responsable del tratamiento el acceso, rectificaci\u00f3n, limitaci\u00f3n y supresi\u00f3n de sus datos, as\u00ed como oponerse a su tratamiento, a trav\u00e9s de la sede electr\u00f3nica de la Xunta de Galicia o en los lugares y registros establecidos en la normativa reguladora del procedimiento administrativo com\u00fan seg\u00fan se recoge en<a href=\"https:\/\/www.xunta.gal\/exercicio-de-dereitos\" target=\"_blank\" rel=\"noopener\"> https:\/\/www.xunta.gal\/exercicio-de-dereitos<\/a>.<\/p><\/td><\/tr><tr><td><p>Contacto delegado\/a de protecci\u00f3n de datos y m\u00e1s informaci\u00f3n<\/p><\/td><td><p><a href=\"https:\/\/www.xunta.gal\/proteccion-datos-persoais\" target=\"_blank\" rel=\"noopener\">https:\/\/www.xunta.gal\/proteccion-datos-persoais<\/a><\/p><\/td><\/tr><\/tbody><\/table>\t\t\t\t\t\t\t\t<\/div>\n\t\t\t\t<\/div>\n\t\t<div class=\"elementor-element elementor-element-bb398ac e-con-full e-flex e-con e-child\" data-id=\"bb398ac\" data-element_type=\"container\" data-e-type=\"container\">\n\t\t\t\t<div class=\"elementor-element elementor-element-9b5e9d7 elementor-widget elementor-widget-heading\" data-id=\"9b5e9d7\" data-element_type=\"widget\" data-e-type=\"widget\" data-widget_type=\"heading.default\">\n\t\t\t\t\t<h2 class=\"elementor-heading-title elementor-size-default\">Informaci\u00f3n de protecci\u00f3n de datos al contactar a una profesional<\/h2>\t\t\t\t<\/div>\n\t\t\t\t<div class=\"elementor-element elementor-element-7c6a683 elementor-widget__width-inherit elementor-widget elementor-widget-text-editor\" data-id=\"7c6a683\" data-element_type=\"widget\" data-e-type=\"widget\" data-widget_type=\"text-editor.default\">\n\t\t\t\t\t\t\t\t\t<table><tbody><tr><td><p><b>Campo<\/b><\/p><\/td><td><p><b>Informaci\u00f3n<\/b><\/p><\/td><\/tr><tr><td><p>Responsable del tratamiento<\/p><\/td><td><p>Xunta de Galicia \u2013 Conseller\u00eda de Pol\u00edtica Social e Igualdade.<\/p><\/td><\/tr><tr><td><p>Finalidades del tratamiento<\/p><\/td><td><p>Gestionar tu b\u00fasqueda de mujeres profesionales y expertas para su participaci\u00f3n en el evento organizado por la entidad a la que representas.<\/p><\/td><\/tr><tr><td><p>Legitimaci\u00f3n para el tratamiento<\/p><\/td><td><p>Cumplimiento de una misi\u00f3n realizada en inter\u00e9s p\u00fablico (Ley 7\/2023, de 30 de noviembre, para la igualdad efectiva de mujeres y hombres de Galicia).<\/p><\/td><\/tr><tr><td><p>Destinatarios de los datos<\/p><\/td><td><p>Los datos personales facilitados ser\u00e1n proporcionados a las profesionales y expertas participantes en esta plataforma con perfiles relacionados con la tem\u00e1tica del evento con la finalidad de posibilitar el contacto directo entre tu organizaci\u00f3n y dichas profesionales. Tambi\u00e9n podr\u00e1n acceder a los datos personales las entidades que, como encargadas del tratamiento, colaboren con el responsable del tratamiento en la gesti\u00f3n y mantenimiento de la plataforma.<\/p><\/td><\/tr><tr><td><p>Ejercicio de derechos<\/p><\/td><td><p>Las personas interesadas podr\u00e1n solicitar ante el responsable del tratamiento el acceso, rectificaci\u00f3n, limitaci\u00f3n y supresi\u00f3n de sus datos, as\u00ed como oponerse a su tratamiento, a trav\u00e9s de la sede electr\u00f3nica de la Xunta de Galicia o en los lugares y registros establecidos en la normativa reguladora del procedimiento administrativo com\u00fan seg\u00fan se recoge en<a href=\"https:\/\/www.xunta.gal\/exercicio-de-dereitos\" target=\"_blank\" rel=\"noopener\"> https:\/\/www.xunta.gal\/exercicio-de-dereitos<\/a>.<\/p><\/td><\/tr><tr><td><p>Contacto delegado\/a de protecci\u00f3n de datos y m\u00e1s informaci\u00f3n<\/p><\/td><td><p><a href=\"https:\/\/www.xunta.gal\/proteccion-datos-persoais\" target=\"_blank\" rel=\"noopener\">https:\/\/www.xunta.gal\/proteccion-datos-persoais<\/a><\/p><\/td><\/tr><\/tbody><\/table>\t\t\t\t\t\t\t\t<\/div>\n\t\t\t\t<\/div>\n\t\t<div class=\"elementor-element elementor-element-d81814c e-con-full e-flex e-con e-child\" data-id=\"d81814c\" data-element_type=\"container\" data-e-type=\"container\" id=\"non-econtro\">\n\t\t\t\t<div class=\"elementor-element elementor-element-33280a8 elementor-widget elementor-widget-heading\" data-id=\"33280a8\" data-element_type=\"widget\" data-e-type=\"widget\" data-widget_type=\"heading.default\">\n\t\t\t\t\t<h2 class=\"elementor-heading-title elementor-size-default\">Informaci\u00f3n de protecci\u00f3n de datos al rellenar el formulario de \u201cNo encuentro profesional\u201d<\/h2>\t\t\t\t<\/div>\n\t\t\t\t<div class=\"elementor-element elementor-element-eac9872 elementor-widget__width-inherit elementor-widget elementor-widget-text-editor\" data-id=\"eac9872\" data-element_type=\"widget\" data-e-type=\"widget\" data-widget_type=\"text-editor.default\">\n\t\t\t\t\t\t\t\t\t<table><tbody><tr><td><p><b>Campo<\/b><\/p><\/td><td><p><b>Informaci\u00f3n<\/b><\/p><\/td><\/tr><tr><td><p>Responsable del tratamiento<\/p><\/td><td><p>Xunta de Galicia \u2013 Conseller\u00eda de Pol\u00edtica Social e Igualdade.<\/p><\/td><\/tr><tr><td><p>Finalidades del tratamiento<\/p><\/td><td><p>Gestionar tu b\u00fasqueda de mujeres profesionales y expertas para su participaci\u00f3n en el evento organizado por la entidad a la que representas.<\/p><\/td><\/tr><tr><td><p>Legitimaci\u00f3n para el tratamiento<\/p><\/td><td><p>Cumplimiento de una misi\u00f3n realizada en inter\u00e9s p\u00fablico (Ley 7\/2023, de 30 de noviembre, para la igualdad efectiva de mujeres y hombres de Galicia).<\/p><\/td><\/tr><tr><td><p>Destinatarios de los datos<\/p><\/td><td><p>Los datos personales facilitados ser\u00e1n proporcionados a las profesionales y expertas participantes en esta plataforma con perfiles relacionados con la tem\u00e1tica del evento con la finalidad de posibilitar el contacto directo entre tu organizaci\u00f3n y dichas profesionales. Tambi\u00e9n podr\u00e1n acceder a los datos personales las entidades que, como encargadas del tratamiento, colaboren con el responsable del tratamiento en la gesti\u00f3n y mantenimiento de la plataforma.<\/p><\/td><\/tr><tr><td><p>Ejercicio de derechos<\/p><\/td><td><p>Las personas interesadas podr\u00e1n solicitar ante el responsable del tratamiento el acceso, rectificaci\u00f3n, limitaci\u00f3n y supresi\u00f3n de sus datos, as\u00ed como oponerse a su tratamiento, a trav\u00e9s de la sede electr\u00f3nica de la Xunta de Galicia o en los lugares y registros establecidos en la normativa reguladora del procedimiento administrativo com\u00fan seg\u00fan se recoge en<a href=\"https:\/\/www.xunta.gal\/exercicio-de-dereitos\" target=\"_blank\" rel=\"noopener\"> https:\/\/www.xunta.gal\/exercicio-de-dereitos<\/a>.<\/p><\/td><\/tr><tr><td><p>Contacto delegado\/a de protecci\u00f3n de datos y m\u00e1s informaci\u00f3n<\/p><\/td><td><p><a href=\"https:\/\/www.xunta.gal\/proteccion-datos-persoais\" target=\"_blank\" rel=\"noopener\">https:\/\/www.xunta.gal\/proteccion-datos-persoais<\/a><\/p><\/td><\/tr><\/tbody><\/table>\t\t\t\t\t\t\t\t<\/div>\n\t\t\t\t<\/div>\n\t\t\t\t<\/div>\n\t\t\t\t<\/div>\n\t\t","protected":false},"excerpt":{"rendered":"<p>Pol\u00edtica de privacidad Informaci\u00f3n de protecci\u00f3n de datos al suscribirse al newsletter Campo Informaci\u00f3n Responsable del tratamiento Xunta de Galicia \u2013 Conseller\u00eda de Pol\u00edtica Social e Igualdade. Finalidades del tratamiento Gestionar tu suscripci\u00f3n al bolet\u00edn de noticias de la plataforma de mujeres profesionales y expertas. Legitimaci\u00f3n para el tratamiento Cumplimiento de una misi\u00f3n realizada en [&hellip;]<\/p>\n","protected":false},"author":1,"featured_media":0,"parent":0,"menu_order":0,"comment_status":"closed","ping_status":"closed","template":"","meta":{"footnotes":""},"class_list":["post-2685","page","type-page","status-publish","hentry"],"_links":{"self":[{"href":"http:\/\/presentes.imaisd.es\/es\/wp-json\/wp\/v2\/pages\/2685","targetHints":{"allow":["GET"]}}],"collection":[{"href":"http:\/\/presentes.imaisd.es\/es\/wp-json\/wp\/v2\/pages"}],"about":[{"href":"http:\/\/presentes.imaisd.es\/es\/wp-json\/wp\/v2\/types\/page"}],"author":[{"embeddable":true,"href":"http:\/\/presentes.imaisd.es\/es\/wp-json\/wp\/v2\/users\/1"}],"replies":[{"embeddable":true,"href":"http:\/\/presentes.imaisd.es\/es\/wp-json\/wp\/v2\/comments?post=2685"}],"version-history":[{"count":4,"href":"http:\/\/presentes.imaisd.es\/es\/wp-json\/wp\/v2\/pages\/2685\/revisions"}],"predecessor-version":[{"id":2694,"href":"http:\/\/presentes.imaisd.es\/es\/wp-json\/wp\/v2\/pages\/2685\/revisions\/2694"}],"wp:attachment":[{"href":"http:\/\/presentes.imaisd.es\/es\/wp-json\/wp\/v2\/media?parent=2685"}],"curies":[{"name":"wp","href":"https:\/\/api.w.org\/{rel}","templated":true}]}}