{"id":2677,"date":"2026-02-24T13:53:37","date_gmt":"2026-02-24T12:53:37","guid":{"rendered":"http:\/\/presentes.imaisd.es\/politica-de-cookies\/"},"modified":"2026-04-07T09:01:51","modified_gmt":"2026-04-07T07:01:51","slug":"politica-de-cookies","status":"publish","type":"page","link":"http:\/\/presentes.imaisd.es\/es\/politica-de-cookies\/","title":{"rendered":"Pol\u00edtica de cookies"},"content":{"rendered":"\t\t<div data-elementor-type=\"wp-page\" data-elementor-id=\"2677\" class=\"elementor elementor-2677 elementor-1365\" data-elementor-post-type=\"page\">\n\t\t\t\t<div class=\"elementor-element elementor-element-6d6266f e-con-full body-azul e-flex e-con e-parent\" data-id=\"6d6266f\" data-element_type=\"container\" data-e-type=\"container\" data-settings=\"{&quot;background_background&quot;:&quot;classic&quot;}\">\n\t\t\t\t<div class=\"elementor-element elementor-element-fc251f6 elementor-widget__width-inherit elementor-widget elementor-widget-heading\" data-id=\"fc251f6\" data-element_type=\"widget\" data-e-type=\"widget\" data-widget_type=\"heading.default\">\n\t\t\t\t\t<h1 class=\"elementor-heading-title elementor-size-default\">Pol\u00edtica de cookies<\/h1>\t\t\t\t<\/div>\n\t\t\t\t<\/div>\n\t\t<div class=\"elementor-element elementor-element-64aa50e e-con-full e-flex e-con e-parent\" data-id=\"64aa50e\" data-element_type=\"container\" data-e-type=\"container\" data-settings=\"{&quot;background_background&quot;:&quot;classic&quot;}\">\n\t\t<div class=\"elementor-element elementor-element-9358052 e-con-full e-flex e-con e-child\" data-id=\"9358052\" data-element_type=\"container\" data-e-type=\"container\">\n\t\t\t\t<div class=\"elementor-element elementor-element-1312c0a elementor-widget elementor-widget-heading\" data-id=\"1312c0a\" data-element_type=\"widget\" data-e-type=\"widget\" data-widget_type=\"heading.default\">\n\t\t\t\t\t<h2 class=\"elementor-heading-title elementor-size-default\">Informaci\u00f3n general<\/h2>\t\t\t\t<\/div>\n\t\t\t\t<div class=\"elementor-element elementor-element-9570b37 elementor-widget__width-inherit elementor-widget elementor-widget-text-editor\" data-id=\"9570b37\" data-element_type=\"widget\" data-e-type=\"widget\" data-widget_type=\"text-editor.default\">\n\t\t\t\t\t\t\t\t\t<p>Este sitio web utiliza cookies propias necesarias para su correcto funcionamiento y cookies de terceros con fines anal\u00edticos, as\u00ed como enlaces a portales de terceros para compartir contenido en redes sociales.<\/p><p>Una cookie es un peque\u00f1o archivo de texto que un sitio web puede descargar en un ordenador para obtener y recuperar informaci\u00f3n cuando los usuarios navegan por \u00e9l.<\/p><p>Sus finalidades son variadas; por ejemplo, <strong>reconocerle como usuario<\/strong>, obtener informaci\u00f3n sobre sus h\u00e1bitos de navegaci\u00f3n o personalizar la forma en que se le muestra el contenido.<\/p><p>Los diferentes tipos de cookies utilizadas en este portal se pueden clasificar en las tres categor\u00edas que se indican a continuaci\u00f3n.<\/p><p>Es necesario tener en cuenta que una misma cookie puede pertenecer a m\u00e1s de una categor\u00eda.<\/p><p>\u00a0<\/p><h3><b>Tipos de cookies seg\u00fan el tiempo que permanecen activas<\/b><\/h3><ul><li><strong>Cookies de sesi\u00f3n:<\/strong> se crean temporalmente y se eliminan al abandonar el sitio web.<\/li><li><strong>Cookies persistentes: <\/strong>permanecen en el navegador durante un periodo de tiempo determinado y se activan cada vez que se visita el sitio web que cre\u00f3 esa cookie.<\/li><\/ul><h3><b>Tipos de cookies seg\u00fan la entidad que las gestiona<\/b><\/h3><ul><li><strong>Cookies propias: <\/strong>aquellas que se env\u00edan a su ordenador y son gestionadas exclusivamente por el propietario del sitio web, quien solo obtiene y almacena informaci\u00f3n relacionada con la sesi\u00f3n y los datos de idioma. Son necesarias para el correcto funcionamiento y visualizaci\u00f3n del portal por parte de los usuarios.<\/li><li><strong>Cookies de terceros:<\/strong> aquellas que se env\u00edan desde un dominio gestionado por una entidad distinta del propietario del sitio web.<\/li><\/ul><h3><b>Tipos de cookies seg\u00fan su finalidad<\/b><\/h3><ul><li><strong>Cookies t\u00e9cnicas:<\/strong> aquellas que permiten al usuario navegar por el sitio web y utilizar los servicios disponibles en \u00e9l.<\/li><li><strong>Cookie anal\u00edticas:<\/strong> aquellas que permiten medir y analizar el comportamiento de los usuarios en el portal para introducir mejoras.<\/li><li><strong>Cookies de preferencias:<\/strong> aquellas que permiten recordar informaci\u00f3n y personalizar la experiencia del usuario, como, por ejemplo, el idioma seleccionado.<\/li><\/ul><h3><b>Este sitio web utiliza las siguientes cookies<\/b><\/h3><table style=\"width: 100%;\"><thead><tr><th>Cookie<\/th><th>Tipo<\/th><th>Temporalidad<\/th><th>Titularidad<\/th><th>Finalidad<\/th><\/tr><\/thead><tbody><tr><td>ea11y-global-state<\/td><td>T\u00e9cnica \/ de preferencias<\/td><td>Persistente<\/td><td>Propia<\/td><td>Guardar las preferencias de accesibilidad seleccionadas por la persona usuaria para mantenerlas en futuras visitas.<\/td><\/tr><tr><td>elementor<\/td><td>T\u00e9cnica<\/td><td>Sesi\u00f3n \/ variable<\/td><td>Propia<\/td><td>Gestionar funciones internas de Elementor y el correcto funcionamiento\/visualizaci\u00f3n de contenidos creados con el maquetador.<\/td><\/tr><tr><td>__mp_opt_in_out_150605b3b9f979922f2ac5a52e2dcfe9<\/td><td>T\u00e9cnica \/ de preferencias<\/td><td>Persistente<\/td><td>Ajena (Mixpanel)<\/td><td>Registrar la preferencia de exclusi\u00f3n o inclusi\u00f3n de la persona usuaria respecto al seguimiento anal\u00edtico de Mixpanel.<\/td><\/tr><tr><td>e_globals<\/td><td>T\u00e9cnica<\/td><td>Persistente \/ variable<\/td><td>Propia<\/td><td>Almacenar configuraci\u00f3n global de Elementor necesaria para el funcionamiento de la interfaz y de los componentes del sitio<\/td><\/tr><tr><td>wpml-available-translators-notice-dismissed<\/td><td>T\u00e9cnica \/ de preferencias<\/td><td>Persistente \/ variable<\/td><td>Propia<\/td><td>Recordar si se ha cerrado el aviso relacionado con los traductores disponibles en WPML.<\/td><\/tr><tr><td>_grecaptcha<\/td><td>T\u00e9cnica<\/td><td>Persistente \/ curto prazo<\/td><td>Ajena (Google)<\/td><td>Proteger formularios y el sitio frente a spam, bots y usos abusivos mediante Google reCAPTCHA.<\/td><\/tr><tr><td>e_kit-elements-defaults<\/td><td>T\u00e9cnica \/ de preferencias<\/td><td>Persistente \/ variable<\/td><td>Propia<\/td><td>Guardar ajustes predeterminados de elementos\/kit de Elementor para la presentaci\u00f3n y edici\u00f3n del sitio.<\/td><\/tr><tr><td>elementor_sidebar_menu_expanded_v2_elementor-system<\/td><td>T\u00e9cnica \/ de preferencias<\/td><td>Persistente \/ variable<\/td><td>Propia<\/td><td>Recordar el estado expandido\/contra\u00eddo del men\u00fa lateral de Elementor en el \u00e1rea de administraci\u00f3n.<\/td><\/tr><tr><td>elementor_sidebar_menu_expanded_v2_elementor-templates<\/td><td>T\u00e9cnica \/ de preferencias<\/td><td>Persistente \/ variable<\/td><td>Propia<\/td><td>Recordar el estado expandido\/contra\u00eddo del panel de modelos\/templates de Elementor en el \u00e1rea de administraci\u00f3n.<\/td><\/tr><tr><td>elementor_wpdash_pending_nav<\/td><td>T\u00e9cnica<\/td><td>Sesi\u00f3n \/ variable<\/td><td>Propia<\/td><td>Gestionar navegaci\u00f3n o estados pendientes en el panel de WordPress\/Elementor.<\/td><\/tr><tr><td>ea11y-session-state<\/td><td>T\u00e9cnica \/ de preferencias<\/td><td>Sesi\u00f3n<\/td><td>Propia<\/td><td>Mantener temporalmente durante la sesi\u00f3n las preferencias de accesibilidad seleccionadas por la persona usuaria.<\/td><\/tr><tr><td>wpEmojiSettingsSupports<\/td><td>T\u00e9cnica<\/td><td>Sesi\u00f3n<\/td><td>Propia<\/td><td>Comprobar la compatibilidad del navegador con la visualizaci\u00f3n de emojis en WordPress.<\/td><\/tr><tr><td>mp_tab_id_mixpanel_150605b3b9f979922f2ac5a52e2dcfe9<\/td><td>Anal\u00edtica<\/td><td>Sesi\u00f3n \/ persistente curta<\/td><td>Ajena (Mixpanel)<\/td><td>Identificar la pesta\u00f1a\/navegaci\u00f3n actual para medir interacciones y eventos anal\u00edticos dentro de la misma sesi\u00f3n.<\/td><\/tr><tr><td>mp_gen_new_tab_id_mixpanel_150605b3b9f979922f2ac5a52e2dcfe9<\/td><td>Anal\u00edtica<\/td><td>Sesi\u00f3n \/ persistente curta<\/td><td>Ajena (Mixpanel)<\/td><td>Generar y gestionar un identificador de pesta\u00f1a para diferenciar la actividad anal\u00edtica entre pesta\u00f1as del navegador.<\/td><\/tr><tr><td>wp-settings-1<\/td><td>T\u00e9cnica \/ de preferencias<\/td><td>Persistente<\/td><td>Propia<\/td><td>Guardar preferencias de interfaz y visualizaci\u00f3n del usuario en WordPress.<\/td><\/tr><tr><td>wp-settings-time-1<\/td><td>T\u00e9cnica<\/td><td>Persistente<\/td><td>Propia<\/td><td>Registrar el momento en que se actualizaron las preferencias almacenadas en wp-settings-1.<\/td><\/tr><tr><td>wp-settings-3<\/td><td>T\u00e9cnica \/ de preferencias<\/td><td>Persistente<\/td><td>Propia<\/td><td>Guardar preferencias de interfaz y visualizaci\u00f3n de otro perfil\/usuario de WordPress.<\/td><\/tr><tr><td>wp-wpml_current_language<\/td><td>De preferencias<\/td><td>Sesi\u00f3n ou persistente configurable<\/td><td>Propia<\/td><td>Guardar el idioma actual de la navegaci\u00f3n o la preferencia ling\u00fc\u00edstica de la persona usuaria.<\/td><\/tr><tr><td>PHPSESSID<\/td><td>T\u00e9cnica<\/td><td>Sesi\u00f3n<\/td><td>Propia<\/td><td>Identificar la sesi\u00f3n activa de la persona usuaria en el servidor para mantener el funcionamiento del sitio.<\/td><\/tr><tr><td>wp-wpml_current_admin_language_d41d8cd98f00b204e9800998ecf8427e<\/td><td>De preferencias<\/td><td>Sesi\u00f3n ou persistente configurable<\/td><td>Propia<\/td><td>Guardar el idioma actual del \u00e1rea de administraci\u00f3n de WordPress\/WPML.<\/td><\/tr><tr><td>wp-settings-time-3<\/td><td>T\u00e9cnica<\/td><td>Persistente<\/td><td>Propia<\/td><td>Registrar el momento en que se actualizaron las preferencias almacenadas en wp-settings-3.<\/td><\/tr><tr><td>wordpress_test_cookie<\/td><td>T\u00e9cnica<\/td><td>Sesi\u00f3n<\/td><td>Propia<\/td><td>Comprobar si el navegador de la persona usuaria tiene las cookies activadas.<\/td><\/tr><tr><td>wordpress_logged_in_aea9ca5b137beef6033092ff76a76d01<\/td><td>T\u00e9cnica<\/td><td>Sesi\u00f3n \/ persistente<\/td><td>Propia<\/td><td>Identificar a la persona usuaria autenticada y mantener la sesi\u00f3n iniciada en WordPress.<\/td><\/tr><\/tbody><\/table><h3><b>C\u00f3mo restringir, rechazar o eliminar cookies<\/b><\/h3><ul><li><strong>Google Chrome:<\/strong> c\u00f3mo eliminar, habilitar y gestionar cookies en Chrome<\/li><li><strong>Microsoft Edge:<\/strong> datos de navegaci\u00f3n y privacidad<\/li><li><strong>Mozilla Firefox:<\/strong> informaci\u00f3n que los sitios web almacenan en el ordenador del usuario<\/li><li><strong>Safari:<\/strong> c\u00f3mo gestionar cookies y datos de sitios web en Safari para Mac<\/li><li><strong>Safari (Iphone y Ipad):<\/strong> c\u00f3mo eliminar el historial y las cookies de Safari en iPhone, iPad o iPod touch<\/li><\/ul><h2>Protecci\u00f3n de datos<\/h2><p>Los usuarios de este sitio web tienen a su disposici\u00f3n toda la informaci\u00f3n relativa al tratamiento de datos personales realizado por la Xunta de Galicia, incluyendo la forma de ejercer sus derechos, el contacto con los delegados de protecci\u00f3n de datos y otros aspectos conforme a lo dispuesto en el Reglamento Europeo de Protecci\u00f3n de Datos, en el siguiente enlace: <strong>informaci\u00f3n sobre protecci\u00f3n de datos personales.<\/strong><\/p><p>De acuerdo con lo establecido en el Reglamento de Protecci\u00f3n de Datos, antes de difundir datos personales de terceros a trav\u00e9s de este sitio web, los usuarios deben contar con el consentimiento de las personas afectadas, absteni\u00e9ndose de incluir dicha informaci\u00f3n de otro modo.<\/p><p>En cualquier caso, se recomienda a los usuarios extremar las precauciones al publicar dicho contenido, para evitar poner en riesgo la privacidad e intimidad de otras personas, as\u00ed como no publicar informaci\u00f3n de contacto f\u00edsico que permita conocer su domicilio, lugar de trabajo o los lugares que frecuentan habitualmente.<\/p><h2>Uso de idiomas<\/h2><p>El art\u00edculo 13 de la Ley 39\/2015, de 1 de octubre, de procedimiento administrativo com\u00fan de las administraciones p\u00fablicas, garantiza el ejercicio de los derechos ling\u00fc\u00edsticos reconocidos en el ordenamiento jur\u00eddico y, en particular, los relativos al uso del gallego en las relaciones de los ciudadanos con la administraci\u00f3n p\u00fablica de Galicia.<\/p><p>A tal efecto, el Portal permitir\u00e1 el acceso a sus contenidos y servicios en gallego y espa\u00f1ol.<\/p><h2>Ley aplicable y jurisdicci\u00f3n<\/h2><p>Las cuestiones o controversias relacionadas con el uso de este sitio web o sus contenidos se regir\u00e1n e interpretar\u00e1n, en todos sus extremos, de conformidad con el presente Aviso Legal y la legislaci\u00f3n estatal y auton\u00f3mica de Galicia, siendo competentes los Juzgados y Tribunales de la ciudad de Santiago de Compostela (A Coru\u00f1a) para resolver cualquier conflicto derivado del uso de este sitio web o relacionado con \u00e9l.<\/p>\t\t\t\t\t\t\t\t<\/div>\n\t\t\t\t<\/div>\n\t\t\t\t<\/div>\n\t\t\t\t<\/div>\n\t\t","protected":false},"excerpt":{"rendered":"<p>Pol\u00edtica de cookies Informaci\u00f3n general Este sitio web utiliza cookies propias necesarias para su correcto funcionamiento y cookies de terceros con fines anal\u00edticos, as\u00ed como enlaces a portales de terceros para compartir contenido en redes sociales. Una cookie es un peque\u00f1o archivo de texto que un sitio web puede descargar en un ordenador para obtener [&hellip;]<\/p>\n","protected":false},"author":1,"featured_media":0,"parent":0,"menu_order":0,"comment_status":"closed","ping_status":"closed","template":"","meta":{"footnotes":""},"class_list":["post-2677","page","type-page","status-publish","hentry"],"_links":{"self":[{"href":"http:\/\/presentes.imaisd.es\/es\/wp-json\/wp\/v2\/pages\/2677","targetHints":{"allow":["GET"]}}],"collection":[{"href":"http:\/\/presentes.imaisd.es\/es\/wp-json\/wp\/v2\/pages"}],"about":[{"href":"http:\/\/presentes.imaisd.es\/es\/wp-json\/wp\/v2\/types\/page"}],"author":[{"embeddable":true,"href":"http:\/\/presentes.imaisd.es\/es\/wp-json\/wp\/v2\/users\/1"}],"replies":[{"embeddable":true,"href":"http:\/\/presentes.imaisd.es\/es\/wp-json\/wp\/v2\/comments?post=2677"}],"version-history":[{"count":6,"href":"http:\/\/presentes.imaisd.es\/es\/wp-json\/wp\/v2\/pages\/2677\/revisions"}],"predecessor-version":[{"id":2684,"href":"http:\/\/presentes.imaisd.es\/es\/wp-json\/wp\/v2\/pages\/2677\/revisions\/2684"}],"wp:attachment":[{"href":"http:\/\/presentes.imaisd.es\/es\/wp-json\/wp\/v2\/media?parent=2677"}],"curies":[{"name":"wp","href":"https:\/\/api.w.org\/{rel}","templated":true}]}}