{"id":2672,"date":"2026-02-24T13:41:44","date_gmt":"2026-02-24T12:41:44","guid":{"rendered":"http:\/\/presentes.imaisd.es\/aviso-legal\/"},"modified":"2026-04-07T08:27:15","modified_gmt":"2026-04-07T06:27:15","slug":"aviso-legal","status":"publish","type":"page","link":"http:\/\/presentes.imaisd.es\/es\/aviso-legal\/","title":{"rendered":"Aviso Legal"},"content":{"rendered":"\t\t<div data-elementor-type=\"wp-page\" data-elementor-id=\"2672\" class=\"elementor elementor-2672 elementor-1360\" data-elementor-post-type=\"page\">\n\t\t\t\t<div class=\"elementor-element elementor-element-b91cee5 e-con-full body-azul e-flex e-con e-parent\" data-id=\"b91cee5\" data-element_type=\"container\" data-e-type=\"container\" data-settings=\"{&quot;background_background&quot;:&quot;classic&quot;}\">\n\t\t\t\t<div class=\"elementor-element elementor-element-9885db0 elementor-widget__width-inherit elementor-widget elementor-widget-heading\" data-id=\"9885db0\" data-element_type=\"widget\" data-e-type=\"widget\" data-widget_type=\"heading.default\">\n\t\t\t\t\t<h1 class=\"elementor-heading-title elementor-size-default\">Aviso legal<\/h1>\t\t\t\t<\/div>\n\t\t\t\t<\/div>\n\t\t<div class=\"elementor-element elementor-element-02adedc e-con-full e-flex e-con e-parent\" data-id=\"02adedc\" data-element_type=\"container\" data-e-type=\"container\" data-settings=\"{&quot;background_background&quot;:&quot;classic&quot;}\">\n\t\t<div class=\"elementor-element elementor-element-38c712c e-con-full e-flex e-con e-child\" data-id=\"38c712c\" data-element_type=\"container\" data-e-type=\"container\">\n\t\t\t\t<div class=\"elementor-element elementor-element-1c7fb44 elementor-widget elementor-widget-heading\" data-id=\"1c7fb44\" data-element_type=\"widget\" data-e-type=\"widget\" data-widget_type=\"heading.default\">\n\t\t\t\t\t<h2 class=\"elementor-heading-title elementor-size-default\">Informaci\u00f3n general<\/h2>\t\t\t\t<\/div>\n\t\t\t\t<div class=\"elementor-element elementor-element-451293f elementor-widget__width-inherit elementor-widget elementor-widget-text-editor\" data-id=\"451293f\" data-element_type=\"widget\" data-e-type=\"widget\" data-widget_type=\"text-editor.default\">\n\t\t\t\t\t\t\t\t\t<p>Este aviso legal regula el uso de los servicios del sitio web <a href=\"http:\/\/presentes.imaisd.es\">presentes.gal<\/a>, propiedad del Departamento de Pol\u00edtica Social e Igualdad de la Xunta de Galicia (en adelante, \u00abel Departamento\u00bb).<\/p><p>El acceso al sitio web es gratuito y puede realizarse con o sin registro previo. En este \u00faltimo caso, las funcionalidades estar\u00e1n limitadas. Por lo tanto, para ser usuaria activa del sitio web como profesional o experta, ser\u00e1 necesario registrarse como tal creando la cuenta correspondiente.<\/p><p>El uso del sitio web, con o sin registro previo, le atribuye la condici\u00f3n de usuaria e implica la aceptaci\u00f3n plena e incondicional de todas las disposiciones incluidas en este Aviso Legal en la versi\u00f3n publicada en el momento de su acceso al sitio web y, en caso de registrarse como usuaria, de las condiciones espec\u00edficas sobre protecci\u00f3n de datos personales.<\/p><p>Como usuarios, se comprometen a utilizar el sitio web, as\u00ed como sus servicios y contenidos, con diligencia, absteni\u00e9ndose de realizar cualquier acci\u00f3n que pueda contravenir los derechos o intereses del Departamento o de terceros, como, por ejemplo, los derechos de propiedad intelectual o industrial o los derechos de imagen, y respetando, en todo caso, la legalidad vigente.<\/p><p>El contenido proporcionado a trav\u00e9s de este Portal se ofrece con fines meramente informativos y no sustituye la publicaci\u00f3n de las disposiciones y actos que deben publicarse formalmente en boletines oficiales. Si bien se realizar\u00e1n los esfuerzos necesarios para que la informaci\u00f3n contenida sea precisa y est\u00e9 actualizada, el Departamento no garantiza la ausencia de errores en el contenido de este sitio web, ni que est\u00e9 completamente actualizado.<\/p><p>El Departamento se reserva el derecho de modificar y actualizar los servicios e informaci\u00f3n contenidos en este sitio web en cualquier momento y sin previo aviso, pudiendo cambiar, suprimir o a\u00f1adir tanto el contenido y los servicios que se ofrecen en \u00e9l como su configuraci\u00f3n, as\u00ed como la forma en que se muestran en su sitio web.<\/p><p>El Departamento no garantiza la disponibilidad ni la continuidad del funcionamiento de este sitio web, sus servicios o contenidos, ni su actualizaci\u00f3n permanente. No obstante, siempre que sea razonablemente posible, se notificar\u00e1 con antelaci\u00f3n cualquier interrupci\u00f3n en el funcionamiento del sitio web y los servicios que ofrece. En este sentido, el Departamento declina toda responsabilidad por los posibles da\u00f1os de cualquier naturaleza que pudieran derivarse de la falta de disponibilidad o continuidad del funcionamiento del sitio web y los servicios que ofrece.<\/p><p>El Departamento no se responsabiliza del uso o destino que los usuarios den a la informaci\u00f3n proporcionada a trav\u00e9s del sitio web o cualquiera de sus servicios, ni de los comentarios, opiniones e ideas que, en su caso, puedan difundirse mediante cualquier herramienta participativa o colaborativa puesta a disposici\u00f3n de los usuarios.<\/p><p>El Departamento no se responsabiliza de los da\u00f1os que pudieran ocasionarse por el uso ileg\u00edtimo o inapropiado de las herramientas e informaci\u00f3n contenidas en el sitio web, salvo en los casos que resulten de la aplicaci\u00f3n de las disposiciones legales a las que debe someterse en el estricto ejercicio de sus competencias.<\/p><p>El acceso al sitio web y el uso que se haga de la informaci\u00f3n contenida en \u00e9l son responsabilidad exclusiva de quien lo utiliza. Asimismo, los usuarios ser\u00e1n los \u00fanicos responsables de la veracidad de los datos que comuniquen a trav\u00e9s del sitio web, comprometi\u00e9ndose a hacer un uso diligente y confidencial de las claves que les facilite el Departamento para acceder a los servicios y contenidos. En consecuencia, los usuarios son responsables de la correcta custodia y confidencialidad de sus identificadores o contrase\u00f1as, y se comprometen a no ceder su uso a terceros ni permitirles el acceso. Los usuarios tambi\u00e9n est\u00e1n obligados a notificar inmediatamente al Departamento cualquier incidente que pueda implicar el uso indebido de dichos identificadores (robo, p\u00e9rdida, etc.) para proceder a su cancelaci\u00f3n. Hasta que se notifiquen dichos incidentes, el Departamento quedar\u00e1 exento de cualquier responsabilidad derivada del uso indebido de los identificadores o contrase\u00f1as por parte de terceros no autorizados.<\/p><p>El sitio web puede ofrecer a los usuarios dispositivos t\u00e9cnicos de enlace (enlaces, banners o botones) que permiten el acceso a sitios web propiedad de terceros o gestionados por ellos, y que pueden ser de inter\u00e9s para los usuarios con el \u00fanico objetivo de facilitar la b\u00fasqueda de recursos a trav\u00e9s de Internet, es decir, con fines meramente informativos, sin que en ning\u00fan caso implique una sugerencia, invitaci\u00f3n o recomendaci\u00f3n sobre ellos. Estas p\u00e1ginas gestionadas por terceros no pertenecen al Departamento ni este revisa su contenido, por lo que no se responsabiliza de la conexi\u00f3n, calidad, exactitud o veracidad de las mismas ni del funcionamiento de la p\u00e1gina enlazada, ni de los posibles da\u00f1os que puedan derivarse de su acceso o uso, y los usuarios de este sitio web deben, en todo caso, respetar las condiciones espec\u00edficas de uso de dichos enlaces. Se recomienda a los usuarios que tengan en cuenta que al utilizar uno de estos enlaces abandonan nuestro sitio web y que lean las pol\u00edticas de privacidad de otros sitios web, especialmente si se solicitan datos personales a trav\u00e9s de ellos.<\/p><h2><br \/>Propiedad intelectual e industrial y derechos de imagen<\/h2><p>El Ministerio es titular del dominio <a href=\"http:\/\/presentes.imaisd.es\">presentes.gal<\/a>. Todo el contenido disponible en el sitio web, incluyendo su dise\u00f1o, estructura y distribuci\u00f3n, textos, logotipos, marcas, botones, im\u00e1genes, dibujos, c\u00f3digo fuente, as\u00ed como todos los derechos de propiedad intelectual e industrial y cualquier otro signo distintivo, son propiedad del Ministerio o de la Administraci\u00f3n General y del sector p\u00fablico aut\u00f3nomo de Galicia, o bien son explotados leg\u00edtimamente por este en virtud de acuerdos o licencias de uso.<\/p><p>La informaci\u00f3n disponible en este sitio web, salvo indicaci\u00f3n expresa en contrario, es susceptible de reutilizaci\u00f3n, y se autoriza su reproducci\u00f3n total o parcial, modificaci\u00f3n, distribuci\u00f3n y comunicaci\u00f3n, para usos comerciales y no comerciales, con sujeci\u00f3n a las siguientes condiciones:<\/p><ul><li>Queda prohibida la alteraci\u00f3n del contenido de la informaci\u00f3n en cualquier circunstancia.<\/li><li>Los usuarios est\u00e1n obligados a citar la fuente de los documentos que reutilicen.<\/li><li>El derecho a la protecci\u00f3n de datos personales de las personas cuyos datos se difundan a trav\u00e9s del sitio web deber\u00e1 respetarse en todo caso.<\/li><\/ul><p>Esta licencia no reduce ni restringe los derechos exclusivos del titular de los derechos de propiedad intelectual, tales como el dise\u00f1o del sitio web y los c\u00f3digos fuente, marcas registradas, nombres comerciales, logotipos o signos distintivos, de conformidad con la Ley de Propiedad Intelectual y dem\u00e1s leyes aplicables.<\/p><p>Al subir, compartir o difundir contenido en este sitio web, como im\u00e1genes, los usuarios autorizan al Departamento a utilizar dicho material para el desarrollo de actividades promocionales y de difusi\u00f3n en esta plataforma, de forma gratuita y sin l\u00edmite de tiempo ni espacio. Asimismo, los usuarios solo podr\u00e1n utilizar y publicar contenido sobre el cual posean los derechos de propiedad intelectual suficientes.<\/p>\t\t\t\t\t\t\t\t<\/div>\n\t\t\t\t<\/div>\n\t\t\t\t<\/div>\n\t\t\t\t<\/div>\n\t\t","protected":false},"excerpt":{"rendered":"<p>Aviso legal Informaci\u00f3n general Este aviso legal regula el uso de los servicios del sitio web presentes.gal, propiedad del Departamento de Pol\u00edtica Social e Igualdad de la Xunta de Galicia (en adelante, \u00abel Departamento\u00bb). El acceso al sitio web es gratuito y puede realizarse con o sin registro previo. En este \u00faltimo caso, las funcionalidades [&hellip;]<\/p>\n","protected":false},"author":1,"featured_media":0,"parent":0,"menu_order":0,"comment_status":"closed","ping_status":"closed","template":"","meta":{"footnotes":""},"class_list":["post-2672","page","type-page","status-publish","hentry"],"_links":{"self":[{"href":"http:\/\/presentes.imaisd.es\/es\/wp-json\/wp\/v2\/pages\/2672","targetHints":{"allow":["GET"]}}],"collection":[{"href":"http:\/\/presentes.imaisd.es\/es\/wp-json\/wp\/v2\/pages"}],"about":[{"href":"http:\/\/presentes.imaisd.es\/es\/wp-json\/wp\/v2\/types\/page"}],"author":[{"embeddable":true,"href":"http:\/\/presentes.imaisd.es\/es\/wp-json\/wp\/v2\/users\/1"}],"replies":[{"embeddable":true,"href":"http:\/\/presentes.imaisd.es\/es\/wp-json\/wp\/v2\/comments?post=2672"}],"version-history":[{"count":3,"href":"http:\/\/presentes.imaisd.es\/es\/wp-json\/wp\/v2\/pages\/2672\/revisions"}],"predecessor-version":[{"id":2676,"href":"http:\/\/presentes.imaisd.es\/es\/wp-json\/wp\/v2\/pages\/2672\/revisions\/2676"}],"wp:attachment":[{"href":"http:\/\/presentes.imaisd.es\/es\/wp-json\/wp\/v2\/media?parent=2672"}],"curies":[{"name":"wp","href":"https:\/\/api.w.org\/{rel}","templated":true}]}}