{"id":2659,"date":"2026-01-29T14:03:00","date_gmt":"2026-01-29T13:03:00","guid":{"rendered":"http:\/\/presentes.imaisd.es\/glosario-termos\/"},"modified":"2026-03-30T13:07:52","modified_gmt":"2026-03-30T11:07:52","slug":"glosario-termos","status":"publish","type":"page","link":"http:\/\/presentes.imaisd.es\/es\/glosario-termos\/","title":{"rendered":"Glosario de t\u00e9rminos"},"content":{"rendered":"\t\t<div data-elementor-type=\"wp-page\" data-elementor-id=\"2659\" class=\"elementor elementor-2659 elementor-296\" data-elementor-post-type=\"page\">\n\t\t\t\t<div class=\"elementor-element elementor-element-9b449e4 e-con-full body-azul e-flex e-con e-parent\" data-id=\"9b449e4\" data-element_type=\"container\" data-e-type=\"container\" data-settings=\"{&quot;background_background&quot;:&quot;classic&quot;}\">\n\t\t\t\t<div class=\"elementor-element elementor-element-1982f1e elementor-widget__width-inherit elementor-widget elementor-widget-heading\" data-id=\"1982f1e\" data-element_type=\"widget\" data-e-type=\"widget\" data-widget_type=\"heading.default\">\n\t\t\t\t\t<h1 class=\"elementor-heading-title elementor-size-default\">GLOSARIO DE<\/br>T\u00c9RMINOS.<\/h1>\t\t\t\t<\/div>\n\t\t\t\t<div class=\"elementor-element elementor-element-8f84d65 elementor-widget__width-initial elementor-widget elementor-widget-text-editor\" data-id=\"8f84d65\" data-element_type=\"widget\" data-e-type=\"widget\" data-widget_type=\"text-editor.default\">\n\t\t\t\t\t\t\t\t\t<p>Glosario de t\u00e9rminos sobre igualdad de g\u00e9nero en el \u00e1mbito profesional<\/p>\t\t\t\t\t\t\t\t<\/div>\n\t\t\t\t<\/div>\n\t\t<div class=\"elementor-element elementor-element-c1aef6d e-con-full e-grid e-con e-parent\" data-id=\"c1aef6d\" data-element_type=\"container\" data-e-type=\"container\" data-settings=\"{&quot;background_background&quot;:&quot;classic&quot;}\">\n\t\t\t\t<div class=\"elementor-element elementor-element-1dd5713 elementor-widget elementor-widget-heading\" data-id=\"1dd5713\" data-element_type=\"widget\" data-e-type=\"widget\" data-widget_type=\"heading.default\">\n\t\t\t\t\t<h2 class=\"elementor-heading-title elementor-size-default\">Glosario<\/h2>\t\t\t\t<\/div>\n\t\t<div class=\"elementor-element elementor-element-13872f9 e-con-full e-flex e-con e-child\" data-id=\"13872f9\" data-element_type=\"container\" data-e-type=\"container\">\n\t\t<div class=\"elementor-element elementor-element-f51b320 e-con-full e-flex e-con e-child\" data-id=\"f51b320\" data-element_type=\"container\" data-e-type=\"container\">\n\t\t\t\t<div class=\"elementor-element elementor-element-9372232 elementor-widget elementor-widget-heading\" data-id=\"9372232\" data-element_type=\"widget\" data-e-type=\"widget\" data-widget_type=\"heading.default\">\n\t\t\t\t\t<h3 class=\"elementor-heading-title elementor-size-default\">Techo de cristal<\/h3>\t\t\t\t<\/div>\n\t\t\t\t<div class=\"elementor-element elementor-element-b76ee8b elementor-widget__width-initial elementor-widget elementor-widget-text-editor\" data-id=\"b76ee8b\" data-element_type=\"widget\" data-e-type=\"widget\" data-widget_type=\"text-editor.default\">\n\t\t\t\t\t\t\t\t\t<p>Met\u00e1fora que describe las barreras invisibles y estructurales que dificultan que las mujeres accedan a puestos de alta responsabilidad y liderazgo, a pesar de contar con la formaci\u00f3n, experiencia y m\u00e9ritos necesarios. No se trata de normas expl\u00edcitas, sino de pr\u00e1cticas, sesgos y din\u00e1micas organizativas que limitan su promoci\u00f3n.<\/p>\t\t\t\t\t\t\t\t<\/div>\n\t\t\t\t<\/div>\n\t\t<div class=\"elementor-element elementor-element-813aff8 e-con-full e-flex e-con e-child\" data-id=\"813aff8\" data-element_type=\"container\" data-e-type=\"container\">\n\t\t\t\t<div class=\"elementor-element elementor-element-009c53e elementor-widget elementor-widget-heading\" data-id=\"009c53e\" data-element_type=\"widget\" data-e-type=\"widget\" data-widget_type=\"heading.default\">\n\t\t\t\t\t<h3 class=\"elementor-heading-title elementor-size-default\">Suelo pegajoso<\/h3>\t\t\t\t<\/div>\n\t\t\t\t<div class=\"elementor-element elementor-element-2d9624a elementor-widget__width-initial elementor-widget elementor-widget-text-editor\" data-id=\"2d9624a\" data-element_type=\"widget\" data-e-type=\"widget\" data-widget_type=\"text-editor.default\">\n\t\t\t\t\t\t\t\t\t<p>Concepto que hace referencia a los factores que mantienen a muchas mujeres atrapadas en los niveles m\u00e1s bajos de la jerarqu\u00eda laboral, con escasas oportunidades de promoci\u00f3n y movilidad. Est\u00e1 vinculado a la precariedad, a la segregaci\u00f3n ocupacional y a la asignaci\u00f3n desigual de las responsabilidades de cuidados.<\/p>\t\t\t\t\t\t\t\t<\/div>\n\t\t\t\t<\/div>\n\t\t<div class=\"elementor-element elementor-element-0b5591f e-con-full e-flex e-con e-child\" data-id=\"0b5591f\" data-element_type=\"container\" data-e-type=\"container\">\n\t\t\t\t<div class=\"elementor-element elementor-element-e0b2ebf elementor-widget elementor-widget-heading\" data-id=\"e0b2ebf\" data-element_type=\"widget\" data-e-type=\"widget\" data-widget_type=\"heading.default\">\n\t\t\t\t\t<h3 class=\"elementor-heading-title elementor-size-default\">Techo de cemento<\/h3>\t\t\t\t<\/div>\n\t\t\t\t<div class=\"elementor-element elementor-element-abb639d elementor-widget__width-initial elementor-widget elementor-widget-text-editor\" data-id=\"abb639d\" data-element_type=\"widget\" data-e-type=\"widget\" data-widget_type=\"text-editor.default\">\n\t\t\t\t\t\t\t\t\t<p>Met\u00e1fora que describe las barreras invisibles e interiorizadas que dificultan que mujeres altamente cualificadas accedan a los niveles jer\u00e1rquicos m\u00e1s altos del \u00e1mbito profesional. Estas barreras no proceden \u00fanicamente de obst\u00e1culos externos ni son impuestas solo por los hombres, tambi\u00e9n se relacionan con la interiorizaci\u00f3n de modelos de liderazgo tradicionales y masculinizados, a los que muchas mujeres se vieron obligadas a adaptarse y por lo tanto no ayudan a otras mujeres a ascender.<\/p>\t\t\t\t\t\t\t\t<\/div>\n\t\t\t\t<\/div>\n\t\t<div class=\"elementor-element elementor-element-e4c285b e-con-full e-flex e-con e-child\" data-id=\"e4c285b\" data-element_type=\"container\" data-e-type=\"container\">\n\t\t\t\t<div class=\"elementor-element elementor-element-4d0e61f elementor-widget elementor-widget-heading\" data-id=\"4d0e61f\" data-element_type=\"widget\" data-e-type=\"widget\" data-widget_type=\"heading.default\">\n\t\t\t\t\t<h3 class=\"elementor-heading-title elementor-size-default\">Techo de papel<\/h3>\t\t\t\t<\/div>\n\t\t\t\t<div class=\"elementor-element elementor-element-7f27aaa elementor-widget__width-initial elementor-widget elementor-widget-text-editor\" data-id=\"7f27aaa\" data-element_type=\"widget\" data-e-type=\"widget\" data-widget_type=\"text-editor.default\">\n\t\t\t\t\t\t\t\t\t<p>Concepto acu\u00f1ado por el soci\u00f3logo canadiense Eran Shor para describir la infrarrepresentaci\u00f3n persistente de las mujeres en los medios escritos y en la producci\u00f3n de conocimiento experto. Se refiere a c\u00f3mo, en contextos profesionales altamente exigentes y con din\u00e1micas de trabajo aceleradas, se tiende a recorrer de manera sistem\u00e1tica a fuentes, voces y referentes masculinos, reproduciendo la invisibilizaci\u00f3n de las mujeres. Este fen\u00f3meno no responde a la falta de mujeres expertas, sino a las rutinas profesionales, a las agendas heredadas y al impacto previo del techo de cristal en los espacios de poder y reconocimiento.<\/p>\t\t\t\t\t\t\t\t<\/div>\n\t\t\t\t<\/div>\n\t\t<div class=\"elementor-element elementor-element-8f17028 e-con-full e-flex e-con e-child\" data-id=\"8f17028\" data-element_type=\"container\" data-e-type=\"container\">\n\t\t\t\t<div class=\"elementor-element elementor-element-5a3a205 elementor-widget elementor-widget-heading\" data-id=\"5a3a205\" data-element_type=\"widget\" data-e-type=\"widget\" data-widget_type=\"heading.default\">\n\t\t\t\t\t<h3 class=\"elementor-heading-title elementor-size-default\">Brecha salarial de<br>g\u00e9nero<\/h3>\t\t\t\t<\/div>\n\t\t\t\t<div class=\"elementor-element elementor-element-8e81628 elementor-widget__width-initial elementor-widget elementor-widget-text-editor\" data-id=\"8e81628\" data-element_type=\"widget\" data-e-type=\"widget\" data-widget_type=\"text-editor.default\">\n\t\t\t\t\t\t\t\t\t<p>Diferencia media entre los salarios de mujeres y hombres. Refleja desigualdades estructurales como la segregaci\u00f3n ocupacional, la infravaloraci\u00f3n de los sectores feminizados, la parcialidad involuntaria y la menor presencia de las mujeres en puestos mejor remunerados.<\/p>\t\t\t\t\t\t\t\t<\/div>\n\t\t\t\t<\/div>\n\t\t<div class=\"elementor-element elementor-element-9c8f7aa e-con-full e-flex e-con e-child\" data-id=\"9c8f7aa\" data-element_type=\"container\" data-e-type=\"container\">\n\t\t\t\t<div class=\"elementor-element elementor-element-ab26aad elementor-widget__width-initial elementor-widget elementor-widget-heading\" data-id=\"ab26aad\" data-element_type=\"widget\" data-e-type=\"widget\" data-widget_type=\"heading.default\">\n\t\t\t\t\t<h3 class=\"elementor-heading-title elementor-size-default\">Conciliaci\u00f3n de la vida laboral, personal y familiar<\/h3>\t\t\t\t<\/div>\n\t\t\t\t<div class=\"elementor-element elementor-element-3ad9bc5 elementor-widget__width-initial elementor-widget elementor-widget-text-editor\" data-id=\"3ad9bc5\" data-element_type=\"widget\" data-e-type=\"widget\" data-widget_type=\"text-editor.default\">\n\t\t\t\t\t\t\t\t\t<p>Conjunto de medidas, pol\u00edticas y pr\u00e1cticas que buscan compatibilizar el empleo con la vida personal y familiar, sin penalizaci\u00f3n profesional. Desde la perspectiva de la igualdad, implica avanzar hacia la corresponsabilidad, evitando que los cuidados recaigan mayoritariamente en las mujeres.<\/p>\t\t\t\t\t\t\t\t<\/div>\n\t\t\t\t<\/div>\n\t\t<div class=\"elementor-element elementor-element-7abdf2f e-con-full e-flex e-con e-child\" data-id=\"7abdf2f\" data-element_type=\"container\" data-e-type=\"container\">\n\t\t\t\t<div class=\"elementor-element elementor-element-d4708ea elementor-widget__width-inherit elementor-widget-mobile__width-inherit elementor-widget elementor-widget-heading\" data-id=\"d4708ea\" data-element_type=\"widget\" data-e-type=\"widget\" data-widget_type=\"heading.default\">\n\t\t\t\t\t<h3 class=\"elementor-heading-title elementor-size-default\">Mainstreaming de g\u00e9nero (transversalidad de g\u00e9nero)<\/h3>\t\t\t\t<\/div>\n\t\t\t\t<div class=\"elementor-element elementor-element-d4a71ed elementor-widget__width-initial elementor-widget elementor-widget-text-editor\" data-id=\"d4a71ed\" data-element_type=\"widget\" data-e-type=\"widget\" data-widget_type=\"text-editor.default\">\n\t\t\t\t\t\t\t\t\t<p>Estrategia que consiste en integrar la perspectiva de g\u00e9nero en todas las pol\u00edticas, decisiones y pr\u00e1cticas organizativas, evaluando de manera sistem\u00e1tica sus efectos diferenciados sobre mujeres y hombres, con el objetivo de prevenir desigualdades y promover la igualdad real.<\/p>\t\t\t\t\t\t\t\t<\/div>\n\t\t\t\t<\/div>\n\t\t<div class=\"elementor-element elementor-element-3cdf571 e-con-full e-flex e-con e-child\" data-id=\"3cdf571\" data-element_type=\"container\" data-e-type=\"container\">\n\t\t\t\t<div class=\"elementor-element elementor-element-46b529a elementor-widget__width-inherit elementor-widget elementor-widget-heading\" data-id=\"46b529a\" data-element_type=\"widget\" data-e-type=\"widget\" data-widget_type=\"heading.default\">\n\t\t\t\t\t<h3 class=\"elementor-heading-title elementor-size-default\">S\u00edndrome de<\/br>la impostora<\/h3>\t\t\t\t<\/div>\n\t\t\t\t<div class=\"elementor-element elementor-element-5ba2a9a elementor-widget__width-initial elementor-widget elementor-widget-text-editor\" data-id=\"5ba2a9a\" data-element_type=\"widget\" data-e-type=\"widget\" data-widget_type=\"text-editor.default\">\n\t\t\t\t\t\t\t\t\t<p>Concepto que describe la experiencia psicol\u00f3gica por la que personas altamente capacitadas (especialmente mujeres) dudan de sus propias competencias y atribuyen sus logros a factores externos, como la suerte o el esfuerzo excesivo, en lugar de a su m\u00e9rito. En el \u00e1mbito profesional, este fen\u00f3meno est\u00e1 estrechamente relacionado con los estereotipos de g\u00e9nero, la infrarrepresentaci\u00f3n de las mulleres en puestos de poder y la ausencia de referentes, pudiendo reforzar fen\u00f3menos como el techo de cemento y limitar la autoconfianza e a proyecci\u00f3n profesional.<\/p>\t\t\t\t\t\t\t\t<\/div>\n\t\t\t\t<\/div>\n\t\t<div class=\"elementor-element elementor-element-990a954 e-con-full e-flex e-con e-child\" data-id=\"990a954\" data-element_type=\"container\" data-e-type=\"container\">\n\t\t\t\t<div class=\"elementor-element elementor-element-66f6cb3 elementor-widget__width-inherit elementor-widget elementor-widget-heading\" data-id=\"66f6cb3\" data-element_type=\"widget\" data-e-type=\"widget\" data-widget_type=\"heading.default\">\n\t\t\t\t\t<h3 class=\"elementor-heading-title elementor-size-default\">Manel<\/h3>\t\t\t\t<\/div>\n\t\t\t\t<div class=\"elementor-element elementor-element-ea07d7c elementor-widget__width-initial elementor-widget elementor-widget-text-editor\" data-id=\"ea07d7c\" data-element_type=\"widget\" data-e-type=\"widget\" data-widget_type=\"text-editor.default\">\n\t\t\t\t\t\t\t\t\t<p>T\u00e9rmino empleado para describir un panel, mesa redonda o conferencia compuesta exclusivamente por hombres, especialmente en eventos profesionales, acad\u00e9micos o institucionales. La palabra surge de la combinaci\u00f3n en ingl\u00e9s de <i>man<\/i> (hombre) y <i>panel<\/i> (panel de personas ponentes). Los <i>manels<\/i> evidencian la falta de diversidad y de representaci\u00f3n de las mujeres como expertas, contribuyendo a su invisibilizaci\u00f3n, a la reproducci\u00f3n de estereotipos de g\u00e9nero y al refuerzo del techo de papel y del techo de cristal en los espacios de reconocimiento y autoridad.<\/p>\t\t\t\t\t\t\t\t<\/div>\n\t\t\t\t<\/div>\n\t\t\t\t<\/div>\n\t\t\t\t<\/div>\n\t\t\t\t<\/div>\n\t\t","protected":false},"excerpt":{"rendered":"<p>GLOSARIO DET\u00c9RMINOS. Glosario de t\u00e9rminos sobre igualdad de g\u00e9nero en el \u00e1mbito profesional Glosario Techo de cristal Met\u00e1fora que describe las barreras invisibles y estructurales que dificultan que las mujeres accedan a puestos de alta responsabilidad y liderazgo, a pesar de contar con la formaci\u00f3n, experiencia y m\u00e9ritos necesarios. No se trata de normas expl\u00edcitas, [&hellip;]<\/p>\n","protected":false},"author":1,"featured_media":2551,"parent":0,"menu_order":0,"comment_status":"closed","ping_status":"closed","template":"","meta":{"footnotes":""},"class_list":["post-2659","page","type-page","status-publish","has-post-thumbnail","hentry"],"_links":{"self":[{"href":"http:\/\/presentes.imaisd.es\/es\/wp-json\/wp\/v2\/pages\/2659","targetHints":{"allow":["GET"]}}],"collection":[{"href":"http:\/\/presentes.imaisd.es\/es\/wp-json\/wp\/v2\/pages"}],"about":[{"href":"http:\/\/presentes.imaisd.es\/es\/wp-json\/wp\/v2\/types\/page"}],"author":[{"embeddable":true,"href":"http:\/\/presentes.imaisd.es\/es\/wp-json\/wp\/v2\/users\/1"}],"replies":[{"embeddable":true,"href":"http:\/\/presentes.imaisd.es\/es\/wp-json\/wp\/v2\/comments?post=2659"}],"version-history":[{"count":4,"href":"http:\/\/presentes.imaisd.es\/es\/wp-json\/wp\/v2\/pages\/2659\/revisions"}],"predecessor-version":[{"id":2666,"href":"http:\/\/presentes.imaisd.es\/es\/wp-json\/wp\/v2\/pages\/2659\/revisions\/2666"}],"wp:featuredmedia":[{"embeddable":true,"href":"http:\/\/presentes.imaisd.es\/es\/wp-json\/wp\/v2\/media\/2551"}],"wp:attachment":[{"href":"http:\/\/presentes.imaisd.es\/es\/wp-json\/wp\/v2\/media?parent=2659"}],"curies":[{"name":"wp","href":"https:\/\/api.w.org\/{rel}","templated":true}]}}