{"id":2641,"date":"2026-01-29T16:28:25","date_gmt":"2026-01-29T15:28:25","guid":{"rendered":"http:\/\/presentes.imaisd.es\/son-publico-dun-evento\/"},"modified":"2026-04-08T08:26:33","modified_gmt":"2026-04-08T06:26:33","slug":"son-publico-dun-evento","status":"publish","type":"page","link":"http:\/\/presentes.imaisd.es\/es\/son-publico-dun-evento\/","title":{"rendered":"Asisto a un evento"},"content":{"rendered":"\t\t<div data-elementor-type=\"wp-page\" data-elementor-id=\"2641\" class=\"elementor elementor-2641 elementor-372\" data-elementor-post-type=\"page\">\n\t\t\t\t<div class=\"elementor-element elementor-element-bd3166e e-con-full body-azul e-flex e-con e-parent\" data-id=\"bd3166e\" data-element_type=\"container\" data-e-type=\"container\" data-settings=\"{&quot;background_background&quot;:&quot;classic&quot;}\">\n\t\t\t\t<div class=\"elementor-element elementor-element-b792122 elementor-widget__width-inherit elementor-widget elementor-widget-heading\" data-id=\"b792122\" data-element_type=\"widget\" data-e-type=\"widget\" data-widget_type=\"heading.default\">\n\t\t\t\t\t<h1 class=\"elementor-heading-title elementor-size-default\">SOY P\u00daBLICO<\/br>EN UN EVENTO.<\/h1>\t\t\t\t<\/div>\n\t\t\t\t<div class=\"elementor-element elementor-element-a71ac38 elementor-widget__width-initial elementor-widget elementor-widget-text-editor\" data-id=\"a71ac38\" data-element_type=\"widget\" data-e-type=\"widget\" data-widget_type=\"text-editor.default\">\n\t\t\t\t\t\t\t\t\t<p>Tengas el rol que tengas, formar parte de un evento es siempre una oportunidad de construir una sociedad m\u00e1s igualitaria. Si en tu caso asistes a alg\u00fan evento entendemos que pueden darse dos posibilidades.<\/p>\t\t\t\t\t\t\t\t<\/div>\n\t\t\t\t<\/div>\n\t\t<div class=\"elementor-element elementor-element-936b86a e-con-full e-grid e-con e-parent\" data-id=\"936b86a\" data-element_type=\"container\" data-e-type=\"container\" data-settings=\"{&quot;background_background&quot;:&quot;classic&quot;}\">\n\t\t\t\t<div class=\"elementor-element elementor-element-cbf2a1e elementor-widget__width-initial elementor-widget elementor-widget-heading\" data-id=\"cbf2a1e\" data-element_type=\"widget\" data-e-type=\"widget\" data-widget_type=\"heading.default\">\n\t\t\t\t\t<h2 class=\"elementor-heading-title elementor-size-default\">Asisto a un evento no igualitario<\/h2>\t\t\t\t<\/div>\n\t\t<div class=\"elementor-element elementor-element-e0bfb16 e-con-full e-flex e-con e-child\" data-id=\"e0bfb16\" data-element_type=\"container\" data-e-type=\"container\">\n\t\t<div class=\"elementor-element elementor-element-c99a2b9 e-con-full e-flex e-con e-child\" data-id=\"c99a2b9\" data-element_type=\"container\" data-e-type=\"container\">\n\t\t\t\t<div class=\"elementor-element elementor-element-84169b3 elementor-widget elementor-widget-heading\" data-id=\"84169b3\" data-element_type=\"widget\" data-e-type=\"widget\" data-widget_type=\"heading.default\">\n\t\t\t\t\t<h3 class=\"elementor-heading-title elementor-size-default\">Contactar<\/h3>\t\t\t\t<\/div>\n\t\t\t\t<div class=\"elementor-element elementor-element-2105e73 elementor-widget__width-initial elementor-widget elementor-widget-text-editor\" data-id=\"2105e73\" data-element_type=\"widget\" data-e-type=\"widget\" data-widget_type=\"text-editor.default\">\n\t\t\t\t\t\t\t\t\t<p>Escribir en las redes o a trav\u00e9s de la web del evento y dar a conocer PRESENTES puede ayudar a las personas organizadoras a encontrar mujeres e incluso a cambiar mentalidades si nunca hab\u00edan pensado en la importancia que pueden tener en la igualdad.<\/p>\t\t\t\t\t\t\t\t<\/div>\n\t\t\t\t<\/div>\n\t\t<div class=\"elementor-element elementor-element-e674f14 e-con-full e-flex e-con e-child\" data-id=\"e674f14\" data-element_type=\"container\" data-e-type=\"container\">\n\t\t\t\t<div class=\"elementor-element elementor-element-90185e5 elementor-widget elementor-widget-heading\" data-id=\"90185e5\" data-element_type=\"widget\" data-e-type=\"widget\" data-widget_type=\"heading.default\">\n\t\t\t\t\t<h3 class=\"elementor-heading-title elementor-size-default\">Conversar<\/h3>\t\t\t\t<\/div>\n\t\t\t\t<div class=\"elementor-element elementor-element-51ed2f2 elementor-widget__width-initial elementor-widget elementor-widget-text-editor\" data-id=\"51ed2f2\" data-element_type=\"widget\" data-e-type=\"widget\" data-widget_type=\"text-editor.default\">\n\t\t\t\t\t\t\t\t\t<p>Hablar con la gente asistente, en el momento y en la forma que te sientas m\u00e1s c\u00f3moda, de la oportunidad perdida que es no tener en cuenta otras miradas en el tema del evento. Es un modo de ayudar a reflexionar sobre esta causa, seguro que te llevas bonitas sorpresas y m\u00e1s gente piensa como t\u00fa.<\/p>\t\t\t\t\t\t\t\t<\/div>\n\t\t\t\t<\/div>\n\t\t<div class=\"elementor-element elementor-element-960a686 e-con-full e-flex e-con e-child\" data-id=\"960a686\" data-element_type=\"container\" data-e-type=\"container\">\n\t\t\t\t<div class=\"elementor-element elementor-element-d781f34 elementor-widget elementor-widget-heading\" data-id=\"d781f34\" data-element_type=\"widget\" data-e-type=\"widget\" data-widget_type=\"heading.default\">\n\t\t\t\t\t<h3 class=\"elementor-heading-title elementor-size-default\">Compartir<\/h3>\t\t\t\t<\/div>\n\t\t\t\t<div class=\"elementor-element elementor-element-a55fd2b elementor-widget__width-initial elementor-widget elementor-widget-text-editor\" data-id=\"a55fd2b\" data-element_type=\"widget\" data-e-type=\"widget\" data-widget_type=\"text-editor.default\">\n\t\t\t\t\t\t\t\t\t<p>Hacerte eco en tus redes (o entorno) de tu experiencia y visi\u00f3n del evento al que asististe ayudar\u00e1, seguro, a mucha gente a reflexionar sobre sus capacidades como asistentes a eventos, e incluso a conocer el proyecto PRESENTES.<\/p>\t\t\t\t\t\t\t\t<\/div>\n\t\t\t\t<\/div>\n\t\t\t\t<\/div>\n\t\t\t\t<\/div>\n\t\t<div class=\"elementor-element elementor-element-e196e78 e-con-full e-grid background-blue e-con e-parent\" data-id=\"e196e78\" data-element_type=\"container\" data-e-type=\"container\" data-settings=\"{&quot;background_background&quot;:&quot;classic&quot;}\">\n\t\t\t\t<div class=\"elementor-element elementor-element-8239877 elementor-widget__width-initial elementor-widget elementor-widget-heading\" data-id=\"8239877\" data-element_type=\"widget\" data-e-type=\"widget\" data-widget_type=\"heading.default\">\n\t\t\t\t\t<h2 class=\"elementor-heading-title elementor-size-default\">Asisto a un evento igualitario<\/h2>\t\t\t\t<\/div>\n\t\t<div class=\"elementor-element elementor-element-e0a8797 e-con-full e-flex e-con e-child\" data-id=\"e0a8797\" data-element_type=\"container\" data-e-type=\"container\">\n\t\t<div class=\"elementor-element elementor-element-8d8ab22 e-con-full e-flex e-con e-child\" data-id=\"8d8ab22\" data-element_type=\"container\" data-e-type=\"container\">\n\t\t\t\t<div class=\"elementor-element elementor-element-af39fdf elementor-widget elementor-widget-heading\" data-id=\"af39fdf\" data-element_type=\"widget\" data-e-type=\"widget\" data-widget_type=\"heading.default\">\n\t\t\t\t\t<h3 class=\"elementor-heading-title elementor-size-default\">Animar<\/h3>\t\t\t\t<\/div>\n\t\t\t\t<div class=\"elementor-element elementor-element-d2ba1c6 elementor-widget__width-initial elementor-widget elementor-widget-text-editor\" data-id=\"d2ba1c6\" data-element_type=\"widget\" data-e-type=\"widget\" data-widget_type=\"text-editor.default\">\n\t\t\t\t\t\t\t\t\t<p>Cuanto m\u00e1s \u00e9xito tengan los eventos igualitarios m\u00e1s personas podr\u00e1n inspirarse desde una mirada m\u00e1s diversa de nuestra realidad, y m\u00e1s se har\u00e1n en el futuro. Animar a otra gente a asistir es un primer paso importante.<\/p>\t\t\t\t\t\t\t\t<\/div>\n\t\t\t\t<\/div>\n\t\t<div class=\"elementor-element elementor-element-765869d e-con-full e-flex e-con e-child\" data-id=\"765869d\" data-element_type=\"container\" data-e-type=\"container\">\n\t\t\t\t<div class=\"elementor-element elementor-element-78ef74c elementor-widget elementor-widget-heading\" data-id=\"78ef74c\" data-element_type=\"widget\" data-e-type=\"widget\" data-widget_type=\"heading.default\">\n\t\t\t\t\t<h3 class=\"elementor-heading-title elementor-size-default\">Conversar<\/h3>\t\t\t\t<\/div>\n\t\t\t\t<div class=\"elementor-element elementor-element-ac4b444 elementor-widget__width-initial elementor-widget elementor-widget-text-editor\" data-id=\"ac4b444\" data-element_type=\"widget\" data-e-type=\"widget\" data-widget_type=\"text-editor.default\">\n\t\t\t\t\t\t\t\t\t<p>Seguro que en alg\u00fan momento del evento surge la oportunidad de poner en valor la importancia de la igualdad en los eventos y tu visi\u00f3n de c\u00f3mo est\u00e1s viviendo ese evento. Ya sea con la organizaci\u00f3n, personas ponentes o asistentes. Generar conversaci\u00f3n es una forma de, entre otras cosas, visibilizar.<\/p>\t\t\t\t\t\t\t\t<\/div>\n\t\t\t\t<\/div>\n\t\t<div class=\"elementor-element elementor-element-264f97f e-con-full e-flex e-con e-child\" data-id=\"264f97f\" data-element_type=\"container\" data-e-type=\"container\">\n\t\t\t\t<div class=\"elementor-element elementor-element-812c99c elementor-widget elementor-widget-heading\" data-id=\"812c99c\" data-element_type=\"widget\" data-e-type=\"widget\" data-widget_type=\"heading.default\">\n\t\t\t\t\t<h3 class=\"elementor-heading-title elementor-size-default\">Compartir<\/h3>\t\t\t\t<\/div>\n\t\t\t\t<div class=\"elementor-element elementor-element-153c3c7 elementor-widget__width-initial elementor-widget elementor-widget-text-editor\" data-id=\"153c3c7\" data-element_type=\"widget\" data-e-type=\"widget\" data-widget_type=\"text-editor.default\">\n\t\t\t\t\t\t\t\t\t<p>Si haces o compartes alguna publicaci\u00f3n sobre el evento igualitario al que asististe ayudas a dar voz a esta causa e inspirar a m\u00e1s personas. Y si adem\u00e1s hablas de PRESENTES y mencionas las redes de Igualdade en Galicia (@igualdadegalicia), podremos descubrir e incluso ayudar a darles voz nosotras tambi\u00e9n a las cosas bien hechas.<\/p>\t\t\t\t\t\t\t\t<\/div>\n\t\t\t\t<\/div>\n\t\t\t\t<\/div>\n\t\t\t\t<\/div>\n\t\t<div class=\"elementor-element elementor-element-96f5294 e-con-full e-grid e-con e-parent\" data-id=\"96f5294\" data-element_type=\"container\" data-e-type=\"container\" data-settings=\"{&quot;background_background&quot;:&quot;classic&quot;}\">\n\t\t\t\t<div class=\"elementor-element elementor-element-c374cc5 elementor-widget elementor-widget-heading\" data-id=\"c374cc5\" data-element_type=\"widget\" data-e-type=\"widget\" data-widget_type=\"heading.default\">\n\t\t\t\t\t<h2 class=\"elementor-heading-title elementor-size-default\">Materiales<\/h2>\t\t\t\t<\/div>\n\t\t<div class=\"elementor-element elementor-element-9bbe1ce e-con-full e-flex e-con e-child\" data-id=\"9bbe1ce\" data-element_type=\"container\" data-e-type=\"container\">\n\t\t<div class=\"elementor-element elementor-element-416b649 e-con-full e-flex e-con e-child\" data-id=\"416b649\" data-element_type=\"container\" data-e-type=\"container\">\n\t\t\t\t<div class=\"elementor-element elementor-element-9e4021e elementor-widget__width-initial elementor-widget elementor-widget-heading\" data-id=\"9e4021e\" data-element_type=\"widget\" data-e-type=\"widget\" data-widget_type=\"heading.default\">\n\t\t\t\t\t<h3 class=\"elementor-heading-title elementor-size-default\">materiais que te ayudar\u00e1n a sumarte a PRESENTES<\/h3>\t\t\t\t<\/div>\n\t\t\t\t<div class=\"elementor-element elementor-element-f100455 elementor-widget__width-initial elementor-widget elementor-widget-text-editor\" data-id=\"f100455\" data-element_type=\"widget\" data-e-type=\"widget\" data-widget_type=\"text-editor.default\">\n\t\t\t\t\t\t\t\t\t<p>Te recordamos que aqu\u00ed puedes descargarte distintos materiales que te ayudar\u00e1n a sumarte a PRESENTES.<\/p>\t\t\t\t\t\t\t\t<\/div>\n\t\t<div class=\"elementor-element elementor-element-05fb317 e-con-full e-flex e-con e-child\" data-id=\"05fb317\" data-element_type=\"container\" data-e-type=\"container\">\n\t\t\t\t<div class=\"elementor-element elementor-element-c9eb938 elementor-widget elementor-widget-button\" data-id=\"c9eb938\" data-element_type=\"widget\" data-e-type=\"widget\" data-widget_type=\"button.default\">\n\t\t\t\t\t\t\t\t\t\t<a class=\"elementor-button elementor-button-link elementor-size-sm elementor-animation-grow\" href=\"http:\/\/presentes.imaisd.es\/wp-content\/uploads\/2026\/03\/CMYK-POSTERS-PRESENTES-XUNTA-1_compressed.pdf\" target=\"_blank\" rel=\"nofollow\">\n\t\t\t\t\t\t<span class=\"elementor-button-content-wrapper\">\n\t\t\t\t\t\t<span class=\"elementor-button-icon\">\n\t\t\t\t<svg xmlns=\"http:\/\/www.w3.org\/2000\/svg\" width=\"18\" height=\"18\" viewBox=\"0 0 18 18\" fill=\"none\"><g clip-path=\"url(#clip0_16_452)\"><path d=\"M5.14062 13.6406L13.8911 4.89018\" stroke=\"#2111FA\" stroke-width=\"1.5\" stroke-linecap=\"round\" stroke-linejoin=\"round\"><\/path><path d=\"M6.73242 4.89062H13.8919V12.0501\" stroke=\"#2111FA\" stroke-width=\"1.5\" stroke-linecap=\"round\" stroke-linejoin=\"round\"><\/path><\/g><defs><clipPath id=\"clip0_16_452\"><rect width=\"18\" height=\"18\" fill=\"white\"><\/rect><\/clipPath><\/defs><\/svg>\t\t\t<\/span>\n\t\t\t\t\t\t\t\t\t<span class=\"elementor-button-text\">Poster<\/span>\n\t\t\t\t\t<\/span>\n\t\t\t\t\t<\/a>\n\t\t\t\t\t\t\t\t<\/div>\n\t\t\t\t<div class=\"elementor-element elementor-element-e1e976a elementor-widget elementor-widget-button\" data-id=\"e1e976a\" data-element_type=\"widget\" data-e-type=\"widget\" data-widget_type=\"button.default\">\n\t\t\t\t\t\t\t\t\t\t<a class=\"elementor-button elementor-button-link elementor-size-sm elementor-animation-grow\" href=\"http:\/\/presentes.imaisd.es\/wp-content\/uploads\/2026\/03\/rrss_2026.zip\" target=\"_blank\" rel=\"nofollow\">\n\t\t\t\t\t\t<span class=\"elementor-button-content-wrapper\">\n\t\t\t\t\t\t<span class=\"elementor-button-icon\">\n\t\t\t\t<svg xmlns=\"http:\/\/www.w3.org\/2000\/svg\" width=\"18\" height=\"18\" viewBox=\"0 0 18 18\" fill=\"none\"><g clip-path=\"url(#clip0_16_452)\"><path d=\"M5.14062 13.6406L13.8911 4.89018\" stroke=\"#2111FA\" stroke-width=\"1.5\" stroke-linecap=\"round\" stroke-linejoin=\"round\"><\/path><path d=\"M6.73242 4.89062H13.8919V12.0501\" stroke=\"#2111FA\" stroke-width=\"1.5\" stroke-linecap=\"round\" stroke-linejoin=\"round\"><\/path><\/g><defs><clipPath id=\"clip0_16_452\"><rect width=\"18\" height=\"18\" fill=\"white\"><\/rect><\/clipPath><\/defs><\/svg>\t\t\t<\/span>\n\t\t\t\t\t\t\t\t\t<span class=\"elementor-button-text\">Post redes<\/span>\n\t\t\t\t\t<\/span>\n\t\t\t\t\t<\/a>\n\t\t\t\t\t\t\t\t<\/div>\n\t\t\t\t<div class=\"elementor-element elementor-element-f0c9aed elementor-widget elementor-widget-button\" data-id=\"f0c9aed\" data-element_type=\"widget\" data-e-type=\"widget\" data-widget_type=\"button.default\">\n\t\t\t\t\t\t\t\t\t\t<a class=\"elementor-button elementor-button-link elementor-size-sm elementor-animation-grow\" href=\"http:\/\/presentes.imaisd.es\/wp-content\/uploads\/2026\/04\/VF-PRESENTES-SELLO-ESP-scaled.png\" target=\"_blank\" rel=\"nofollow\">\n\t\t\t\t\t\t<span class=\"elementor-button-content-wrapper\">\n\t\t\t\t\t\t<span class=\"elementor-button-icon\">\n\t\t\t\t<svg xmlns=\"http:\/\/www.w3.org\/2000\/svg\" width=\"18\" height=\"18\" viewBox=\"0 0 18 18\" fill=\"none\"><g clip-path=\"url(#clip0_16_452)\"><path d=\"M5.14062 13.6406L13.8911 4.89018\" stroke=\"#2111FA\" stroke-width=\"1.5\" stroke-linecap=\"round\" stroke-linejoin=\"round\"><\/path><path d=\"M6.73242 4.89062H13.8919V12.0501\" stroke=\"#2111FA\" stroke-width=\"1.5\" stroke-linecap=\"round\" stroke-linejoin=\"round\"><\/path><\/g><defs><clipPath id=\"clip0_16_452\"><rect width=\"18\" height=\"18\" fill=\"white\"><\/rect><\/clipPath><\/defs><\/svg>\t\t\t<\/span>\n\t\t\t\t\t\t\t\t\t<span class=\"elementor-button-text\">Sello apoyo<\/span>\n\t\t\t\t\t<\/span>\n\t\t\t\t\t<\/a>\n\t\t\t\t\t\t\t\t<\/div>\n\t\t\t\t<div class=\"elementor-element elementor-element-f2b176a elementor-widget elementor-widget-button\" data-id=\"f2b176a\" data-element_type=\"widget\" data-e-type=\"widget\" data-widget_type=\"button.default\">\n\t\t\t\t\t\t\t\t\t\t<a class=\"elementor-button elementor-button-link elementor-size-sm elementor-animation-grow\" href=\"http:\/\/presentes.imaisd.es\/wp-content\/uploads\/2026\/04\/GUIA-CHECKLIST-EVENTOS-GENERO-1.pdf\" target=\"_blank\" rel=\"nofollow\">\n\t\t\t\t\t\t<span class=\"elementor-button-content-wrapper\">\n\t\t\t\t\t\t<span class=\"elementor-button-icon\">\n\t\t\t\t<svg xmlns=\"http:\/\/www.w3.org\/2000\/svg\" width=\"18\" height=\"18\" viewBox=\"0 0 18 18\" fill=\"none\"><g clip-path=\"url(#clip0_16_452)\"><path d=\"M5.14062 13.6406L13.8911 4.89018\" stroke=\"#2111FA\" stroke-width=\"1.5\" stroke-linecap=\"round\" stroke-linejoin=\"round\"><\/path><path d=\"M6.73242 4.89062H13.8919V12.0501\" stroke=\"#2111FA\" stroke-width=\"1.5\" stroke-linecap=\"round\" stroke-linejoin=\"round\"><\/path><\/g><defs><clipPath id=\"clip0_16_452\"><rect width=\"18\" height=\"18\" fill=\"white\"><\/rect><\/clipPath><\/defs><\/svg>\t\t\t<\/span>\n\t\t\t\t\t\t\t\t\t<span class=\"elementor-button-text\">Gu\u00eda de eventos igualitarios<\/span>\n\t\t\t\t\t<\/span>\n\t\t\t\t\t<\/a>\n\t\t\t\t\t\t\t\t<\/div>\n\t\t\t\t<\/div>\n\t\t\t\t<\/div>\n\t\t\t\t<\/div>\n\t\t\t\t<\/div>\n\t\t\t\t<\/div>\n\t\t","protected":false},"excerpt":{"rendered":"<p>SOY P\u00daBLICOEN UN EVENTO. Tengas el rol que tengas, formar parte de un evento es siempre una oportunidad de construir una sociedad m\u00e1s igualitaria. Si en tu caso asistes a alg\u00fan evento entendemos que pueden darse dos posibilidades. Asisto a un evento no igualitario Contactar Escribir en las redes o a trav\u00e9s de la web [&hellip;]<\/p>\n","protected":false},"author":1,"featured_media":2551,"parent":0,"menu_order":0,"comment_status":"closed","ping_status":"closed","template":"","meta":{"footnotes":""},"class_list":["post-2641","page","type-page","status-publish","has-post-thumbnail","hentry"],"_links":{"self":[{"href":"http:\/\/presentes.imaisd.es\/es\/wp-json\/wp\/v2\/pages\/2641","targetHints":{"allow":["GET"]}}],"collection":[{"href":"http:\/\/presentes.imaisd.es\/es\/wp-json\/wp\/v2\/pages"}],"about":[{"href":"http:\/\/presentes.imaisd.es\/es\/wp-json\/wp\/v2\/types\/page"}],"author":[{"embeddable":true,"href":"http:\/\/presentes.imaisd.es\/es\/wp-json\/wp\/v2\/users\/1"}],"replies":[{"embeddable":true,"href":"http:\/\/presentes.imaisd.es\/es\/wp-json\/wp\/v2\/comments?post=2641"}],"version-history":[{"count":10,"href":"http:\/\/presentes.imaisd.es\/es\/wp-json\/wp\/v2\/pages\/2641\/revisions"}],"predecessor-version":[{"id":2770,"href":"http:\/\/presentes.imaisd.es\/es\/wp-json\/wp\/v2\/pages\/2641\/revisions\/2770"}],"wp:featuredmedia":[{"embeddable":true,"href":"http:\/\/presentes.imaisd.es\/es\/wp-json\/wp\/v2\/media\/2551"}],"wp:attachment":[{"href":"http:\/\/presentes.imaisd.es\/es\/wp-json\/wp\/v2\/media?parent=2641"}],"curies":[{"name":"wp","href":"https:\/\/api.w.org\/{rel}","templated":true}]}}