{"id":2636,"date":"2026-01-29T15:47:45","date_gmt":"2026-01-29T14:47:45","guid":{"rendered":"http:\/\/presentes.imaisd.es\/son-relatora-nun-evento\/"},"modified":"2026-03-30T13:10:28","modified_gmt":"2026-03-30T11:10:28","slug":"son-relatora-nun-evento","status":"publish","type":"page","link":"http:\/\/presentes.imaisd.es\/es\/son-relatora-nun-evento\/","title":{"rendered":"Soy ponente en un evento"},"content":{"rendered":"\t\t<div data-elementor-type=\"wp-page\" data-elementor-id=\"2636\" class=\"elementor elementor-2636 elementor-351\" data-elementor-post-type=\"page\">\n\t\t\t\t<div class=\"elementor-element elementor-element-a914212 e-con-full body-azul e-flex e-con e-parent\" data-id=\"a914212\" data-element_type=\"container\" data-e-type=\"container\" data-settings=\"{&quot;background_background&quot;:&quot;classic&quot;}\">\n\t\t\t\t<div class=\"elementor-element elementor-element-4e7b209 elementor-widget__width-inherit elementor-widget elementor-widget-heading\" data-id=\"4e7b209\" data-element_type=\"widget\" data-e-type=\"widget\" data-widget_type=\"heading.default\">\n\t\t\t\t\t<h1 class=\"elementor-heading-title elementor-size-default\">SOY PONENTE<br>EN UN EVENTO\n<\/h1>\t\t\t\t<\/div>\n\t\t\t\t<div class=\"elementor-element elementor-element-8ae7114 elementor-widget__width-initial elementor-widget elementor-widget-text-editor\" data-id=\"8ae7114\" data-element_type=\"widget\" data-e-type=\"widget\" data-widget_type=\"text-editor.default\">\n\t\t\t\t\t\t\t\t\t<p>Antes de nada, gracias por ayudar a visibilizar que la igualdad es posible, y contribuir al cada vez mayor n\u00famero de mujeres referentes tan necesarias en nuestra sociedad.<\/p><p>Si vas a formar parte de las personas ponentes, entendemos que pueden ser dos tipos de eventos.<\/p>\t\t\t\t\t\t\t\t<\/div>\n\t\t\t\t<\/div>\n\t\t<div class=\"elementor-element elementor-element-a5e6f28 e-con-full e-grid e-con e-parent\" data-id=\"a5e6f28\" data-element_type=\"container\" data-e-type=\"container\" data-settings=\"{&quot;background_background&quot;:&quot;classic&quot;}\">\n\t\t\t\t<div class=\"elementor-element elementor-element-6ff6673 elementor-widget elementor-widget-heading\" data-id=\"6ff6673\" data-element_type=\"widget\" data-e-type=\"widget\" data-widget_type=\"heading.default\">\n\t\t\t\t\t<h2 class=\"elementor-heading-title elementor-size-default\">Asisto a un evento<br>no igualitario<\/h2>\t\t\t\t<\/div>\n\t\t<div class=\"elementor-element elementor-element-f6760e6 e-con-full e-flex e-con e-child\" data-id=\"f6760e6\" data-element_type=\"container\" data-e-type=\"container\">\n\t\t<div class=\"elementor-element elementor-element-0d911ef e-con-full e-flex e-con e-child\" data-id=\"0d911ef\" data-element_type=\"container\" data-e-type=\"container\">\n\t\t\t\t<div class=\"elementor-element elementor-element-34a65c3 elementor-widget elementor-widget-heading\" data-id=\"34a65c3\" data-element_type=\"widget\" data-e-type=\"widget\" data-widget_type=\"heading.default\">\n\t\t\t\t\t<h3 class=\"elementor-heading-title elementor-size-default\">Proponer<\/h3>\t\t\t\t<\/div>\n\t\t\t\t<div class=\"elementor-element elementor-element-e56ce77 elementor-widget__width-initial elementor-widget elementor-widget-text-editor\" data-id=\"e56ce77\" data-element_type=\"widget\" data-e-type=\"widget\" data-widget_type=\"text-editor.default\">\n\t\t\t\t\t\t\t\t\t<p>Si tienes ocasi\u00f3n de hablar con la persona o personas organizadoras de la importancia de construir eventos igualitarios e incluso pon\u00e9rselo m\u00e1s f\u00e1cil d\u00e1ndoles a conocer PRESENTES ya estar\u00e1s generando una oportunidad de cambio. Puedes compartirles la gu\u00eda de eventos igualitarios.<\/p>\t\t\t\t\t\t\t\t<\/div>\n\t\t<div class=\"elementor-element elementor-element-0c97b69 e-con-full e-flex e-con e-child\" data-id=\"0c97b69\" data-element_type=\"container\" data-e-type=\"container\">\n\t\t\t\t<div class=\"elementor-element elementor-element-21b3cd6 elementor-widget elementor-widget-button\" data-id=\"21b3cd6\" data-element_type=\"widget\" data-e-type=\"widget\" data-widget_type=\"button.default\">\n\t\t\t\t\t\t\t\t\t\t<a class=\"elementor-button elementor-button-link elementor-size-sm elementor-animation-grow\" href=\"http:\/\/presentes.imaisd.es\/wp-content\/uploads\/2026\/03\/GUIA-CHECKLIST-EVENTOS-XENERO-1.pdf\" target=\"_blank\" rel=\"nofollow\">\n\t\t\t\t\t\t<span class=\"elementor-button-content-wrapper\">\n\t\t\t\t\t\t<span class=\"elementor-button-icon\">\n\t\t\t\t<svg xmlns=\"http:\/\/www.w3.org\/2000\/svg\" width=\"18\" height=\"18\" viewBox=\"0 0 18 18\" fill=\"none\"><g clip-path=\"url(#clip0_16_452)\"><path d=\"M5.14062 13.6406L13.8911 4.89018\" stroke=\"#2111FA\" stroke-width=\"1.5\" stroke-linecap=\"round\" stroke-linejoin=\"round\"><\/path><path d=\"M6.73242 4.89062H13.8919V12.0501\" stroke=\"#2111FA\" stroke-width=\"1.5\" stroke-linecap=\"round\" stroke-linejoin=\"round\"><\/path><\/g><defs><clipPath id=\"clip0_16_452\"><rect width=\"18\" height=\"18\" fill=\"white\"><\/rect><\/clipPath><\/defs><\/svg>\t\t\t<\/span>\n\t\t\t\t\t\t\t\t\t<span class=\"elementor-button-text\">Gu\u00eda de eventos igualitarios<\/span>\n\t\t\t\t\t<\/span>\n\t\t\t\t\t<\/a>\n\t\t\t\t\t\t\t\t<\/div>\n\t\t\t\t<\/div>\n\t\t\t\t<\/div>\n\t\t<div class=\"elementor-element elementor-element-5495593 e-con-full e-flex e-con e-child\" data-id=\"5495593\" data-element_type=\"container\" data-e-type=\"container\">\n\t\t\t\t<div class=\"elementor-element elementor-element-e383d4d elementor-widget elementor-widget-heading\" data-id=\"e383d4d\" data-element_type=\"widget\" data-e-type=\"widget\" data-widget_type=\"heading.default\">\n\t\t\t\t\t<h3 class=\"elementor-heading-title elementor-size-default\">Mencionar<\/h3>\t\t\t\t<\/div>\n\t\t\t\t<div class=\"elementor-element elementor-element-e1a44b4 elementor-widget__width-initial elementor-widget elementor-widget-text-editor\" data-id=\"e1a44b4\" data-element_type=\"widget\" data-e-type=\"widget\" data-widget_type=\"text-editor.default\">\n\t\t\t\t\t\t\t\t\t<p>Si en el momento que hablas en p\u00fablico tienes la oportunidad de mencionar la relevancia de los eventos para la construcci\u00f3n de una sociedad igualitaria ayudar\u00e1s a cambiar mentalidades y si, adem\u00e1s, puedes mencionar a algunas mujeres referentes en tu tem\u00e1tica, estar\u00e1s visibilizando e inspirando a la audiencia a descubrirlas.<\/p>\t\t\t\t\t\t\t\t<\/div>\n\t\t\t\t<\/div>\n\t\t\t\t<\/div>\n\t\t\t\t<\/div>\n\t\t<div class=\"elementor-element elementor-element-850db53 e-con-full e-grid background-blue e-con e-parent\" data-id=\"850db53\" data-element_type=\"container\" data-e-type=\"container\" data-settings=\"{&quot;background_background&quot;:&quot;classic&quot;}\">\n\t\t\t\t<div class=\"elementor-element elementor-element-681f3bc elementor-widget elementor-widget-heading\" data-id=\"681f3bc\" data-element_type=\"widget\" data-e-type=\"widget\" data-widget_type=\"heading.default\">\n\t\t\t\t\t<h2 class=\"elementor-heading-title elementor-size-default\">Asisto a un evento<\/br>igualitario<\/h2>\t\t\t\t<\/div>\n\t\t<div class=\"elementor-element elementor-element-1af6697 e-con-full e-flex e-con e-child\" data-id=\"1af6697\" data-element_type=\"container\" data-e-type=\"container\">\n\t\t<div class=\"elementor-element elementor-element-96026e1 e-con-full e-flex e-con e-child\" data-id=\"96026e1\" data-element_type=\"container\" data-e-type=\"container\">\n\t\t\t\t<div class=\"elementor-element elementor-element-a39eeb8 elementor-widget elementor-widget-heading\" data-id=\"a39eeb8\" data-element_type=\"widget\" data-e-type=\"widget\" data-widget_type=\"heading.default\">\n\t\t\t\t\t<h3 class=\"elementor-heading-title elementor-size-default\">Apoyar<\/h3>\t\t\t\t<\/div>\n\t\t\t\t<div class=\"elementor-element elementor-element-1906ea0 elementor-widget__width-initial elementor-widget elementor-widget-text-editor\" data-id=\"1906ea0\" data-element_type=\"widget\" data-e-type=\"widget\" data-widget_type=\"text-editor.default\">\n\t\t\t\t\t\t\t\t\t<p>Dar apoyo a la organizaci\u00f3n por su dise\u00f1o igualitario del evento y a las mujeres participantes por dar un paso adelante, en el modo que consideres oportuno, es muy importante de cara a poner en valor la importancia de hacer bien las cosas y la capacidad que tenemos de mejorar nuestra sociedad.<\/p>\t\t\t\t\t\t\t\t<\/div>\n\t\t\t\t<\/div>\n\t\t<div class=\"elementor-element elementor-element-599ee41 e-con-full e-flex e-con e-child\" data-id=\"599ee41\" data-element_type=\"container\" data-e-type=\"container\">\n\t\t\t\t<div class=\"elementor-element elementor-element-56fdbb3 elementor-widget elementor-widget-heading\" data-id=\"56fdbb3\" data-element_type=\"widget\" data-e-type=\"widget\" data-widget_type=\"heading.default\">\n\t\t\t\t\t<h3 class=\"elementor-heading-title elementor-size-default\">Compartir<\/h3>\t\t\t\t<\/div>\n\t\t\t\t<div class=\"elementor-element elementor-element-d84d6fb elementor-widget__width-initial elementor-widget elementor-widget-text-editor\" data-id=\"d84d6fb\" data-element_type=\"widget\" data-e-type=\"widget\" data-widget_type=\"text-editor.default\">\n\t\t\t\t\t\t\t\t\t<p>Utilizar tus canales para difundir tu participaci\u00f3n en un evento igualitario ayuda a llegar a m\u00e1s personas y mostrar buenas pr\u00e1cticas que inspiren a otros eventos o personas ponentes. Si adem\u00e1s quieres, puedes compartir el proyecto PRESENTES como una forma de entender c\u00f3mo se deber\u00edan hacer los eventos para que sean igualitarios, y la facilidad gracias a esta herramienta de b\u00fasqueda.\u00a0<\/p>\t\t\t\t\t\t\t\t<\/div>\n\t\t\t\t<div class=\"elementor-element elementor-element-3b9e6e7 elementor-widget elementor-widget-button\" data-id=\"3b9e6e7\" data-element_type=\"widget\" data-e-type=\"widget\" data-widget_type=\"button.default\">\n\t\t\t\t\t\t\t\t\t\t<a class=\"elementor-button elementor-button-link elementor-size-sm elementor-animation-grow\" href=\"http:\/\/presentes.imaisd.es\/wp-content\/uploads\/2026\/03\/rrss_2026.zip\" target=\"_blank\" rel=\"nofollow\">\n\t\t\t\t\t\t<span class=\"elementor-button-content-wrapper\">\n\t\t\t\t\t\t<span class=\"elementor-button-icon\">\n\t\t\t\t<svg xmlns=\"http:\/\/www.w3.org\/2000\/svg\" width=\"18\" height=\"18\" viewBox=\"0 0 18 18\" fill=\"none\"><g clip-path=\"url(#clip0_12_7330)\"><path d=\"M5.14062 13.6406L13.8911 4.89018\" stroke=\"white\" stroke-width=\"1.5\" stroke-linecap=\"round\" stroke-linejoin=\"round\"><\/path><path d=\"M6.73242 4.89062H13.8919V12.0501\" stroke=\"white\" stroke-width=\"1.5\" stroke-linecap=\"round\" stroke-linejoin=\"round\"><\/path><\/g><defs><clipPath id=\"clip0_12_7330\"><rect width=\"18\" height=\"18\" fill=\"white\"><\/rect><\/clipPath><\/defs><\/svg>\t\t\t<\/span>\n\t\t\t\t\t\t\t\t\t<span class=\"elementor-button-text\">Aqu\u00ed puedes descargar alg\u00fan post como ejemplo.<\/span>\n\t\t\t\t\t<\/span>\n\t\t\t\t\t<\/a>\n\t\t\t\t\t\t\t\t<\/div>\n\t\t\t\t<\/div>\n\t\t\t\t<\/div>\n\t\t\t\t<\/div>\n\t\t\t\t<\/div>\n\t\t","protected":false},"excerpt":{"rendered":"<p>SOY PONENTE EN UN EVENTO Antes de nada, gracias por ayudar a visibilizar que la igualdad es posible, y contribuir al cada vez mayor n\u00famero de mujeres referentes tan necesarias en nuestra sociedad. Si vas a formar parte de las personas ponentes, entendemos que pueden ser dos tipos de eventos. Asisto a un evento no [&hellip;]<\/p>\n","protected":false},"author":1,"featured_media":2551,"parent":0,"menu_order":0,"comment_status":"closed","ping_status":"closed","template":"","meta":{"footnotes":""},"class_list":["post-2636","page","type-page","status-publish","has-post-thumbnail","hentry"],"_links":{"self":[{"href":"http:\/\/presentes.imaisd.es\/es\/wp-json\/wp\/v2\/pages\/2636","targetHints":{"allow":["GET"]}}],"collection":[{"href":"http:\/\/presentes.imaisd.es\/es\/wp-json\/wp\/v2\/pages"}],"about":[{"href":"http:\/\/presentes.imaisd.es\/es\/wp-json\/wp\/v2\/types\/page"}],"author":[{"embeddable":true,"href":"http:\/\/presentes.imaisd.es\/es\/wp-json\/wp\/v2\/users\/1"}],"replies":[{"embeddable":true,"href":"http:\/\/presentes.imaisd.es\/es\/wp-json\/wp\/v2\/comments?post=2636"}],"version-history":[{"count":4,"href":"http:\/\/presentes.imaisd.es\/es\/wp-json\/wp\/v2\/pages\/2636\/revisions"}],"predecessor-version":[{"id":2669,"href":"http:\/\/presentes.imaisd.es\/es\/wp-json\/wp\/v2\/pages\/2636\/revisions\/2669"}],"wp:featuredmedia":[{"embeddable":true,"href":"http:\/\/presentes.imaisd.es\/es\/wp-json\/wp\/v2\/media\/2551"}],"wp:attachment":[{"href":"http:\/\/presentes.imaisd.es\/es\/wp-json\/wp\/v2\/media?parent=2636"}],"curies":[{"name":"wp","href":"https:\/\/api.w.org\/{rel}","templated":true}]}}