{"id":2631,"date":"2026-01-29T15:35:29","date_gmt":"2026-01-29T14:35:29","guid":{"rendered":"http:\/\/presentes.imaisd.es\/organizo-un-evento\/"},"modified":"2026-04-08T08:40:37","modified_gmt":"2026-04-08T06:40:37","slug":"organizo-un-evento","status":"publish","type":"page","link":"http:\/\/presentes.imaisd.es\/es\/organizo-un-evento\/","title":{"rendered":"Organizo un evento"},"content":{"rendered":"\t\t<div data-elementor-type=\"wp-page\" data-elementor-id=\"2631\" class=\"elementor elementor-2631 elementor-343\" data-elementor-post-type=\"page\">\n\t\t\t\t<div class=\"elementor-element elementor-element-a298828 e-con-full body-azul e-flex e-con e-parent\" data-id=\"a298828\" data-element_type=\"container\" data-e-type=\"container\" data-settings=\"{&quot;background_background&quot;:&quot;classic&quot;}\">\n\t\t\t\t<div class=\"elementor-element elementor-element-7b5ff2a elementor-widget__width-inherit elementor-widget elementor-widget-heading\" data-id=\"7b5ff2a\" data-element_type=\"widget\" data-e-type=\"widget\" data-widget_type=\"heading.default\">\n\t\t\t\t\t<h1 class=\"elementor-heading-title elementor-size-default\">ORGANIZO UN<\/br>EVENTO.<\/h1>\t\t\t\t<\/div>\n\t\t\t\t<div class=\"elementor-element elementor-element-7efea55 elementor-widget__width-initial elementor-widget elementor-widget-text-editor\" data-id=\"7efea55\" data-element_type=\"widget\" data-e-type=\"widget\" data-widget_type=\"text-editor.default\">\n\t\t\t\t\t\t\t\t\t<p>Si perteneces a una empresa, asociaci\u00f3n o entidad que organiza eventos, puedes tener un rol muy importante de cara a conseguir la igualdad.<\/p>\t\t\t\t\t\t\t\t<\/div>\n\t\t\t\t<\/div>\n\t\t<div class=\"elementor-element elementor-element-6ec48cb e-con-full e-grid e-con e-parent\" data-id=\"6ec48cb\" data-element_type=\"container\" data-e-type=\"container\" data-settings=\"{&quot;background_background&quot;:&quot;classic&quot;}\">\n\t\t\t\t<div class=\"elementor-element elementor-element-6840a0f elementor-widget__width-inherit elementor-widget elementor-widget-heading\" data-id=\"6840a0f\" data-element_type=\"widget\" data-e-type=\"widget\" data-widget_type=\"heading.default\">\n\t\t\t\t\t<h2 class=\"elementor-heading-title elementor-size-default\">Puedes tener un rol<br>muy importante<br>de cara a conseguir la<br>igualdad. \n<\/h2>\t\t\t\t<\/div>\n\t\t\t\t<div class=\"elementor-element elementor-element-cb6ffa3 elementor-widget elementor-widget-text-editor\" data-id=\"cb6ffa3\" data-element_type=\"widget\" data-e-type=\"widget\" data-widget_type=\"text-editor.default\">\n\t\t\t\t\t\t\t\t\t<p>Seguro que en tu evento se hablar\u00e1 de cosas muy interesantes, temas que definen nuestra realidad y seguramente proyectan nuestro futuro en \u00e1reas como lo social o lo empresarial. Aportar una mirada m\u00e1s diversa y abierta a estos temas a trav\u00e9s de la construcci\u00f3n de eventos igualitarios es no solo m\u00e1s enriquecedor sino tambi\u00e9n clave en el camino hacia la igualdad. En esta p\u00e1gina tratamos de darte algunas formas de sumarte.Y si a\u00fan no tienes muy claro de qu\u00e9 estamos hablando con eventos igualitarios aqu\u00ed puedes descargarte una gu\u00eda que te puede ayudar.<\/p>\t\t\t\t\t\t\t\t<\/div>\n\t\t\t\t<\/div>\n\t\t<div class=\"elementor-element elementor-element-b7e13bd e-con-full e-grid background-blue e-con e-parent\" data-id=\"b7e13bd\" data-element_type=\"container\" data-e-type=\"container\" data-settings=\"{&quot;background_background&quot;:&quot;classic&quot;}\">\n\t\t\t\t<div class=\"elementor-element elementor-element-07b0cdc elementor-widget elementor-widget-heading\" data-id=\"07b0cdc\" data-element_type=\"widget\" data-e-type=\"widget\" data-widget_type=\"heading.default\">\n\t\t\t\t\t<h2 class=\"elementor-heading-title elementor-size-default\">Que puedo hacer yo<\/h2>\t\t\t\t<\/div>\n\t\t<div class=\"elementor-element elementor-element-4c2e6c0 e-con-full e-flex e-con e-child\" data-id=\"4c2e6c0\" data-element_type=\"container\" data-e-type=\"container\">\n\t\t<div class=\"elementor-element elementor-element-8c777c7 e-con-full e-flex e-con e-child\" data-id=\"8c777c7\" data-element_type=\"container\" data-e-type=\"container\">\n\t\t\t\t<div class=\"elementor-element elementor-element-9592358 elementor-widget elementor-widget-heading\" data-id=\"9592358\" data-element_type=\"widget\" data-e-type=\"widget\" data-widget_type=\"heading.default\">\n\t\t\t\t\t<h3 class=\"elementor-heading-title elementor-size-default\">Actuar<\/h3>\t\t\t\t<\/div>\n\t\t\t\t<div class=\"elementor-element elementor-element-cc3e247 elementor-widget__width-initial elementor-widget elementor-widget-text-editor\" data-id=\"cc3e247\" data-element_type=\"widget\" data-e-type=\"widget\" data-widget_type=\"text-editor.default\">\n\t\t\t\t\t\t\t\t\t<p>Est\u00e1 en tu mano dise\u00f1ar tu evento con una mirada con la que cambiar nuestra realidad haciendo que sea igualitario. Y, ahora, con esta plataforma lo tienes a\u00fan m\u00e1s f\u00e1cil. Recuerda que aqu\u00ed estamos si te podemos ayudar de alg\u00fan modo.<\/p>\t\t\t\t\t\t\t\t<\/div>\n\t\t\t\t<\/div>\n\t\t<div class=\"elementor-element elementor-element-80a2c65 e-con-full e-flex e-con e-child\" data-id=\"80a2c65\" data-element_type=\"container\" data-e-type=\"container\">\n\t\t\t\t<div class=\"elementor-element elementor-element-06c3815 elementor-widget elementor-widget-heading\" data-id=\"06c3815\" data-element_type=\"widget\" data-e-type=\"widget\" data-widget_type=\"heading.default\">\n\t\t\t\t\t<h3 class=\"elementor-heading-title elementor-size-default\">Apoiar<\/h3>\t\t\t\t<\/div>\n\t\t\t\t<div class=\"elementor-element elementor-element-d34f8b8 elementor-widget__width-initial elementor-widget elementor-widget-text-editor\" data-id=\"d34f8b8\" data-element_type=\"widget\" data-e-type=\"widget\" data-widget_type=\"text-editor.default\">\n\t\t\t\t\t\t\t\t\t<p>Puedes visualizar el criterio que tuviste en cuenta para configurar tu evento y mostrar as\u00ed tu apoyo a la igualdad. Tambi\u00e9n tienes este sello que puedes utilizar en tus canales de comunicaci\u00f3n (web, redes, etc.) para mostrar tu implicaci\u00f3n en tus eventos.<\/p>\t\t\t\t\t\t\t\t<\/div>\n\t\t\t\t<\/div>\n\t\t<div class=\"elementor-element elementor-element-1725d09 e-con-full e-flex e-con e-child\" data-id=\"1725d09\" data-element_type=\"container\" data-e-type=\"container\">\n\t\t\t\t<div class=\"elementor-element elementor-element-536c4c1 elementor-widget elementor-widget-heading\" data-id=\"536c4c1\" data-element_type=\"widget\" data-e-type=\"widget\" data-widget_type=\"heading.default\">\n\t\t\t\t\t<h3 class=\"elementor-heading-title elementor-size-default\">Compartir<\/h3>\t\t\t\t<\/div>\n\t\t\t\t<div class=\"elementor-element elementor-element-e92f835 elementor-widget__width-initial elementor-widget elementor-widget-text-editor\" data-id=\"e92f835\" data-element_type=\"widget\" data-e-type=\"widget\" data-widget_type=\"text-editor.default\">\n\t\t\t\t\t\t\t\t\t<p>Dar a conocer la iniciativa PRESENTES a trav\u00e9s de tus redes o comunicaci\u00f3n ayuda a multiplicar el alcance para que m\u00e1s gente la conozca y vea que construir otra sociedad es posible. <strong>Aqu\u00ed tienes algo de material que te puede ayudar.<\/strong><\/p>\t\t\t\t\t\t\t\t<\/div>\n\t\t\t\t<\/div>\n\t\t\t\t<\/div>\n\t\t\t\t<\/div>\n\t\t<div class=\"elementor-element elementor-element-41d71c0 e-con-full e-flex e-con e-parent\" data-id=\"41d71c0\" data-element_type=\"container\" data-e-type=\"container\" data-settings=\"{&quot;background_background&quot;:&quot;classic&quot;}\">\n\t\t<div class=\"elementor-element elementor-element-fb7c9a0 e-con-full e-flex e-con e-child\" data-id=\"fb7c9a0\" data-element_type=\"container\" data-e-type=\"container\">\n\t\t\t\t<div class=\"elementor-element elementor-element-559b6cb elementor-widget elementor-widget-heading\" data-id=\"559b6cb\" data-element_type=\"widget\" data-e-type=\"widget\" data-widget_type=\"heading.default\">\n\t\t\t\t\t<h2 class=\"elementor-heading-title elementor-size-default\">Desc\u00e1rgala aqu\u00ed<\/h2>\t\t\t\t<\/div>\n\t\t\t\t<\/div>\n\t\t<div class=\"elementor-element elementor-element-142f997 e-grid e-con-full e-con e-child\" data-id=\"142f997\" data-element_type=\"container\" data-e-type=\"container\">\n\t\t<a class=\"elementor-element elementor-element-9916c6b e-con-full gray-button e-flex e-con e-child\" data-id=\"9916c6b\" data-element_type=\"container\" data-e-type=\"container\" href=\"http:\/\/presentes.imaisd.es\/wp-content\/uploads\/2026\/04\/GUIA-CHECKLIST-EVENTOS-GENERO-1.pdf\" target=\"_blank\" rel=\"nofollow\">\n\t\t<div class=\"elementor-element elementor-element-d42f17d e-con-full e-flex e-con e-child\" data-id=\"d42f17d\" data-element_type=\"container\" data-e-type=\"container\">\n\t\t\t\t<div class=\"elementor-element elementor-element-c59234c elementor-widget__width-initial name-button elementor-widget elementor-widget-text-editor\" data-id=\"c59234c\" data-element_type=\"widget\" data-e-type=\"widget\" data-widget_type=\"text-editor.default\">\n\t\t\t\t\t\t\t\t\t<p>Gu\u00eda de eventos igualitarios<\/p>\t\t\t\t\t\t\t\t<\/div>\n\t\t\t\t<\/div>\n\t\t\t\t<div class=\"elementor-element elementor-element-d6de518 arrow-button elementor-widget elementor-widget-html\" data-id=\"d6de518\" data-element_type=\"widget\" data-e-type=\"widget\" data-widget_type=\"html.default\">\n\t\t\t\t\t<svg xmlns=\"http:\/\/www.w3.org\/2000\/svg\" width=\"60\" height=\"60\" viewBox=\"0 0 60 60\" fill=\"none\">\r\n  <path d=\"M9.375 30L50.625 30\" stroke=\"currentColor\" stroke-width=\"1.5\" stroke-linecap=\"round\" stroke-linejoin=\"round\"\/>\r\n  <path d=\"M33.75 13.125L50.625 30L33.75 46.875\" stroke=\"currentColor\" stroke-width=\"1.5\" stroke-linecap=\"round\" stroke-linejoin=\"round\"\/>\r\n<\/svg>\t\t\t\t<\/div>\n\t\t\t\t<\/a>\n\t\t<a class=\"elementor-element elementor-element-557ea16 e-con-full e-flex e-con e-child\" data-id=\"557ea16\" data-element_type=\"container\" data-e-type=\"container\">\n\t\t\t\t<\/a>\n\t\t\t\t<\/div>\n\t\t\t\t<\/div>\n\t\t\t\t<\/div>\n\t\t","protected":false},"excerpt":{"rendered":"<p>ORGANIZO UNEVENTO. Si perteneces a una empresa, asociaci\u00f3n o entidad que organiza eventos, puedes tener un rol muy importante de cara a conseguir la igualdad. Puedes tener un rolmuy importantede cara a conseguir laigualdad. Seguro que en tu evento se hablar\u00e1 de cosas muy interesantes, temas que definen nuestra realidad y seguramente proyectan nuestro futuro [&hellip;]<\/p>\n","protected":false},"author":1,"featured_media":2551,"parent":0,"menu_order":0,"comment_status":"closed","ping_status":"closed","template":"elementor_header_footer","meta":{"footnotes":""},"class_list":["post-2631","page","type-page","status-publish","has-post-thumbnail","hentry"],"_links":{"self":[{"href":"http:\/\/presentes.imaisd.es\/es\/wp-json\/wp\/v2\/pages\/2631","targetHints":{"allow":["GET"]}}],"collection":[{"href":"http:\/\/presentes.imaisd.es\/es\/wp-json\/wp\/v2\/pages"}],"about":[{"href":"http:\/\/presentes.imaisd.es\/es\/wp-json\/wp\/v2\/types\/page"}],"author":[{"embeddable":true,"href":"http:\/\/presentes.imaisd.es\/es\/wp-json\/wp\/v2\/users\/1"}],"replies":[{"embeddable":true,"href":"http:\/\/presentes.imaisd.es\/es\/wp-json\/wp\/v2\/comments?post=2631"}],"version-history":[{"count":6,"href":"http:\/\/presentes.imaisd.es\/es\/wp-json\/wp\/v2\/pages\/2631\/revisions"}],"predecessor-version":[{"id":2793,"href":"http:\/\/presentes.imaisd.es\/es\/wp-json\/wp\/v2\/pages\/2631\/revisions\/2793"}],"wp:featuredmedia":[{"embeddable":true,"href":"http:\/\/presentes.imaisd.es\/es\/wp-json\/wp\/v2\/media\/2551"}],"wp:attachment":[{"href":"http:\/\/presentes.imaisd.es\/es\/wp-json\/wp\/v2\/media?parent=2631"}],"curies":[{"name":"wp","href":"https:\/\/api.w.org\/{rel}","templated":true}]}}