{"id":2619,"date":"2026-01-29T15:21:56","date_gmt":"2026-01-29T14:21:56","guid":{"rendered":"http:\/\/presentes.imaisd.es\/prensa\/"},"modified":"2026-03-30T12:29:06","modified_gmt":"2026-03-30T10:29:06","slug":"prensa","status":"publish","type":"page","link":"http:\/\/presentes.imaisd.es\/es\/prensa\/","title":{"rendered":"Prensa"},"content":{"rendered":"\t\t<div data-elementor-type=\"wp-page\" data-elementor-id=\"2619\" class=\"elementor elementor-2619 elementor-325\" data-elementor-post-type=\"page\">\n\t\t\t\t<div class=\"elementor-element elementor-element-59a0b97 e-con-full body-azul e-flex e-con e-parent\" data-id=\"59a0b97\" data-element_type=\"container\" data-e-type=\"container\" data-settings=\"{&quot;background_background&quot;:&quot;classic&quot;}\">\n\t\t\t\t<div class=\"elementor-element elementor-element-8e77dc8 elementor-widget__width-inherit elementor-widget elementor-widget-heading\" data-id=\"8e77dc8\" data-element_type=\"widget\" data-e-type=\"widget\" data-widget_type=\"heading.default\">\n\t\t\t\t\t<h1 class=\"elementor-heading-title elementor-size-default\">PRENSA.<\/h1>\t\t\t\t<\/div>\n\t\t\t\t<div class=\"elementor-element elementor-element-db79e93 elementor-widget__width-initial elementor-widget elementor-widget-text-editor\" data-id=\"db79e93\" data-element_type=\"widget\" data-e-type=\"widget\" data-widget_type=\"text-editor.default\">\n\t\t\t\t\t\t\t\t\t<p>Si quieres ayudarnos a visibilizar y as\u00ed hacer m\u00e1s grande e proyecto PRESENTES, aqu\u00ed puedes descargar materiales, y si quieres contactarnos puedes hacerlo en estamos@presentes.imaisd.es<\/p>\t\t\t\t\t\t\t\t<\/div>\n\t\t\t\t<\/div>\n\t\t<div class=\"elementor-element elementor-element-9bf3aa1 e-con-full e-flex e-con e-parent\" data-id=\"9bf3aa1\" data-element_type=\"container\" data-e-type=\"container\" data-settings=\"{&quot;background_background&quot;:&quot;classic&quot;}\">\n\t\t<div class=\"elementor-element elementor-element-adb458d e-con-full e-flex e-con e-child\" data-id=\"adb458d\" data-element_type=\"container\" data-e-type=\"container\">\n\t\t\t\t<div class=\"elementor-element elementor-element-4fbaac8 elementor-widget elementor-widget-heading\" data-id=\"4fbaac8\" data-element_type=\"widget\" data-e-type=\"widget\" data-widget_type=\"heading.default\">\n\t\t\t\t\t<h2 class=\"elementor-heading-title elementor-size-default\">Materiales prensa<\/h2>\t\t\t\t<\/div>\n\t\t\t\t<\/div>\n\t\t<div class=\"elementor-element elementor-element-934feee e-grid e-con-full e-con e-child\" data-id=\"934feee\" data-element_type=\"container\" data-e-type=\"container\">\n\t\t<a class=\"elementor-element elementor-element-e93b0f1 e-con-full gray-button e-flex e-con e-child\" data-id=\"e93b0f1\" data-element_type=\"container\" data-e-type=\"container\" href=\"http:\/\/presentes.imaisd.es\/wp-content\/uploads\/2026\/03\/CMYK-POSTERS-PRESENTES-XUNTA-1_compressed.pdf\" target=\"_blank\" rel=\"nofollow\">\n\t\t<div class=\"elementor-element elementor-element-51a2340 e-con-full e-flex e-con e-child\" data-id=\"51a2340\" data-element_type=\"container\" data-e-type=\"container\">\n\t\t\t\t<div class=\"elementor-element elementor-element-a5e4051 elementor-widget__width-initial name-button elementor-widget elementor-widget-text-editor\" data-id=\"a5e4051\" data-element_type=\"widget\" data-e-type=\"widget\" data-widget_type=\"text-editor.default\">\n\t\t\t\t\t\t\t\t\t<p>Poster<\/p>\t\t\t\t\t\t\t\t<\/div>\n\t\t\t\t<\/div>\n\t\t\t\t<div class=\"elementor-element elementor-element-b03af53 arrow-button elementor-widget elementor-widget-html\" data-id=\"b03af53\" data-element_type=\"widget\" data-e-type=\"widget\" data-widget_type=\"html.default\">\n\t\t\t\t\t<svg xmlns=\"http:\/\/www.w3.org\/2000\/svg\" width=\"60\" height=\"60\" viewBox=\"0 0 60 60\" fill=\"none\">\r\n  <path d=\"M9.375 30L50.625 30\" stroke=\"currentColor\" stroke-width=\"1.5\" stroke-linecap=\"round\" stroke-linejoin=\"round\"\/>\r\n  <path d=\"M33.75 13.125L50.625 30L33.75 46.875\" stroke=\"currentColor\" stroke-width=\"1.5\" stroke-linecap=\"round\" stroke-linejoin=\"round\"\/>\r\n<\/svg>\t\t\t\t<\/div>\n\t\t\t\t<\/a>\n\t\t<a class=\"elementor-element elementor-element-aab9621 e-con-full gray-button e-flex e-con e-child\" data-id=\"aab9621\" data-element_type=\"container\" data-e-type=\"container\" href=\"http:\/\/presentes.imaisd.es\/wp-content\/uploads\/2026\/03\/DEF-PRESENTES-POSTS1080x1350-1.zip\" target=\"_blank\" rel=\"nofollow\">\n\t\t<div class=\"elementor-element elementor-element-fa8b816 e-con-full e-flex e-con e-child\" data-id=\"fa8b816\" data-element_type=\"container\" data-e-type=\"container\">\n\t\t\t\t<div class=\"elementor-element elementor-element-7e21b72 elementor-widget__width-initial name-button elementor-widget elementor-widget-text-editor\" data-id=\"7e21b72\" data-element_type=\"widget\" data-e-type=\"widget\" data-widget_type=\"text-editor.default\">\n\t\t\t\t\t\t\t\t\t<p>Post RRSS<\/p>\t\t\t\t\t\t\t\t<\/div>\n\t\t\t\t<\/div>\n\t\t\t\t<div class=\"elementor-element elementor-element-f705c05 arrow-button elementor-widget elementor-widget-html\" data-id=\"f705c05\" data-element_type=\"widget\" data-e-type=\"widget\" data-widget_type=\"html.default\">\n\t\t\t\t\t<svg xmlns=\"http:\/\/www.w3.org\/2000\/svg\" width=\"60\" height=\"60\" viewBox=\"0 0 60 60\" fill=\"none\">\r\n  <path d=\"M9.375 30L50.625 30\" stroke=\"currentColor\" stroke-width=\"1.5\" stroke-linecap=\"round\" stroke-linejoin=\"round\"\/>\r\n  <path d=\"M33.75 13.125L50.625 30L33.75 46.875\" stroke=\"currentColor\" stroke-width=\"1.5\" stroke-linecap=\"round\" stroke-linejoin=\"round\"\/>\r\n<\/svg>\t\t\t\t<\/div>\n\t\t\t\t<\/a>\n\t\t<a class=\"elementor-element elementor-element-b901758 e-con-full gray-button e-flex e-con e-child\" data-id=\"b901758\" data-element_type=\"container\" data-e-type=\"container\" href=\"http:\/\/presentes.imaisd.es\/wp-content\/uploads\/2026\/02\/VF-PRESENTES-SELO-GAL-scaled.png\" target=\"_blank\" rel=\"nofollow\">\n\t\t<div class=\"elementor-element elementor-element-b04d6c5 e-con-full e-flex e-con e-child\" data-id=\"b04d6c5\" data-element_type=\"container\" data-e-type=\"container\">\n\t\t\t\t<div class=\"elementor-element elementor-element-c0cab31 elementor-widget__width-initial name-button elementor-widget elementor-widget-text-editor\" data-id=\"c0cab31\" data-element_type=\"widget\" data-e-type=\"widget\" data-widget_type=\"text-editor.default\">\n\t\t\t\t\t\t\t\t\t<p>Sello de apoyo<\/p>\t\t\t\t\t\t\t\t<\/div>\n\t\t\t\t<\/div>\n\t\t\t\t<div class=\"elementor-element elementor-element-7506d7b arrow-button elementor-widget elementor-widget-html\" data-id=\"7506d7b\" data-element_type=\"widget\" data-e-type=\"widget\" data-widget_type=\"html.default\">\n\t\t\t\t\t<svg xmlns=\"http:\/\/www.w3.org\/2000\/svg\" width=\"60\" height=\"60\" viewBox=\"0 0 60 60\" fill=\"none\">\r\n  <path d=\"M9.375 30L50.625 30\" stroke=\"currentColor\" stroke-width=\"1.5\" stroke-linecap=\"round\" stroke-linejoin=\"round\"\/>\r\n  <path d=\"M33.75 13.125L50.625 30L33.75 46.875\" stroke=\"currentColor\" stroke-width=\"1.5\" stroke-linecap=\"round\" stroke-linejoin=\"round\"\/>\r\n<\/svg>\t\t\t\t<\/div>\n\t\t\t\t<\/a>\n\t\t<a class=\"elementor-element elementor-element-066a098 e-con-full gray-button e-flex e-con e-child\" data-id=\"066a098\" data-element_type=\"container\" data-e-type=\"container\" href=\"http:\/\/presentes.imaisd.es\/wp-content\/uploads\/2026\/03\/PRENSA%20(1).zip\" target=\"_blank\" rel=\"nofollow\">\n\t\t<div class=\"elementor-element elementor-element-db6c83e e-con-full e-flex e-con e-child\" data-id=\"db6c83e\" data-element_type=\"container\" data-e-type=\"container\">\n\t\t\t\t<div class=\"elementor-element elementor-element-dfdca80 elementor-widget__width-initial name-button elementor-widget elementor-widget-text-editor\" data-id=\"dfdca80\" data-element_type=\"widget\" data-e-type=\"widget\" data-widget_type=\"text-editor.default\">\n\t\t\t\t\t\t\t\t\t<p>Fotos<\/p>\t\t\t\t\t\t\t\t<\/div>\n\t\t\t\t<\/div>\n\t\t\t\t<div class=\"elementor-element elementor-element-d4a48a1 arrow-button elementor-widget elementor-widget-html\" data-id=\"d4a48a1\" data-element_type=\"widget\" data-e-type=\"widget\" data-widget_type=\"html.default\">\n\t\t\t\t\t<svg xmlns=\"http:\/\/www.w3.org\/2000\/svg\" width=\"60\" height=\"60\" viewBox=\"0 0 60 60\" fill=\"none\">\r\n  <path d=\"M9.375 30L50.625 30\" stroke=\"currentColor\" stroke-width=\"1.5\" stroke-linecap=\"round\" stroke-linejoin=\"round\"\/>\r\n  <path d=\"M33.75 13.125L50.625 30L33.75 46.875\" stroke=\"currentColor\" stroke-width=\"1.5\" stroke-linecap=\"round\" stroke-linejoin=\"round\"\/>\r\n<\/svg>\t\t\t\t<\/div>\n\t\t\t\t<\/a>\n\t\t<a class=\"elementor-element elementor-element-208ab5c e-con-full gray-button e-flex e-con e-child\" data-id=\"208ab5c\" data-element_type=\"container\" data-e-type=\"container\" href=\"http:\/\/presentes.imaisd.es\/wp-content\/uploads\/2026\/03\/rrss_2026.zip\" target=\"_blank\" rel=\"nofollow\">\n\t\t<div class=\"elementor-element elementor-element-696bf4d e-con-full e-flex e-con e-child\" data-id=\"696bf4d\" data-element_type=\"container\" data-e-type=\"container\">\n\t\t\t\t<div class=\"elementor-element elementor-element-d665990 elementor-widget__width-initial name-button elementor-widget elementor-widget-text-editor\" data-id=\"d665990\" data-element_type=\"widget\" data-e-type=\"widget\" data-widget_type=\"text-editor.default\">\n\t\t\t\t\t\t\t\t\t<p>Campa\u00f1a<\/p>\t\t\t\t\t\t\t\t<\/div>\n\t\t\t\t<\/div>\n\t\t\t\t<div class=\"elementor-element elementor-element-55302fe arrow-button elementor-widget elementor-widget-html\" data-id=\"55302fe\" data-element_type=\"widget\" data-e-type=\"widget\" data-widget_type=\"html.default\">\n\t\t\t\t\t<svg xmlns=\"http:\/\/www.w3.org\/2000\/svg\" width=\"60\" height=\"60\" viewBox=\"0 0 60 60\" fill=\"none\">\r\n  <path d=\"M9.375 30L50.625 30\" stroke=\"currentColor\" stroke-width=\"1.5\" stroke-linecap=\"round\" stroke-linejoin=\"round\"\/>\r\n  <path d=\"M33.75 13.125L50.625 30L33.75 46.875\" stroke=\"currentColor\" stroke-width=\"1.5\" stroke-linecap=\"round\" stroke-linejoin=\"round\"\/>\r\n<\/svg>\t\t\t\t<\/div>\n\t\t\t\t<\/a>\n\t\t\t\t<\/div>\n\t\t\t\t<\/div>\n\t\t\t\t<\/div>\n\t\t","protected":false},"excerpt":{"rendered":"<p>PRENSA. Si quieres ayudarnos a visibilizar y as\u00ed hacer m\u00e1s grande e proyecto PRESENTES, aqu\u00ed puedes descargar materiales, y si quieres contactarnos puedes hacerlo en estamos@presentes.imaisd.es Materiales prensa Poster Post RRSS Sello de apoyo Fotos Campa\u00f1a<\/p>\n","protected":false},"author":1,"featured_media":2551,"parent":0,"menu_order":0,"comment_status":"closed","ping_status":"closed","template":"","meta":{"footnotes":""},"class_list":["post-2619","page","type-page","status-publish","has-post-thumbnail","hentry"],"_links":{"self":[{"href":"http:\/\/presentes.imaisd.es\/es\/wp-json\/wp\/v2\/pages\/2619","targetHints":{"allow":["GET"]}}],"collection":[{"href":"http:\/\/presentes.imaisd.es\/es\/wp-json\/wp\/v2\/pages"}],"about":[{"href":"http:\/\/presentes.imaisd.es\/es\/wp-json\/wp\/v2\/types\/page"}],"author":[{"embeddable":true,"href":"http:\/\/presentes.imaisd.es\/es\/wp-json\/wp\/v2\/users\/1"}],"replies":[{"embeddable":true,"href":"http:\/\/presentes.imaisd.es\/es\/wp-json\/wp\/v2\/comments?post=2619"}],"version-history":[{"count":3,"href":"http:\/\/presentes.imaisd.es\/es\/wp-json\/wp\/v2\/pages\/2619\/revisions"}],"predecessor-version":[{"id":2622,"href":"http:\/\/presentes.imaisd.es\/es\/wp-json\/wp\/v2\/pages\/2619\/revisions\/2622"}],"wp:featuredmedia":[{"embeddable":true,"href":"http:\/\/presentes.imaisd.es\/es\/wp-json\/wp\/v2\/media\/2551"}],"wp:attachment":[{"href":"http:\/\/presentes.imaisd.es\/es\/wp-json\/wp\/v2\/media?parent=2619"}],"curies":[{"name":"wp","href":"https:\/\/api.w.org\/{rel}","templated":true}]}}