{"id":2615,"date":"2026-01-29T15:18:06","date_gmt":"2026-01-29T14:18:06","guid":{"rendered":"http:\/\/presentes.imaisd.es\/guia-de-eventos-igualitarios\/"},"modified":"2026-04-08T08:37:07","modified_gmt":"2026-04-08T06:37:07","slug":"guia-de-eventos-igualitarios","status":"publish","type":"page","link":"http:\/\/presentes.imaisd.es\/es\/guia-de-eventos-igualitarios\/","title":{"rendered":"Guia de eventos igualitarios"},"content":{"rendered":"\t\t<div data-elementor-type=\"wp-page\" data-elementor-id=\"2615\" class=\"elementor elementor-2615 elementor-319\" data-elementor-post-type=\"page\">\n\t\t\t\t<div class=\"elementor-element elementor-element-cdaf8ba e-con-full body-azul e-flex e-con e-parent\" data-id=\"cdaf8ba\" data-element_type=\"container\" data-e-type=\"container\" data-settings=\"{&quot;background_background&quot;:&quot;classic&quot;}\">\n\t\t\t\t<div class=\"elementor-element elementor-element-05af455 elementor-widget__width-inherit elementor-widget elementor-widget-heading\" data-id=\"05af455\" data-element_type=\"widget\" data-e-type=\"widget\" data-widget_type=\"heading.default\">\n\t\t\t\t\t<h1 class=\"elementor-heading-title elementor-size-default\">GU\u00edA DE EVENTOS<\/br>IGUALITARIOS.<\/h1>\t\t\t\t<\/div>\n\t\t\t\t<div class=\"elementor-element elementor-element-f6c1468 elementor-widget__width-initial elementor-widget elementor-widget-text-editor\" data-id=\"f6c1468\" data-element_type=\"widget\" data-e-type=\"widget\" data-widget_type=\"text-editor.default\">\n\t\t\t\t\t\t\t\t\t<p>Aqu\u00ed tienes una gu\u00eda para entender mejor c\u00f3mo puedes hacer que un evento sea igualitario. Descargarla, leerla y compartirla ya es hacer algo por una sociedad m\u00e1s igualitaria.<\/p>\t\t\t\t\t\t\t\t<\/div>\n\t\t\t\t<\/div>\n\t\t<div class=\"elementor-element elementor-element-6e627cc e-con-full e-flex e-con e-parent\" data-id=\"6e627cc\" data-element_type=\"container\" data-e-type=\"container\" data-settings=\"{&quot;background_background&quot;:&quot;classic&quot;}\">\n\t\t<div class=\"elementor-element elementor-element-d22f2d9 e-con-full e-flex e-con e-child\" data-id=\"d22f2d9\" data-element_type=\"container\" data-e-type=\"container\">\n\t\t\t\t<div class=\"elementor-element elementor-element-f809991 elementor-widget elementor-widget-heading\" data-id=\"f809991\" data-element_type=\"widget\" data-e-type=\"widget\" data-widget_type=\"heading.default\">\n\t\t\t\t\t<h2 class=\"elementor-heading-title elementor-size-default\">Desc\u00e1rgala aqu\u00ed<\/h2>\t\t\t\t<\/div>\n\t\t\t\t<\/div>\n\t\t<div class=\"elementor-element elementor-element-5d9bfb0 e-grid e-con-full e-con e-child\" data-id=\"5d9bfb0\" data-element_type=\"container\" data-e-type=\"container\">\n\t\t<a class=\"elementor-element elementor-element-3991d77 e-con-full gray-button e-flex e-con e-child\" data-id=\"3991d77\" data-element_type=\"container\" data-e-type=\"container\" href=\"http:\/\/presentes.imaisd.es\/wp-content\/uploads\/2026\/04\/GUIA-CHECKLIST-EVENTOS-GENERO-1.pdf\" target=\"_blank\">\n\t\t<div class=\"elementor-element elementor-element-454b5e3 e-con-full e-flex e-con e-child\" data-id=\"454b5e3\" data-element_type=\"container\" data-e-type=\"container\">\n\t\t\t\t<div class=\"elementor-element elementor-element-3bdef5a number-button elementor-widget elementor-widget-text-editor\" data-id=\"3bdef5a\" data-element_type=\"widget\" data-e-type=\"widget\" data-widget_type=\"text-editor.default\">\n\t\t\t\t\t\t\t\t\t<p>1.<\/p>\t\t\t\t\t\t\t\t<\/div>\n\t\t\t\t<div class=\"elementor-element elementor-element-7af9150 elementor-widget__width-initial name-button elementor-widget elementor-widget-text-editor\" data-id=\"7af9150\" data-element_type=\"widget\" data-e-type=\"widget\" data-widget_type=\"text-editor.default\">\n\t\t\t\t\t\t\t\t\t<p>Gu\u00eda de eventos igualitarios<\/p>\t\t\t\t\t\t\t\t<\/div>\n\t\t\t\t<\/div>\n\t\t\t\t<div class=\"elementor-element elementor-element-0764b17 arrow-button elementor-widget elementor-widget-html\" data-id=\"0764b17\" data-element_type=\"widget\" data-e-type=\"widget\" data-widget_type=\"html.default\">\n\t\t\t\t\t<svg xmlns=\"http:\/\/www.w3.org\/2000\/svg\" width=\"60\" height=\"60\" viewBox=\"0 0 60 60\" fill=\"none\">\r\n  <path d=\"M9.375 30L50.625 30\" stroke=\"currentColor\" stroke-width=\"1.5\" stroke-linecap=\"round\" stroke-linejoin=\"round\"\/>\r\n  <path d=\"M33.75 13.125L50.625 30L33.75 46.875\" stroke=\"currentColor\" stroke-width=\"1.5\" stroke-linecap=\"round\" stroke-linejoin=\"round\"\/>\r\n<\/svg>\t\t\t\t<\/div>\n\t\t\t\t<\/a>\n\t\t<a class=\"elementor-element elementor-element-e7e0074 e-con-full e-flex e-con e-child\" data-id=\"e7e0074\" data-element_type=\"container\" data-e-type=\"container\">\n\t\t\t\t<\/a>\n\t\t\t\t<\/div>\n\t\t\t\t<\/div>\n\t\t\t\t<\/div>\n\t\t","protected":false},"excerpt":{"rendered":"<p>GU\u00edA DE EVENTOSIGUALITARIOS. Aqu\u00ed tienes una gu\u00eda para entender mejor c\u00f3mo puedes hacer que un evento sea igualitario. Descargarla, leerla y compartirla ya es hacer algo por una sociedad m\u00e1s igualitaria. Desc\u00e1rgala aqu\u00ed 1. Gu\u00eda de eventos igualitarios<\/p>\n","protected":false},"author":1,"featured_media":2551,"parent":0,"menu_order":0,"comment_status":"closed","ping_status":"closed","template":"elementor_header_footer","meta":{"footnotes":""},"class_list":["post-2615","page","type-page","status-publish","has-post-thumbnail","hentry"],"_links":{"self":[{"href":"http:\/\/presentes.imaisd.es\/es\/wp-json\/wp\/v2\/pages\/2615","targetHints":{"allow":["GET"]}}],"collection":[{"href":"http:\/\/presentes.imaisd.es\/es\/wp-json\/wp\/v2\/pages"}],"about":[{"href":"http:\/\/presentes.imaisd.es\/es\/wp-json\/wp\/v2\/types\/page"}],"author":[{"embeddable":true,"href":"http:\/\/presentes.imaisd.es\/es\/wp-json\/wp\/v2\/users\/1"}],"replies":[{"embeddable":true,"href":"http:\/\/presentes.imaisd.es\/es\/wp-json\/wp\/v2\/comments?post=2615"}],"version-history":[{"count":6,"href":"http:\/\/presentes.imaisd.es\/es\/wp-json\/wp\/v2\/pages\/2615\/revisions"}],"predecessor-version":[{"id":2780,"href":"http:\/\/presentes.imaisd.es\/es\/wp-json\/wp\/v2\/pages\/2615\/revisions\/2780"}],"wp:featuredmedia":[{"embeddable":true,"href":"http:\/\/presentes.imaisd.es\/es\/wp-json\/wp\/v2\/media\/2551"}],"wp:attachment":[{"href":"http:\/\/presentes.imaisd.es\/es\/wp-json\/wp\/v2\/media?parent=2615"}],"curies":[{"name":"wp","href":"https:\/\/api.w.org\/{rel}","templated":true}]}}