{"id":2591,"date":"2026-02-04T16:18:38","date_gmt":"2026-02-04T15:18:38","guid":{"rendered":"http:\/\/presentes.imaisd.es\/suxerir-unha-profesional\/"},"modified":"2026-03-30T13:10:55","modified_gmt":"2026-03-30T11:10:55","slug":"suxerir-unha-profesional","status":"publish","type":"page","link":"http:\/\/presentes.imaisd.es\/es\/suxerir-unha-profesional\/","title":{"rendered":"Sugerir una profesional"},"content":{"rendered":"\t\t<div data-elementor-type=\"wp-page\" data-elementor-id=\"2591\" class=\"elementor elementor-2591 elementor-507\" data-elementor-post-type=\"page\">\n\t\t\t\t<div class=\"elementor-element elementor-element-e65f336 e-con-full body-azul e-flex e-con e-parent\" data-id=\"e65f336\" data-element_type=\"container\" data-e-type=\"container\" data-settings=\"{&quot;background_background&quot;:&quot;classic&quot;}\">\n\t\t\t\t<div class=\"elementor-element elementor-element-0da82b8 elementor-widget__width-initial elementor-widget elementor-widget-heading\" data-id=\"0da82b8\" data-element_type=\"widget\" data-e-type=\"widget\" data-widget_type=\"heading.default\">\n\t\t\t\t\t<span class=\"elementor-heading-title elementor-size-default\">Cuantas m\u00e1s seamos, m\u00e1s sencillo ser\u00e1 encontrarnos.<\/span>\t\t\t\t<\/div>\n\t\t\t\t<div class=\"elementor-element elementor-element-17e7fe5 elementor-widget__width-initial elementor-widget elementor-widget-text-editor\" data-id=\"17e7fe5\" data-element_type=\"widget\" data-e-type=\"widget\" data-widget_type=\"text-editor.default\">\n\t\t\t\t\t\t\t\t\t<p>Encontrar nuevas mujeres que formen parte del listado de profesionales es muy importante para acelerar el camino hacia la igualdad. Cada nueva voz hace m\u00e1s grande la tan necesaria visibilidad y genera nuevas oportunidades de ocupar espacios de conocimiento e inspiraci\u00f3n de forma igualitaria. Cuantas m\u00e1s seamos, m\u00e1s sencillo ser\u00e1 encontrarnos.<\/p><p>Por eso, si conoces a alguna mujer a quien le gustar\u00eda sumarse a este proyecto, ser\u00e1s de gran ayuda. Solo tienes que completar este formulario y ser\u00e1 contactada en cuanto podamos.<\/p><p>Muchas gracias.<\/p>\t\t\t\t\t\t\t\t<\/div>\n\t\t\t\t<\/div>\n\t\t<div class=\"elementor-element elementor-element-9486c7b e-con-full e-grid e-con e-parent\" data-id=\"9486c7b\" data-element_type=\"container\" data-e-type=\"container\" data-settings=\"{&quot;background_background&quot;:&quot;classic&quot;}\">\n\t\t\t\t<div class=\"elementor-element elementor-element-4319ec7 elementor-widget__width-initial elementor-widget elementor-widget-heading\" data-id=\"4319ec7\" data-element_type=\"widget\" data-e-type=\"widget\" data-widget_type=\"heading.default\">\n\t\t\t\t\t<h1 class=\"elementor-heading-title elementor-size-default\">Suxerir unha profesional<\/h1>\t\t\t\t<\/div>\n\t\t<div class=\"elementor-element elementor-element-a23559e e-con-full e-flex e-con e-child\" data-id=\"a23559e\" data-element_type=\"container\" data-e-type=\"container\">\n\t\t\t\t<div class=\"elementor-element elementor-element-e8c30d8 elementor-widget elementor-widget-shortcode\" data-id=\"e8c30d8\" data-element_type=\"widget\" data-e-type=\"widget\" id=\"suxerir-profesional\" data-widget_type=\"shortcode.default\">\n\t\t\t\t\t\t\t<div class=\"elementor-shortcode\">\n<div class=\"wpcf7 no-js\" id=\"wpcf7-f2594-o1\" lang=\"es-ES\" dir=\"ltr\" data-wpcf7-id=\"2594\">\n<div class=\"screen-reader-response\"><p role=\"status\" aria-live=\"polite\" aria-atomic=\"true\"><\/p> <ul><\/ul><\/div>\n<form action=\"\/es\/wp-json\/wp\/v2\/pages\/2591#wpcf7-f2594-o1\" method=\"post\" class=\"wpcf7-form init\" aria-label=\"Formulario de contacto\" novalidate=\"novalidate\" data-status=\"init\">\n<fieldset class=\"hidden-fields-container\"><input type=\"hidden\" name=\"_wpcf7\" value=\"2594\" \/><input type=\"hidden\" name=\"_wpcf7_version\" value=\"6.1.5\" \/><input type=\"hidden\" name=\"_wpcf7_locale\" value=\"es_ES\" \/><input type=\"hidden\" name=\"_wpcf7_unit_tag\" value=\"wpcf7-f2594-o1\" \/><input type=\"hidden\" name=\"_wpcf7_container_post\" value=\"0\" \/><input type=\"hidden\" name=\"_wpcf7_posted_data_hash\" value=\"\" \/><input type=\"hidden\" name=\"_wpcf7_recaptcha_response\" value=\"\" \/>\n<\/fieldset>\n<p><label class=\"input-form nombre\"><br \/>\n<span class=\"wpcf7-form-control-wrap\" data-name=\"nome\"><input size=\"40\" maxlength=\"400\" class=\"wpcf7-form-control wpcf7-text wpcf7-validates-as-required\" aria-required=\"true\" aria-invalid=\"false\" placeholder=\"*Tu nombre\" value=\"\" type=\"text\" name=\"nome\" \/><\/span> <\/label>\n<\/p>\n<p><label class=\"input-form correo\"><br \/>\n<span class=\"wpcf7-form-control-wrap\" data-name=\"correo\"><input size=\"40\" maxlength=\"400\" class=\"wpcf7-form-control wpcf7-email wpcf7-validates-as-required wpcf7-text wpcf7-validates-as-email\" aria-required=\"true\" aria-invalid=\"false\" placeholder=\"*Tu correo electr\u00f3nico\" value=\"\" type=\"email\" name=\"correo\" \/><\/span> <\/label>\n<\/p>\n<p><label class=\"input-form nome-profesional\"><br \/>\n<span class=\"wpcf7-form-control-wrap\" data-name=\"nome_profesional\"><input size=\"40\" maxlength=\"400\" class=\"wpcf7-form-control wpcf7-text wpcf7-validates-as-required\" aria-required=\"true\" aria-invalid=\"false\" placeholder=\"*Nombre y apellidos de la profesional\" value=\"\" type=\"text\" name=\"nome_profesional\" \/><\/span> <\/label>\n<\/p>\n<p><label class=\"input-form perfil-profesional\"><br \/>\n<span class=\"wpcf7-form-control-wrap\" data-name=\"perfil_profesional\"><input size=\"40\" maxlength=\"400\" class=\"wpcf7-form-control wpcf7-url wpcf7-text wpcf7-validates-as-url\" aria-invalid=\"false\" placeholder=\"*Linkedin\/Instagram\/Web\" value=\"\" type=\"url\" name=\"perfil_profesional\" \/><\/span> <\/label>\n<\/p>\n<p><label class=\"input-form area-especialidade\"><br \/>\n<span class=\"wpcf7-form-control-wrap\" data-name=\"area_especialidade\"><input size=\"40\" maxlength=\"400\" class=\"wpcf7-form-control wpcf7-text\" aria-invalid=\"false\" placeholder=\"*\u00c1rea de especialidad\" value=\"\" type=\"text\" name=\"area_especialidade\" \/><\/span> <\/label>\n<\/p>\n<p><label class=\"input-form comentarios\"><br \/>\n<span class=\"wpcf7-form-control-wrap\" data-name=\"comentarios\"><textarea cols=\"40\" rows=\"10\" maxlength=\"2000\" class=\"wpcf7-form-control wpcf7-textarea\" aria-invalid=\"false\" placeholder=\"*Comentarios\" name=\"comentarios\"><\/textarea><\/span> <\/label>\n<\/p>\n<p><span class=\"wpcf7-form-control-wrap\" data-name=\"acceptance-legal\"><span class=\"wpcf7-form-control wpcf7-acceptance\"><span class=\"wpcf7-list-item\"><label><input type=\"checkbox\" name=\"acceptance-legal\" value=\"1\" aria-invalid=\"false\" \/><span class=\"wpcf7-list-item-label\">He leido y aceptado la <a href=\"\/politica-privacidade\/\" target=\"_blank\" >Pol\u00edtica de privacidad<\/a><\/span><\/label><\/span><\/span><\/span>\n<\/p>\n<p><input class=\"wpcf7-form-control wpcf7-submit has-spinner\" type=\"submit\" value=\"Enviar\" \/>\n<\/p><div class=\"wpcf7-response-output\" aria-hidden=\"true\"><\/div>\n<\/form>\n<\/div>\n<\/div>\n\t\t\t\t\t\t<\/div>\n\t\t\t\t<\/div>\n\t\t\t\t<\/div>\n\t\t\t\t<\/div>\n\t\t","protected":false},"excerpt":{"rendered":"<p>Cuantas m\u00e1s seamos, m\u00e1s sencillo ser\u00e1 encontrarnos. Encontrar nuevas mujeres que formen parte del listado de profesionales es muy importante para acelerar el camino hacia la igualdad. Cada nueva voz hace m\u00e1s grande la tan necesaria visibilidad y genera nuevas oportunidades de ocupar espacios de conocimiento e inspiraci\u00f3n de forma igualitaria. Cuantas m\u00e1s seamos, m\u00e1s [&hellip;]<\/p>\n","protected":false},"author":1,"featured_media":2551,"parent":0,"menu_order":0,"comment_status":"closed","ping_status":"closed","template":"elementor_header_footer","meta":{"footnotes":""},"class_list":["post-2591","page","type-page","status-publish","has-post-thumbnail","hentry"],"_links":{"self":[{"href":"http:\/\/presentes.imaisd.es\/es\/wp-json\/wp\/v2\/pages\/2591","targetHints":{"allow":["GET"]}}],"collection":[{"href":"http:\/\/presentes.imaisd.es\/es\/wp-json\/wp\/v2\/pages"}],"about":[{"href":"http:\/\/presentes.imaisd.es\/es\/wp-json\/wp\/v2\/types\/page"}],"author":[{"embeddable":true,"href":"http:\/\/presentes.imaisd.es\/es\/wp-json\/wp\/v2\/users\/1"}],"replies":[{"embeddable":true,"href":"http:\/\/presentes.imaisd.es\/es\/wp-json\/wp\/v2\/comments?post=2591"}],"version-history":[{"count":4,"href":"http:\/\/presentes.imaisd.es\/es\/wp-json\/wp\/v2\/pages\/2591\/revisions"}],"predecessor-version":[{"id":2670,"href":"http:\/\/presentes.imaisd.es\/es\/wp-json\/wp\/v2\/pages\/2591\/revisions\/2670"}],"wp:featuredmedia":[{"embeddable":true,"href":"http:\/\/presentes.imaisd.es\/es\/wp-json\/wp\/v2\/media\/2551"}],"wp:attachment":[{"href":"http:\/\/presentes.imaisd.es\/es\/wp-json\/wp\/v2\/media?parent=2591"}],"curies":[{"name":"wp","href":"https:\/\/api.w.org\/{rel}","templated":true}]}}