{"id":2573,"date":"2026-01-29T13:03:58","date_gmt":"2026-01-29T12:03:58","guid":{"rendered":"http:\/\/presentes.imaisd.es\/por-que-facemos\/"},"modified":"2026-03-30T13:06:50","modified_gmt":"2026-03-30T11:06:50","slug":"por-que-facemos","status":"publish","type":"page","link":"http:\/\/presentes.imaisd.es\/es\/por-que-facemos\/","title":{"rendered":"Por que hacemos esto"},"content":{"rendered":"\t\t<div data-elementor-type=\"wp-page\" data-elementor-id=\"2573\" class=\"elementor elementor-2573 elementor-250\" data-elementor-post-type=\"page\">\n\t\t\t\t<div class=\"elementor-element elementor-element-d0260fd e-con-full body-azul e-flex e-con e-parent\" data-id=\"d0260fd\" data-element_type=\"container\" data-e-type=\"container\" data-settings=\"{&quot;background_background&quot;:&quot;classic&quot;}\">\n\t\t\t\t<div class=\"elementor-element elementor-element-0f4ae28 elementor-widget__width-inherit elementor-widget elementor-widget-heading\" data-id=\"0f4ae28\" data-element_type=\"widget\" data-e-type=\"widget\" data-widget_type=\"heading.default\">\n\t\t\t\t\t<h1 class=\"elementor-heading-title elementor-size-default\">\nTe damos la<\/br>bienvenida a<\/br>PRESENTES\n<\/h1>\t\t\t\t<\/div>\n\t\t\t\t<div class=\"elementor-element elementor-element-c1d2b82 elementor-widget__width-initial elementor-widget elementor-widget-text-editor\" data-id=\"c1d2b82\" data-element_type=\"widget\" data-e-type=\"widget\" data-widget_type=\"text-editor.default\">\n\t\t\t\t\t\t\t\t\t<p>Un proyecto creado por la Xunta de Galicia para promover que las mujeres accedan y participen de forma activa e igualitaria en la toma de decisiones en todos los espacios; sean p\u00fablicos, privados, acad\u00e9micos o sociales.<\/p>\t\t\t\t\t\t\t\t<\/div>\n\t\t\t\t<\/div>\n\t\t<div class=\"elementor-element elementor-element-73adebf e-con-full e-grid e-con e-parent\" data-id=\"73adebf\" data-element_type=\"container\" data-e-type=\"container\" data-settings=\"{&quot;background_background&quot;:&quot;classic&quot;}\">\n\t\t\t\t<div class=\"elementor-element elementor-element-23f5159 elementor-widget__width-inherit elementor-widget elementor-widget-heading\" data-id=\"23f5159\" data-element_type=\"widget\" data-e-type=\"widget\" data-widget_type=\"heading.default\">\n\t\t\t\t\t<h2 class=\"elementor-heading-title elementor-size-default\">Por qu\u00e9<br>hacemos esto\n<\/h2>\t\t\t\t<\/div>\n\t\t\t\t<div class=\"elementor-element elementor-element-5688833 elementor-widget elementor-widget-text-editor\" data-id=\"5688833\" data-element_type=\"widget\" data-e-type=\"widget\" data-widget_type=\"text-editor.default\">\n\t\t\t\t\t\t\t\t\t<p>Contar con referentes femeninos es fundamental para lograr la igualdad de g\u00e9nero. En Galicia se celebran miles de eventos cada a\u00f1o. Miles de oportunidades para visibilizar a estas mujeres y construir una sociedad m\u00e1s igualitaria, ya que en muchos de ellos la representaci\u00f3n de la mujer, con un papel activo, a\u00fan es escasa.<\/p><p>Charlas, mesas redondas y debates son espacios de visibilidad donde se necesitan referentes, pero tambi\u00e9n son espacios de conocimiento, inspiraci\u00f3n y di\u00e1logo. Espacios donde se construye nuestro presente y se debate nuestro futuro en miles de aspectos: sociales, econ\u00f3micos, sanitarios, tecnol\u00f3gicos, medioambientales y un largo etc\u00e9tera de temas que dan forma a nuestro mundo.<\/p><p>Un mundo que nunca ser\u00e1 igualitario si las mujeres no tienen voz. Y por eso naci\u00f3 PRESENTES.<\/p><p>La mayor comunidad de mujeres gallegas (o residentes en Galicia) que quiere dar visibilidad a profesionales expertas en todas las \u00e1reas del conocimiento y as\u00ed facilitarles la participaci\u00f3n y el liderazgo en estos espacios.<\/p><p>Un proyecto de la Xunta de Galicia para que cualquiera que comprenda la importancia de esto pueda incluir a las mujeres en los eventos y, de esta manera, contribuir a hacer de nuestro mundo, presente y futuro, un lugar verdaderamente igualitario.<\/p>\t\t\t\t\t\t\t\t<\/div>\n\t\t\t\t<\/div>\n\t\t<div class=\"elementor-element elementor-element-44e6eab e-con-full e-grid background-blue e-con e-parent\" data-id=\"44e6eab\" data-element_type=\"container\" data-e-type=\"container\" data-settings=\"{&quot;background_background&quot;:&quot;classic&quot;}\">\n\t\t\t\t<div class=\"elementor-element elementor-element-823fcac elementor-widget elementor-widget-heading\" data-id=\"823fcac\" data-element_type=\"widget\" data-e-type=\"widget\" data-widget_type=\"heading.default\">\n\t\t\t\t\t<h2 class=\"elementor-heading-title elementor-size-default\">C\u00f3mo lo hacemos<\/h2>\t\t\t\t<\/div>\n\t\t<div class=\"elementor-element elementor-element-448e5e0 e-con-full e-flex e-con e-child\" data-id=\"448e5e0\" data-element_type=\"container\" data-e-type=\"container\">\n\t\t<div class=\"elementor-element elementor-element-1d20463 e-con-full e-flex e-con e-child\" data-id=\"1d20463\" data-element_type=\"container\" data-e-type=\"container\">\n\t\t\t\t<div class=\"elementor-element elementor-element-dfb2805 elementor-widget elementor-widget-heading\" data-id=\"dfb2805\" data-element_type=\"widget\" data-e-type=\"widget\" data-widget_type=\"heading.default\">\n\t\t\t\t\t<h3 class=\"elementor-heading-title elementor-size-default\">VER<\/h3>\t\t\t\t<\/div>\n\t\t\t\t<div class=\"elementor-element elementor-element-e63ae30 elementor-widget__width-initial elementor-widget elementor-widget-text-editor\" data-id=\"e63ae30\" data-element_type=\"widget\" data-e-type=\"widget\" data-widget_type=\"text-editor.default\">\n\t\t\t\t\t\t\t\t\t<p>Si quienes organizan eventos tienen un lugar donde ver que la realidad es que existen muchas mujeres expertas en sus respectivas \u00e1reas de especializaci\u00f3n, podr\u00e1n lograr f\u00e1cilmente que la sociedad las vea.<\/p>\t\t\t\t\t\t\t\t<\/div>\n\t\t\t\t<\/div>\n\t\t<div class=\"elementor-element elementor-element-73538ef e-con-full e-flex e-con e-child\" data-id=\"73538ef\" data-element_type=\"container\" data-e-type=\"container\">\n\t\t\t\t<div class=\"elementor-element elementor-element-2e24d95 elementor-widget elementor-widget-heading\" data-id=\"2e24d95\" data-element_type=\"widget\" data-e-type=\"widget\" data-widget_type=\"heading.default\">\n\t\t\t\t\t<h3 class=\"elementor-heading-title elementor-size-default\">ENTENDER<\/h3>\t\t\t\t<\/div>\n\t\t\t\t<div class=\"elementor-element elementor-element-cbad5b5 elementor-widget__width-initial elementor-widget elementor-widget-text-editor\" data-id=\"cbad5b5\" data-element_type=\"widget\" data-e-type=\"widget\" data-widget_type=\"text-editor.default\">\n\t\t\t\t\t\t\t\t\t<p>Si las personas asistentes ven a las mujeres, no solo podr\u00e1n entender que las mujeres pueden ser expertas y referentes en cualquier sector, sino que tambi\u00e9n podr\u00e1n entender la realidad de una forma m\u00e1s abierta, diversa y enriquecedora. Y solo escuchando, se puede entender.<\/p>\t\t\t\t\t\t\t\t<\/div>\n\t\t\t\t<\/div>\n\t\t<div class=\"elementor-element elementor-element-bfe7287 e-con-full e-flex e-con e-child\" data-id=\"bfe7287\" data-element_type=\"container\" data-e-type=\"container\">\n\t\t\t\t<div class=\"elementor-element elementor-element-5ca1a13 elementor-widget elementor-widget-heading\" data-id=\"5ca1a13\" data-element_type=\"widget\" data-e-type=\"widget\" data-widget_type=\"heading.default\">\n\t\t\t\t\t<h3 class=\"elementor-heading-title elementor-size-default\">CONSTRU\u00cdR<\/h3>\t\t\t\t<\/div>\n\t\t\t\t<div class=\"elementor-element elementor-element-eb98e8d elementor-widget__width-initial elementor-widget elementor-widget-text-editor\" data-id=\"eb98e8d\" data-element_type=\"widget\" data-e-type=\"widget\" data-widget_type=\"text-editor.default\">\n\t\t\t\t\t\t\t\t\t<p>Aprendiendo, dialogando e inspirando es c\u00f3mo construimos la realidad. Una realidad que solo puede ser igualitaria si la construimos en com\u00fan.<\/p>\t\t\t\t\t\t\t\t<\/div>\n\t\t\t\t<\/div>\n\t\t\t\t<\/div>\n\t\t\t\t<\/div>\n\t\t<div class=\"elementor-element elementor-element-837ecb0 e-con-full e-grid e-con e-parent\" data-id=\"837ecb0\" data-element_type=\"container\" data-e-type=\"container\" data-settings=\"{&quot;background_background&quot;:&quot;classic&quot;}\">\n\t\t\t\t<div class=\"elementor-element elementor-element-2adf12c elementor-widget__width-inherit elementor-widget elementor-widget-heading\" data-id=\"2adf12c\" data-element_type=\"widget\" data-e-type=\"widget\" data-widget_type=\"heading.default\">\n\t\t\t\t\t<h2 class=\"elementor-heading-title elementor-size-default\">C\u00f3mo puedes<\/br>sumarte<\/h2>\t\t\t\t<\/div>\n\t\t<div class=\"elementor-element elementor-element-ddd51c3 e-con-full e-flex e-con e-child\" data-id=\"ddd51c3\" data-element_type=\"container\" data-e-type=\"container\">\n\t\t\t\t<div class=\"elementor-element elementor-element-074e9ec elementor-widget__width-initial elementor-widget elementor-widget-text-editor\" data-id=\"074e9ec\" data-element_type=\"widget\" data-e-type=\"widget\" data-widget_type=\"text-editor.default\">\n\t\t\t\t\t\t\t\t\t<p>Cualquiera que sea tu rol en los eventos puedes ayudar much\u00edsimo.<\/p><p>Ya seas una instituci\u00f3n, colectivo, participante o asistente aqu\u00ed podr\u00e1s encontrar mujeres expertas para promover que los eventos sean igualitarios. Buscando, proponiendo o visibilizando este proyecto.<\/p>\t\t\t\t\t\t\t\t<\/div>\n\t\t\t\t<div class=\"elementor-element elementor-element-4f051af elementor-widget elementor-widget-button\" data-id=\"4f051af\" data-element_type=\"widget\" data-e-type=\"widget\" data-widget_type=\"button.default\">\n\t\t\t\t\t\t\t\t\t\t<a class=\"elementor-button elementor-button-link elementor-size-sm elementor-animation-grow\" href=\"http:\/\/presentes.imaisd.es\/es\/como-podo-sumar\/\">\n\t\t\t\t\t\t<span class=\"elementor-button-content-wrapper\">\n\t\t\t\t\t\t<span class=\"elementor-button-icon\">\n\t\t\t\t<svg xmlns=\"http:\/\/www.w3.org\/2000\/svg\" width=\"18\" height=\"18\" viewBox=\"0 0 18 18\" fill=\"none\"><g clip-path=\"url(#clip0_16_452)\"><path d=\"M5.14062 13.6406L13.8911 4.89018\" stroke=\"#2111FA\" stroke-width=\"1.5\" stroke-linecap=\"round\" stroke-linejoin=\"round\"><\/path><path d=\"M6.73242 4.89062H13.8919V12.0501\" stroke=\"#2111FA\" stroke-width=\"1.5\" stroke-linecap=\"round\" stroke-linejoin=\"round\"><\/path><\/g><defs><clipPath id=\"clip0_16_452\"><rect width=\"18\" height=\"18\" fill=\"white\"><\/rect><\/clipPath><\/defs><\/svg>\t\t\t<\/span>\n\t\t\t\t\t\t\t\t\t<span class=\"elementor-button-text\">Aqu\u00ed te explicamos c\u00f3mo.<\/span>\n\t\t\t\t\t<\/span>\n\t\t\t\t\t<\/a>\n\t\t\t\t\t\t\t\t<\/div>\n\t\t\t\t<\/div>\n\t\t\t\t<\/div>\n\t\t<div class=\"elementor-element elementor-element-6691bbf e-con-full e-grid background-blue e-con e-parent\" data-id=\"6691bbf\" data-element_type=\"container\" data-e-type=\"container\" data-settings=\"{&quot;background_background&quot;:&quot;classic&quot;}\">\n\t\t\t\t<div class=\"elementor-element elementor-element-a495ff5 elementor-widget elementor-widget-heading\" data-id=\"a495ff5\" data-element_type=\"widget\" data-e-type=\"widget\" data-widget_type=\"heading.default\">\n\t\t\t\t\t<h2 class=\"elementor-heading-title elementor-size-default\">Cu\u00e1l es el criterio<\/h2>\t\t\t\t<\/div>\n\t\t<div class=\"elementor-element elementor-element-f6ec337 e-con-full e-flex e-con e-child\" data-id=\"f6ec337\" data-element_type=\"container\" data-e-type=\"container\">\n\t\t<div class=\"elementor-element elementor-element-5566a3d e-con-full e-flex e-con e-child\" data-id=\"5566a3d\" data-element_type=\"container\" data-e-type=\"container\">\n\t\t\t\t<div class=\"elementor-element elementor-element-ad86ec5 elementor-widget elementor-widget-heading\" data-id=\"ad86ec5\" data-element_type=\"widget\" data-e-type=\"widget\" data-widget_type=\"heading.default\">\n\t\t\t\t\t<h3 class=\"elementor-heading-title elementor-size-default\">EL LISTADO<\/h3>\t\t\t\t<\/div>\n\t\t\t\t<div class=\"elementor-element elementor-element-ff49ba7 elementor-widget__width-initial elementor-widget elementor-widget-text-editor\" data-id=\"ff49ba7\" data-element_type=\"widget\" data-e-type=\"widget\" data-widget_type=\"text-editor.default\">\n\t\t\t\t\t\t\t\t\t<p>Este no es otro listado de las mujeres m\u00e1s top, las que consiguieron romper los techos de cristal, las m\u00e1s excelentes de las m\u00e1s excelentes. Este es un listado de mujeres con trayectorias y dispuestas a dar un paso adelante, aportando su voz desde su expertise y diversidad profesional.<\/p><p>Por eso no quisimos tener un corte que, una vez m\u00e1s, sea un obst\u00e1culo, un sesgo y haga sentir que solamente las mejores merecen estar, que el resto son \u201cimpostoras\u201d.<\/p><p>Hay miles de eventos diferentes todos los d\u00edas. M\u00e1s o menos profesionales, mis o menos remunerados, con orientaci\u00f3n m\u00e1s profesional o personal. Desde PRESENTES queremos demostrar que hay mujeres para todos ellos.<\/p>\t\t\t\t\t\t\t\t<\/div>\n\t\t\t\t<\/div>\n\t\t<div class=\"elementor-element elementor-element-46b6f61 e-con-full e-flex e-con e-child\" data-id=\"46b6f61\" data-element_type=\"container\" data-e-type=\"container\">\n\t\t\t\t<div class=\"elementor-element elementor-element-a78dedc elementor-widget elementor-widget-heading\" data-id=\"a78dedc\" data-element_type=\"widget\" data-e-type=\"widget\" data-widget_type=\"heading.default\">\n\t\t\t\t\t<h3 class=\"elementor-heading-title elementor-size-default\">FILTROS Y ETIQUETAS<\/h3>\t\t\t\t<\/div>\n\t\t\t\t<div class=\"elementor-element elementor-element-f81c07a elementor-widget__width-initial elementor-widget elementor-widget-text-editor\" data-id=\"f81c07a\" data-element_type=\"widget\" data-e-type=\"widget\" data-widget_type=\"text-editor.default\">\n\t\t\t\t\t\t\t\t\t<p>La mirada de este proyecto es feminista e interseccional. M\u00e1s all\u00e1 de la usabilidad y la facilidad para encontrar el perfil adecuado para las distintas tipolog\u00edas de eventos; nos importa, desde esta mirada, visibilizar la pertenencia a diferentes colectivos. Pues, a menudo, esto tambi\u00e9n supone un aumento de la discriminaci\u00f3n y falta de representatividad y presencia en los espacios p\u00fablicos. Por eso, resulta imprescindible recogerlo aqu\u00ed, teniendo en cuenta que est\u00e1 dentro de la categor\u00eda \u201cser muller\u201d. Cada mujer de la comunidad PRESENTES puede elegir las etiquetas de identificaci\u00f3n que se ajusten a su sentir, si as\u00ed lo quieren. De este modo, quien organice un evento, puede buscar activamente mujeres profesionales pero que adem\u00e1s formen parte del colectivo LGBTI, que sean migrantes o que tengan alg\u00fan tipo de discapacidad, entre otras.<\/p>\t\t\t\t\t\t\t\t<\/div>\n\t\t\t\t<\/div>\n\t\t<div class=\"elementor-element elementor-element-21a23c5 e-con-full e-flex e-con e-child\" data-id=\"21a23c5\" data-element_type=\"container\" data-e-type=\"container\">\n\t\t\t\t<div class=\"elementor-element elementor-element-5b9d1ea elementor-widget elementor-widget-heading\" data-id=\"5b9d1ea\" data-element_type=\"widget\" data-e-type=\"widget\" data-widget_type=\"heading.default\">\n\t\t\t\t\t<h3 class=\"elementor-heading-title elementor-size-default\">EL OBJETIVO<\/h3>\t\t\t\t<\/div>\n\t\t\t\t<div class=\"elementor-element elementor-element-bad7c8f elementor-widget__width-initial elementor-widget elementor-widget-text-editor\" data-id=\"bad7c8f\" data-element_type=\"widget\" data-e-type=\"widget\" data-widget_type=\"text-editor.default\">\n\t\t\t\t\t\t\t\t\t<p>El objetivo de la Xunta de Galicia con este proyecto es poner a disposici\u00f3n de toda la sociedad una comunidad que visibilice e gran volumen de mujeres profesionales que tienen una voz acreditada en sus \u00e1reas de especializaci\u00f3n. Es una herramienta para facilitar\u00a0 su identificaci\u00f3n para todas las organizadoras de eventos, medios de comunicaci\u00f3n y, en general, cualquier \u00e1mbito de la comunicaci\u00f3n. Desde la Xunta de Galicia asumimos el compromiso de identificar a estas profesionales pero non nos podemos hacer responsables de opiniones y acciones llevadas a cabo por cada una de ellas.<\/p>\t\t\t\t\t\t\t\t<\/div>\n\t\t\t\t<\/div>\n\t\t\t\t<\/div>\n\t\t\t\t<\/div>\n\t\t\t\t<\/div>\n\t\t","protected":false},"excerpt":{"rendered":"<p>Te damos labienvenida aPRESENTES Un proyecto creado por la Xunta de Galicia para promover que las mujeres accedan y participen de forma activa e igualitaria en la toma de decisiones en todos los espacios; sean p\u00fablicos, privados, acad\u00e9micos o sociales. Por qu\u00e9 hacemos esto Contar con referentes femeninos es fundamental para lograr la igualdad de [&hellip;]<\/p>\n","protected":false},"author":1,"featured_media":2551,"parent":0,"menu_order":0,"comment_status":"closed","ping_status":"closed","template":"elementor_header_footer","meta":{"footnotes":""},"class_list":["post-2573","page","type-page","status-publish","has-post-thumbnail","hentry"],"_links":{"self":[{"href":"http:\/\/presentes.imaisd.es\/es\/wp-json\/wp\/v2\/pages\/2573","targetHints":{"allow":["GET"]}}],"collection":[{"href":"http:\/\/presentes.imaisd.es\/es\/wp-json\/wp\/v2\/pages"}],"about":[{"href":"http:\/\/presentes.imaisd.es\/es\/wp-json\/wp\/v2\/types\/page"}],"author":[{"embeddable":true,"href":"http:\/\/presentes.imaisd.es\/es\/wp-json\/wp\/v2\/users\/1"}],"replies":[{"embeddable":true,"href":"http:\/\/presentes.imaisd.es\/es\/wp-json\/wp\/v2\/comments?post=2573"}],"version-history":[{"count":4,"href":"http:\/\/presentes.imaisd.es\/es\/wp-json\/wp\/v2\/pages\/2573\/revisions"}],"predecessor-version":[{"id":2664,"href":"http:\/\/presentes.imaisd.es\/es\/wp-json\/wp\/v2\/pages\/2573\/revisions\/2664"}],"wp:featuredmedia":[{"embeddable":true,"href":"http:\/\/presentes.imaisd.es\/es\/wp-json\/wp\/v2\/media\/2551"}],"wp:attachment":[{"href":"http:\/\/presentes.imaisd.es\/es\/wp-json\/wp\/v2\/media?parent=2573"}],"curies":[{"name":"wp","href":"https:\/\/api.w.org\/{rel}","templated":true}]}}